{"id":998,"date":"2017-10-25T17:44:06","date_gmt":"2017-10-25T22:44:06","guid":{"rendered":"http:\/\/davidbyrdconsulting.com\/?post_type=product&#038;p=998"},"modified":"2024-08-10T04:54:01","modified_gmt":"2024-08-10T08:54:01","slug":"spanish-achievement-planner-starter-kit-2","status":"publish","type":"product","link":"https:\/\/byrdgroup.com\/es\/producto\/spanish-achievement-planner-starter-kit-2\/","title":{"rendered":"Next Level Achievement System \u2122 Planificador de logros en espa\u00f1ol de 6 meses KIT DE INICIO"},"content":{"rendered":"<p>El sistema de logros Next Level Achievement System \u2122 de David Byrd es el resultado de m\u00e1s de 30 a\u00f1os de experiencia y experiencia. Este sistema es f\u00e1cil de entender, de implementar y de duplicar dentro de su organizaci\u00f3n.<\/p>\n<p>Con el Kit de Inicio del Planificador de Logros en Espa\u00f1ol de 6 meses, recibir\u00e1 una gu\u00eda de inicio, Gu\u00eda, Audio Instructivo, 3 planificadores en espiral que incluyen 6 meses de Calendario y P\u00e1ginas Diarias, An\u00e1lisis de Eficacia Mensual, Planificador de Conferencias, Hojas de Seguimiento de Indicadores Clave Semanal de Desempe\u00f1o , Hojas de seguimiento de 1-31 d\u00edas, an\u00e1lisis de perspectiva y p\u00e1ginas de notas.<\/p>\n<p>El creador del sistema, David Byrd, describe The Next Level Achievement System \u2122 de esta manera:<\/p>\n<p>\u201c\u00a1El desarrollo efectivo del potencial humano requiere un sistema simple y efectivo que simplemente funcione! Olv\u00eddese de la elegante redacci\u00f3n y todas las campanas y silbidos y busque un sistema probado que ofrezca resultados medibles &quot;.<\/p>","protected":false},"excerpt":{"rendered":"<p style=\"text-align: center;\"><strong>Espa\u00f1ol Paquete inicial<\/strong><\/p>\n<p>&nbsp;<\/p>","protected":false},"featured_media":999,"comment_status":"open","ping_status":"closed","template":"","meta":{"_acf_changed":false},"product_brand":[],"product_cat":[59],"product_tag":[],"class_list":{"0":"post-998","1":"product","2":"type-product","3":"status-publish","4":"has-post-thumbnail","6":"qsciences-qsciences","7":"product_cat-planners","9":"first","10":"instock","11":"downloadable","12":"taxable","13":"shipping-taxable","14":"purchasable","15":"product-type-simple"},"bundled_by":["1054"],"bundle_stock_status":"instock","bundle_stock_quantity":290,"bundle_virtual":false,"bundle_layout":"","bundle_add_to_cart_form_location":"","bundle_editable_in_cart":false,"bundle_sold_individually_context":"","bundle_item_grouping":"","bundle_min_size":"","bundle_max_size":"","bundle_price":[],"bundled_items":[],"bundle_sell_ids":[],"acf":[],"_links":{"self":[{"href":"https:\/\/byrdgroup.com\/es\/wp-json\/wp\/v2\/product\/998","targetHints":{"allow":["GET"]}}],"collection":[{"href":"https:\/\/byrdgroup.com\/es\/wp-json\/wp\/v2\/product"}],"about":[{"href":"https:\/\/byrdgroup.com\/es\/wp-json\/wp\/v2\/types\/product"}],"replies":[{"embeddable":true,"href":"https:\/\/byrdgroup.com\/es\/wp-json\/wp\/v2\/comments?post=998"}],"wp:featuredmedia":[{"embeddable":true,"href":"https:\/\/byrdgroup.com\/es\/wp-json\/wp\/v2\/media\/999"}],"wp:attachment":[{"href":"https:\/\/byrdgroup.com\/es\/wp-json\/wp\/v2\/media?parent=998"}],"wp:term":[{"taxonomy":"product_brand","embeddable":true,"href":"https:\/\/byrdgroup.com\/es\/wp-json\/wp\/v2\/product_brand?post=998"},{"taxonomy":"product_cat","embeddable":true,"href":"https:\/\/byrdgroup.com\/es\/wp-json\/wp\/v2\/product_cat?post=998"},{"taxonomy":"product_tag","embeddable":true,"href":"https:\/\/byrdgroup.com\/es\/wp-json\/wp\/v2\/product_tag?post=998"}],"curies":[{"name":"wp","href":"https:\/\/api.w.org\/{rel}","templated":true}]}}