{"id":987,"date":"2017-10-25T12:26:04","date_gmt":"2017-10-25T17:26:04","guid":{"rendered":"http:\/\/davidbyrdconsulting.com\/?post_type=product&#038;p=987"},"modified":"2025-12-19T11:08:50","modified_gmt":"2025-12-19T16:08:50","slug":"cd-for-the-next-level-achievement-system-how-to-use-the-achievement-planner","status":"publish","type":"product","link":"https:\/\/byrdgroup.com\/es\/producto\/cd-for-the-next-level-achievement-system-how-to-use-the-achievement-planner\/","title":{"rendered":"CD para el Sistema de Logros de Siguiente Nivel: C\u00f3mo usar The Achievement Planner \u2122"},"content":{"rendered":"<p>En este CD de audio, el mismo David Byrd lo guiar\u00e1 a trav\u00e9s de la configuraci\u00f3n de The Achievement Planner \u2122 y le brindar\u00e1 instrucciones completas para implementar The Next Level Achievement System \u2122. El CD de audio viene con una descarga gratuita.<\/p>","protected":false},"excerpt":{"rendered":"<p>En este CD de audio, el mismo David Byrd lo guiar\u00e1 a trav\u00e9s de la configuraci\u00f3n de The Achievement Planner \u2122 y le brindar\u00e1 instrucciones completas para implementar The Next Level Achievement System \u2122. El CD de audio viene con una descarga gratuita.<\/p>","protected":false},"featured_media":988,"comment_status":"open","ping_status":"closed","template":"","meta":{"_acf_changed":false},"product_brand":[],"product_cat":[60],"product_tag":[],"class_list":{"0":"post-987","1":"product","2":"type-product","3":"status-publish","4":"has-post-thumbnail","6":"product_cat-books","8":"first","9":"outofstock","10":"downloadable","11":"taxable","12":"shipping-taxable","13":"purchasable","14":"product-type-simple"},"bundled_by":["811","798","1202","1201","1033","17685","17686","19258","20397","20399","21041","24210"],"bundle_stock_status":"outofstock","bundle_stock_quantity":0,"bundle_virtual":false,"bundle_layout":"","bundle_add_to_cart_form_location":"","bundle_editable_in_cart":false,"bundle_sold_individually_context":"","bundle_item_grouping":"","bundle_min_size":"","bundle_max_size":"","bundle_price":[],"bundled_items":[],"bundle_sell_ids":[],"acf":[],"_links":{"self":[{"href":"https:\/\/byrdgroup.com\/es\/wp-json\/wp\/v2\/product\/987","targetHints":{"allow":["GET"]}}],"collection":[{"href":"https:\/\/byrdgroup.com\/es\/wp-json\/wp\/v2\/product"}],"about":[{"href":"https:\/\/byrdgroup.com\/es\/wp-json\/wp\/v2\/types\/product"}],"replies":[{"embeddable":true,"href":"https:\/\/byrdgroup.com\/es\/wp-json\/wp\/v2\/comments?post=987"}],"wp:featuredmedia":[{"embeddable":true,"href":"https:\/\/byrdgroup.com\/es\/wp-json\/wp\/v2\/media\/988"}],"wp:attachment":[{"href":"https:\/\/byrdgroup.com\/es\/wp-json\/wp\/v2\/media?parent=987"}],"wp:term":[{"taxonomy":"product_brand","embeddable":true,"href":"https:\/\/byrdgroup.com\/es\/wp-json\/wp\/v2\/product_brand?post=987"},{"taxonomy":"product_cat","embeddable":true,"href":"https:\/\/byrdgroup.com\/es\/wp-json\/wp\/v2\/product_cat?post=987"},{"taxonomy":"product_tag","embeddable":true,"href":"https:\/\/byrdgroup.com\/es\/wp-json\/wp\/v2\/product_tag?post=987"}],"curies":[{"name":"wp","href":"https:\/\/api.w.org\/{rel}","templated":true}]}}