{"id":983,"date":"2017-10-25T17:17:49","date_gmt":"2017-10-25T17:17:49","guid":{"rendered":"http:\/\/davidbyrdconsulting.com\/?post_type=product&#038;p=983"},"modified":"2021-05-17T09:48:31","modified_gmt":"2021-05-17T14:48:31","slug":"the-tripping-point-in-leadership-audio-download-only","status":"publish","type":"product","link":"https:\/\/byrdgroup.com\/es\/producto\/the-tripping-point-in-leadership-audio-download-only\/","title":{"rendered":"SOLO descarga de audio de The Tripping Point in Leadership"},"content":{"rendered":"<p>Versi\u00f3n de descarga de MP3 disponible al instante:<\/p>\n<p>La narraci\u00f3n personal de David Byrd de su libro m\u00e1s vendido &quot;The Tripping Point in Leadership&quot;, que sigue siendo su m\u00e1s vendido durante m\u00e1s de cinco a\u00f1os. El Sr. Paul J. Meyer dice en el Pr\u00f3logo,\u00a0<strong><em>&quot;David Byrd, maestro ejecutivo y entrenador, lo ha clavado como ning\u00fan otro&quot;.<\/em><\/strong>\u00a0Este libro describe la base psicol\u00f3gica de su sistema. Adem\u00e1s, describe las seis cualidades de un l\u00edder eficaz y c\u00f3mo un l\u00edder eficaz influye positivamente en una organizaci\u00f3n.<\/p>","protected":false},"excerpt":{"rendered":"<p>MP3 Download version available instantly: David Byrd&#8217;s own personal narration of his best-selling book &#8220;The Tripping Point in Leadership&#8221;, which remains his top seller for more than five years. Mr. Paul J. Meyer says in the Foreword,\u00a0&#8220;David Byrd, master executive and trainer, has nailed it like none other.&#8221;\u00a0This book outlines the psychological foundation of his [&hellip;]<\/p>\n","protected":false},"featured_media":1215,"comment_status":"open","ping_status":"closed","template":"","meta":{"_acf_changed":false},"product_brand":[],"product_cat":[60,93],"product_tag":[],"class_list":{"0":"post-983","1":"product","2":"type-product","3":"status-publish","4":"has-post-thumbnail","6":"product_cat-books","7":"product_cat-shopremoval","9":"first","10":"instock","11":"downloadable","12":"virtual","13":"taxable","14":"purchasable","15":"product-type-simple"},"bundled_by":["972","1043","798","17685","34651"],"bundle_stock_status":"instock","bundle_stock_quantity":null,"bundle_virtual":false,"bundle_layout":"","bundle_add_to_cart_form_location":"","bundle_editable_in_cart":false,"bundle_sold_individually_context":"","bundle_item_grouping":"","bundle_min_size":"","bundle_max_size":"","bundle_price":[],"bundled_items":[],"bundle_sell_ids":[],"acf":[],"_links":{"self":[{"href":"https:\/\/byrdgroup.com\/es\/wp-json\/wp\/v2\/product\/983","targetHints":{"allow":["GET"]}}],"collection":[{"href":"https:\/\/byrdgroup.com\/es\/wp-json\/wp\/v2\/product"}],"about":[{"href":"https:\/\/byrdgroup.com\/es\/wp-json\/wp\/v2\/types\/product"}],"replies":[{"embeddable":true,"href":"https:\/\/byrdgroup.com\/es\/wp-json\/wp\/v2\/comments?post=983"}],"wp:featuredmedia":[{"embeddable":true,"href":"https:\/\/byrdgroup.com\/es\/wp-json\/wp\/v2\/media\/1215"}],"wp:attachment":[{"href":"https:\/\/byrdgroup.com\/es\/wp-json\/wp\/v2\/media?parent=983"}],"wp:term":[{"taxonomy":"product_brand","embeddable":true,"href":"https:\/\/byrdgroup.com\/es\/wp-json\/wp\/v2\/product_brand?post=983"},{"taxonomy":"product_cat","embeddable":true,"href":"https:\/\/byrdgroup.com\/es\/wp-json\/wp\/v2\/product_cat?post=983"},{"taxonomy":"product_tag","embeddable":true,"href":"https:\/\/byrdgroup.com\/es\/wp-json\/wp\/v2\/product_tag?post=983"}],"curies":[{"name":"wp","href":"https:\/\/api.w.org\/{rel}","templated":true}]}}