{"id":981,"date":"2017-10-25T12:15:58","date_gmt":"2017-10-25T17:15:58","guid":{"rendered":"http:\/\/davidbyrdconsulting.com\/?post_type=product&#038;p=981"},"modified":"2025-09-08T18:11:58","modified_gmt":"2025-09-08T22:11:58","slug":"the-tripping-point-in-leadership-softcover-book","status":"publish","type":"product","link":"https:\/\/byrdgroup.com\/es\/producto\/the-tripping-point-in-leadership-softcover-book\/","title":{"rendered":"The Tripping Point In Leadership (Libro de tapa blanda)"},"content":{"rendered":"<p>El libro m\u00e1s vendido de David Byrd, &quot;The Tripping Point in Leadership&quot;, sigue siendo su m\u00e1s vendido durante m\u00e1s de cinco a\u00f1os. El Sr. Paul J. Meyer dice en el Pr\u00f3logo,\u00a0<strong><em>&quot;David Byrd, maestro ejecutivo y entrenador, lo ha clavado como ning\u00fan otro&quot;.<\/em><\/strong>\u00a0Este libro describe la base psicol\u00f3gica de su sistema. Adem\u00e1s, describe las seis cualidades de un l\u00edder eficaz y c\u00f3mo un l\u00edder eficaz influye positivamente en una organizaci\u00f3n<\/p>","protected":false},"excerpt":{"rendered":"<p>David Byrd&#8217;s best-selling book, &#8220;The Tripping Point in Leadership&#8221;, remains his top seller for more than five years. Mr. Paul J. Meyer says in the Foreword,\u00a0&#8220;David Byrd, master executive and trainer, has nailed it like none other.&#8221;\u00a0This book outlines the psychological foundation of his system. In addition, it describes the six qualities of an effective [&hellip;]<\/p>\n","protected":false},"featured_media":1213,"comment_status":"open","ping_status":"closed","template":"","meta":{"_acf_changed":false},"product_brand":[],"product_cat":[60,93],"product_tag":[],"class_list":{"0":"post-981","1":"product","2":"type-product","3":"status-publish","4":"has-post-thumbnail","6":"product_cat-books","7":"product_cat-shopremoval","9":"first","10":"instock","11":"taxable","12":"shipping-taxable","13":"purchasable","14":"product-type-simple"},"bundled_by":["976","970","972","1043","21042","34651"],"bundle_stock_status":"instock","bundle_stock_quantity":4224,"bundle_virtual":false,"bundle_layout":"","bundle_add_to_cart_form_location":"","bundle_editable_in_cart":false,"bundle_sold_individually_context":"","bundle_item_grouping":"","bundle_min_size":"","bundle_max_size":"","bundle_price":[],"bundled_items":[],"bundle_sell_ids":[],"acf":[],"_links":{"self":[{"href":"https:\/\/byrdgroup.com\/es\/wp-json\/wp\/v2\/product\/981","targetHints":{"allow":["GET"]}}],"collection":[{"href":"https:\/\/byrdgroup.com\/es\/wp-json\/wp\/v2\/product"}],"about":[{"href":"https:\/\/byrdgroup.com\/es\/wp-json\/wp\/v2\/types\/product"}],"replies":[{"embeddable":true,"href":"https:\/\/byrdgroup.com\/es\/wp-json\/wp\/v2\/comments?post=981"}],"wp:featuredmedia":[{"embeddable":true,"href":"https:\/\/byrdgroup.com\/es\/wp-json\/wp\/v2\/media\/1213"}],"wp:attachment":[{"href":"https:\/\/byrdgroup.com\/es\/wp-json\/wp\/v2\/media?parent=981"}],"wp:term":[{"taxonomy":"product_brand","embeddable":true,"href":"https:\/\/byrdgroup.com\/es\/wp-json\/wp\/v2\/product_brand?post=981"},{"taxonomy":"product_cat","embeddable":true,"href":"https:\/\/byrdgroup.com\/es\/wp-json\/wp\/v2\/product_cat?post=981"},{"taxonomy":"product_tag","embeddable":true,"href":"https:\/\/byrdgroup.com\/es\/wp-json\/wp\/v2\/product_tag?post=981"}],"curies":[{"name":"wp","href":"https:\/\/api.w.org\/{rel}","templated":true}]}}