{"id":974,"date":"2017-10-25T12:12:02","date_gmt":"2017-10-25T17:12:02","guid":{"rendered":"http:\/\/davidbyrdconsulting.com\/?post_type=product&#038;p=974"},"modified":"2026-03-29T15:31:04","modified_gmt":"2026-03-29T19:31:04","slug":"the-language-of-achievement-softcover-book","status":"publish","type":"product","link":"https:\/\/byrdgroup.com\/es\/producto\/the-language-of-achievement-softcover-book\/","title":{"rendered":"The Language of Achievement (Libro de tapa blanda)"},"content":{"rendered":"<p>\u201c\u00a1Las palabras tienen poder, pero solo cuando se usan en un contexto com\u00fan y compartido!\u201d El libro de David Byrd, \u201cThe Language of Achievement\u201d, analiza el poder de una comprensi\u00f3n com\u00fan de las palabras y frases utilizadas en el Sistema de Logro de Siguiente Nivel.<\/p>\n<p>La Parte 1 habla sobre la necesidad de un sistema de logros de sentido com\u00fan, duplicable. La parte 2 describe el sistema de logros de siguiente nivel. La Parte 3 explica el proceso de desarrollo de un desarrollo de lenguaje com\u00fan y compartido.<\/p>\n<p>El libro incluye un completo glosario de t\u00e9rminos y frases con definiciones y explicaciones de las definiciones. Esta es una lectura obligada para cualquier l\u00edder de la organizaci\u00f3n.<\/p>","protected":false},"excerpt":{"rendered":"<p>&#8220;Words have power, but only when used in a common, shared context!&#8221; David Byrd&#8217;s book, &#8220;The Language of Achievement&#8221;, discusses the power of a common understanding of the words and phrases used within The Next Level Achievement System. Part 1 talks about the need for a common sense, duplicable system of achievement.\u00a0\u00a0Part 2 outlines The [&hellip;]<\/p>\n","protected":false},"featured_media":1218,"comment_status":"open","ping_status":"closed","template":"","meta":{"_acf_changed":false},"product_brand":[],"product_cat":[60],"product_tag":[],"class_list":{"0":"post-974","1":"product","2":"type-product","3":"status-publish","4":"has-post-thumbnail","6":"product_cat-books","8":"first","9":"instock","10":"taxable","11":"shipping-taxable","12":"purchasable","13":"product-type-simple"},"bundled_by":["798","970","972","1014","17685","21042","34651"],"bundle_stock_status":"instock","bundle_stock_quantity":970,"bundle_virtual":false,"bundle_layout":"","bundle_add_to_cart_form_location":"","bundle_editable_in_cart":false,"bundle_sold_individually_context":"","bundle_item_grouping":"","bundle_min_size":"","bundle_max_size":"","bundle_price":[],"bundled_items":[],"bundle_sell_ids":[],"acf":[],"_links":{"self":[{"href":"https:\/\/byrdgroup.com\/es\/wp-json\/wp\/v2\/product\/974","targetHints":{"allow":["GET"]}}],"collection":[{"href":"https:\/\/byrdgroup.com\/es\/wp-json\/wp\/v2\/product"}],"about":[{"href":"https:\/\/byrdgroup.com\/es\/wp-json\/wp\/v2\/types\/product"}],"replies":[{"embeddable":true,"href":"https:\/\/byrdgroup.com\/es\/wp-json\/wp\/v2\/comments?post=974"}],"wp:featuredmedia":[{"embeddable":true,"href":"https:\/\/byrdgroup.com\/es\/wp-json\/wp\/v2\/media\/1218"}],"wp:attachment":[{"href":"https:\/\/byrdgroup.com\/es\/wp-json\/wp\/v2\/media?parent=974"}],"wp:term":[{"taxonomy":"product_brand","embeddable":true,"href":"https:\/\/byrdgroup.com\/es\/wp-json\/wp\/v2\/product_brand?post=974"},{"taxonomy":"product_cat","embeddable":true,"href":"https:\/\/byrdgroup.com\/es\/wp-json\/wp\/v2\/product_cat?post=974"},{"taxonomy":"product_tag","embeddable":true,"href":"https:\/\/byrdgroup.com\/es\/wp-json\/wp\/v2\/product_tag?post=974"}],"curies":[{"name":"wp","href":"https:\/\/api.w.org\/{rel}","templated":true}]}}