{"id":964,"date":"2017-10-25T11:50:30","date_gmt":"2017-10-25T16:50:30","guid":{"rendered":"http:\/\/davidbyrdconsulting.com\/?post_type=product&#038;p=964"},"modified":"2026-04-23T09:15:11","modified_gmt":"2026-04-23T13:15:11","slug":"affirmation-card-set","status":"publish","type":"product","link":"https:\/\/byrdgroup.com\/es\/producto\/affirmation-card-set\/","title":{"rendered":"Conjunto de tarjeta de afirmaci\u00f3n"},"content":{"rendered":"<p>Estamos muy contentos de lanzar nuestro Conjunto de tarjetas de Afirmaci\u00f3n. El soporte de acr\u00edlico personalizado incluye 52 de David Byrd&#039;s\u00a0<em><strong>personal<\/strong><\/em>\u00a0Afirmaciones - una por cada semana durante todo el a\u00f1o. Esta es una gran herramienta de desarrollo personal para tener en tu escritorio y un gran regalo para dar a tus amigos y compa\u00f1eros de trabajo. Cada tarjeta mide 3-1 \/ 2 &quot;x 2&quot;, el porta acr\u00edlico personalizado mide 3-1 \/ 2 &quot;x 2&quot; x 2 &quot;.<\/p>\n<p><strong><em>Este art\u00edculo se env\u00eda por separado.<\/em><\/strong><\/p>","protected":false},"excerpt":{"rendered":"<p>Un conjunto de 52 afirmaciones personales de David Byrd en un soporte de acr\u00edlico personalizado.<\/p>","protected":false},"featured_media":1222,"comment_status":"open","ping_status":"closed","template":"","meta":{"_acf_changed":false},"product_brand":[],"product_cat":[62],"product_tag":[],"class_list":{"0":"post-964","1":"product","2":"type-product","3":"status-publish","4":"has-post-thumbnail","6":"product_cat-meditation-tools","8":"first","9":"instock","10":"featured","11":"taxable","12":"shipping-taxable","13":"purchasable","14":"product-type-simple"},"bundled_by":[],"bundle_stock_status":"instock","bundle_stock_quantity":50,"bundle_virtual":false,"bundle_layout":"","bundle_add_to_cart_form_location":"","bundle_editable_in_cart":false,"bundle_sold_individually_context":"","bundle_item_grouping":"","bundle_min_size":"","bundle_max_size":"","bundle_price":[],"bundled_items":[],"bundle_sell_ids":[],"acf":[],"_links":{"self":[{"href":"https:\/\/byrdgroup.com\/es\/wp-json\/wp\/v2\/product\/964","targetHints":{"allow":["GET"]}}],"collection":[{"href":"https:\/\/byrdgroup.com\/es\/wp-json\/wp\/v2\/product"}],"about":[{"href":"https:\/\/byrdgroup.com\/es\/wp-json\/wp\/v2\/types\/product"}],"replies":[{"embeddable":true,"href":"https:\/\/byrdgroup.com\/es\/wp-json\/wp\/v2\/comments?post=964"}],"wp:featuredmedia":[{"embeddable":true,"href":"https:\/\/byrdgroup.com\/es\/wp-json\/wp\/v2\/media\/1222"}],"wp:attachment":[{"href":"https:\/\/byrdgroup.com\/es\/wp-json\/wp\/v2\/media?parent=964"}],"wp:term":[{"taxonomy":"product_brand","embeddable":true,"href":"https:\/\/byrdgroup.com\/es\/wp-json\/wp\/v2\/product_brand?post=964"},{"taxonomy":"product_cat","embeddable":true,"href":"https:\/\/byrdgroup.com\/es\/wp-json\/wp\/v2\/product_cat?post=964"},{"taxonomy":"product_tag","embeddable":true,"href":"https:\/\/byrdgroup.com\/es\/wp-json\/wp\/v2\/product_tag?post=964"}],"curies":[{"name":"wp","href":"https:\/\/api.w.org\/{rel}","templated":true}]}}