{"id":954,"date":"2017-10-25T16:40:55","date_gmt":"2017-10-25T16:40:55","guid":{"rendered":"http:\/\/davidbyrdconsulting.com\/?post_type=product&#038;p=954"},"modified":"2024-07-11T04:23:24","modified_gmt":"2024-07-11T08:23:24","slug":"mind-movies","status":"publish","type":"product","link":"https:\/\/byrdgroup.com\/es\/producto\/mind-movies\/","title":{"rendered":"Pel\u00edculas de la mente"},"content":{"rendered":"<p>El kit de creaci\u00f3n Mind Movies 4.0 es una herramienta de visualizaci\u00f3n transformacional de &quot;pr\u00f3xima generaci\u00f3n&quot; que te permite crear un &quot;tablero de video visi\u00f3n&quot; de 3 minutos de tu vida perfecta: una &quot;pel\u00edcula mental&quot;. \u00a1Su pel\u00edcula mental est\u00e1 llena de afirmaciones poderosas, im\u00e1genes hermosas, clips de video motivadores y m\u00fasica inspiradora! Es s\u00faper simple de hacer y al observarlo durante solo 3 minutos al d\u00eda, est\u00e1s &#039;reprogramando&#039; tu mente subconsciente para que tu vida ideal se haga realidad.<\/p>\n<h4>Mind Movies hace crecimiento personal.\u00a0<em>m\u00e1s f\u00e1cil<\/em>\u00a0y m\u00e1s\u00a0<em>divertido<\/em>\u00a0que nunca<\/h4>\n<ul>\n<li>Se puede aprender en minutos ... sin necesidad de conocimientos de computadora o video<\/li>\n<li>Tarda solo 3 minutos al d\u00eda.<\/li>\n<li>Activa la transformaci\u00f3n subconsciente instant\u00e1nea, profunda y duradera.<\/li>\n<li>Flexible; Haz cualquier video sobre cualquier tema<\/li>\n<li>Totalmente personalizable; Inserta tus propios videos, m\u00fasica e im\u00e1genes.<\/li>\n<li>Descargable a su computadora, tel\u00e9fono inteligente o tableta<\/li>\n<li>Compartible con amigos en las redes sociales.<\/li>\n<li>Funciona en cualquier computadora, Windows o Apple.<\/li>\n<\/ul>\n<p><img decoding=\"async\" class=\"size-full wp-image-959 alignnone\" src=\"http:\/\/davidbyrdconsulting.com\/wp-content\/uploads\/2017\/10\/Create-It-1.png\" alt=\"\" width=\"967\" height=\"346\" srcset=\"https:\/\/byrdgroup.com\/wp-content\/uploads\/2017\/10\/Create-It-1.png 967w, https:\/\/byrdgroup.com\/wp-content\/uploads\/2017\/10\/Create-It-1-300x107.png 300w, https:\/\/byrdgroup.com\/wp-content\/uploads\/2017\/10\/Create-It-1-768x275.png 768w, https:\/\/byrdgroup.com\/wp-content\/uploads\/2017\/10\/Create-It-1-18x6.png 18w, https:\/\/byrdgroup.com\/wp-content\/uploads\/2017\/10\/Create-It-1-200x72.png 200w, https:\/\/byrdgroup.com\/wp-content\/uploads\/2017\/10\/Create-It-1-600x215.png 600w\" sizes=\"(max-width: 967px) 100vw, 967px\" \/><\/p>\n<p>1. usted\u00a0<strong>CREAR<\/strong>\u00a0su propia &#039;Mind Movie&#039; personalizada, utilizando nuestro software de creaci\u00f3n f\u00e1cil (cualquiera puede hacerlo, y solo toma unos minutos).<\/p>\n<p>2. tu\u00a0<strong>RELOJ<\/strong>\u00a0Su pel\u00edcula mental, y la tecnolog\u00eda de visualizaci\u00f3n y afirmaci\u00f3n reprograman naturalmente su mente subconsciente para estar en armon\u00eda con sus sue\u00f1os y deseos.<\/p>\n<p>3. Tu mente subconsciente trabaja entonces en piloto autom\u00e1tico para\u00a0<strong>MANIFIESTO<\/strong>\u00a0Sus resultados deseados en la realidad.<\/p>","protected":false},"excerpt":{"rendered":"<p>Mind Movies transforma una tabla de visi\u00f3n aburrida en una diversi\u00f3n,<em><strong>tablero de video digital\u00a0<\/strong><\/em>Lleno de afirmaciones positivas, im\u00e1genes inspiradoras y m\u00fasica motivadora.<\/p>\n<p>Obt\u00e9n el poder para alcanzar tus objetivos a trav\u00e9s de Mind Movies. Estos videos cortos est\u00e1n dise\u00f1ados para que su mente se encuentre en el modo de &quot;manifestaci\u00f3n&quot; m\u00e1xima, en tan solo unos minutos divertidos al d\u00eda.<\/p>","protected":false},"featured_media":1207,"comment_status":"open","ping_status":"closed","template":"","meta":{"_acf_changed":false},"product_brand":[],"product_cat":[62],"product_tag":[],"class_list":{"0":"post-954","1":"product","2":"type-product","3":"status-publish","4":"has-post-thumbnail","6":"product_cat-meditation-tools","8":"first","9":"instock","10":"virtual","11":"taxable","12":"purchasable","13":"product-type-simple"},"bundled_by":[],"bundle_stock_status":"instock","bundle_stock_quantity":null,"bundle_virtual":false,"bundle_layout":"","bundle_add_to_cart_form_location":"","bundle_editable_in_cart":false,"bundle_sold_individually_context":"","bundle_item_grouping":"","bundle_min_size":"","bundle_max_size":"","bundle_price":[],"bundled_items":[],"bundle_sell_ids":[],"acf":[],"_links":{"self":[{"href":"https:\/\/byrdgroup.com\/es\/wp-json\/wp\/v2\/product\/954","targetHints":{"allow":["GET"]}}],"collection":[{"href":"https:\/\/byrdgroup.com\/es\/wp-json\/wp\/v2\/product"}],"about":[{"href":"https:\/\/byrdgroup.com\/es\/wp-json\/wp\/v2\/types\/product"}],"replies":[{"embeddable":true,"href":"https:\/\/byrdgroup.com\/es\/wp-json\/wp\/v2\/comments?post=954"}],"wp:featuredmedia":[{"embeddable":true,"href":"https:\/\/byrdgroup.com\/es\/wp-json\/wp\/v2\/media\/1207"}],"wp:attachment":[{"href":"https:\/\/byrdgroup.com\/es\/wp-json\/wp\/v2\/media?parent=954"}],"wp:term":[{"taxonomy":"product_brand","embeddable":true,"href":"https:\/\/byrdgroup.com\/es\/wp-json\/wp\/v2\/product_brand?post=954"},{"taxonomy":"product_cat","embeddable":true,"href":"https:\/\/byrdgroup.com\/es\/wp-json\/wp\/v2\/product_cat?post=954"},{"taxonomy":"product_tag","embeddable":true,"href":"https:\/\/byrdgroup.com\/es\/wp-json\/wp\/v2\/product_tag?post=954"}],"curies":[{"name":"wp","href":"https:\/\/api.w.org\/{rel}","templated":true}]}}