{"id":952,"date":"2017-10-25T11:38:59","date_gmt":"2017-10-25T16:38:59","guid":{"rendered":"http:\/\/davidbyrdconsulting.com\/?post_type=product&#038;p=952"},"modified":"2026-01-12T10:41:09","modified_gmt":"2026-01-12T15:41:09","slug":"1-pagesheet-lifter-clear","status":"publish","type":"product","link":"https:\/\/byrdgroup.com\/es\/producto\/1-pagesheet-lifter-clear\/","title":{"rendered":"1 - Levantador de p\u00e1gina \/ hoja - Borrar"},"content":{"rendered":"<p><span style=\"color: #555555;font-family: 'Helvetica Neue', Helvetica, Arial, sans-serif;font-size: 14px;font-style: normal;font-weight: 400;letter-spacing: normal;text-align: start;text-indent: 0px;background-color: #ffffff;float: none\">Los levantadores de p\u00e1ginas \/ hojas est\u00e1n dise\u00f1ados para ir en la parte delantera y trasera de la Carpeta est\u00e1ndar y de lujo de Achievement Planner \u2122, y en la Carpeta de almacenamiento de The Achievement Planner \u2122 para proteger las hojas delanteras y traseras. Con un precio individual de $ 2.25. Tenga en cuenta: 2 deben ser ordenados para hacer un conjunto.<\/span><\/p>","protected":false},"excerpt":{"rendered":"<p>Los levantadores de p\u00e1ginas \/ hojas est\u00e1n dise\u00f1ados para ir en la parte delantera y trasera de la Carpeta est\u00e1ndar y de lujo de Achievement Planner \u2122, y en la Carpeta de almacenamiento de The Achievement Planner \u2122 para proteger las hojas delanteras y traseras. Con un precio individual de $ 2.25. Tenga en cuenta: 2 deben ser ordenados para hacer un conjunto.<\/p>","protected":false},"featured_media":1221,"comment_status":"open","ping_status":"closed","template":"","meta":{"_acf_changed":false},"product_brand":[],"product_cat":[59],"product_tag":[],"class_list":{"0":"post-952","1":"product","2":"type-product","3":"status-publish","4":"has-post-thumbnail","6":"product_cat-planners","8":"first","9":"instock","10":"taxable","11":"shipping-taxable","12":"purchasable","13":"product-type-simple"},"bundled_by":[],"bundle_stock_status":"instock","bundle_stock_quantity":90,"bundle_virtual":false,"bundle_layout":"","bundle_add_to_cart_form_location":"","bundle_editable_in_cart":false,"bundle_sold_individually_context":"","bundle_item_grouping":"","bundle_min_size":"","bundle_max_size":"","bundle_price":[],"bundled_items":[],"bundle_sell_ids":[],"acf":[],"_links":{"self":[{"href":"https:\/\/byrdgroup.com\/es\/wp-json\/wp\/v2\/product\/952","targetHints":{"allow":["GET"]}}],"collection":[{"href":"https:\/\/byrdgroup.com\/es\/wp-json\/wp\/v2\/product"}],"about":[{"href":"https:\/\/byrdgroup.com\/es\/wp-json\/wp\/v2\/types\/product"}],"replies":[{"embeddable":true,"href":"https:\/\/byrdgroup.com\/es\/wp-json\/wp\/v2\/comments?post=952"}],"wp:featuredmedia":[{"embeddable":true,"href":"https:\/\/byrdgroup.com\/es\/wp-json\/wp\/v2\/media\/1221"}],"wp:attachment":[{"href":"https:\/\/byrdgroup.com\/es\/wp-json\/wp\/v2\/media?parent=952"}],"wp:term":[{"taxonomy":"product_brand","embeddable":true,"href":"https:\/\/byrdgroup.com\/es\/wp-json\/wp\/v2\/product_brand?post=952"},{"taxonomy":"product_cat","embeddable":true,"href":"https:\/\/byrdgroup.com\/es\/wp-json\/wp\/v2\/product_cat?post=952"},{"taxonomy":"product_tag","embeddable":true,"href":"https:\/\/byrdgroup.com\/es\/wp-json\/wp\/v2\/product_tag?post=952"}],"curies":[{"name":"wp","href":"https:\/\/api.w.org\/{rel}","templated":true}]}}