{"id":946,"date":"2017-10-25T11:35:07","date_gmt":"2017-10-25T16:35:07","guid":{"rendered":"http:\/\/davidbyrdconsulting.com\/?post_type=product&#038;p=946"},"modified":"2025-03-26T08:24:03","modified_gmt":"2025-03-26T12:24:03","slug":"effectiveness-analysis-25pk","status":"publish","type":"product","link":"https:\/\/byrdgroup.com\/es\/producto\/effectiveness-analysis-25pk\/","title":{"rendered":"An\u00e1lisis de efectividad (25 \/ pk)"},"content":{"rendered":"<p>El An\u00e1lisis de efectividad es parte de la secci\u00f3n de Seguimiento verde en The Achievement Planner \u2122 y se utiliza para hacer un seguimiento de su eficacia con sus actividades de alto rendimiento.<\/p>\n<p>Aseg\u00farese de completar esta hoja al final de cada mes a medida que avanza en el proceso de planificaci\u00f3n para el pr\u00f3ximo mes. Recuerda, lo que cuenta no es la cantidad que haces, sino la efectividad de lo que haces. En esta hoja, haga una lista de cada una de las actividades de alta rentabilidad que ha enumerado en el plan del mes pasado en el lado izquierdo de la p\u00e1gina. En el lado derecho de la p\u00e1gina, clasifique su efectividad en una escala del 1 al 10, donde 1 es bajo y 10 es alto. Su puntaje debe basarse en qu\u00e9 tan bien se desempe\u00f1\u00f3 en esa actividad durante el mes. Agregue su total en la parte inferior de la p\u00e1gina y div\u00eddalo por el n\u00famero de actividades de alto rendimiento que figuran en la lista. Esta es tu puntuaci\u00f3n de efectividad mensual.<\/p>","protected":false},"excerpt":{"rendered":"<p>The Effectiveness Analysis is part of the green Tracking section in The Achievement Planner\u2122 and is used to track your effectiveness with your high payoff activities. Make sure you complete this sheet at the end of each month as you go through your planning process for the next month.\u00a0 Remember, it&#8217;s not how much you [&hellip;]<\/p>\n","protected":false},"featured_media":1231,"comment_status":"open","ping_status":"closed","template":"","meta":{"_acf_changed":false},"product_brand":[],"product_cat":[59],"product_tag":[],"class_list":{"0":"post-946","1":"product","2":"type-product","3":"status-publish","4":"has-post-thumbnail","6":"product_cat-planners","8":"first","9":"instock","10":"taxable","11":"shipping-taxable","12":"purchasable","13":"product-type-simple"},"bundled_by":[],"bundle_stock_status":"instock","bundle_stock_quantity":18,"bundle_virtual":false,"bundle_layout":"","bundle_add_to_cart_form_location":"","bundle_editable_in_cart":false,"bundle_sold_individually_context":"","bundle_item_grouping":"","bundle_min_size":"","bundle_max_size":"","bundle_price":[],"bundled_items":[],"bundle_sell_ids":[],"acf":[],"_links":{"self":[{"href":"https:\/\/byrdgroup.com\/es\/wp-json\/wp\/v2\/product\/946","targetHints":{"allow":["GET"]}}],"collection":[{"href":"https:\/\/byrdgroup.com\/es\/wp-json\/wp\/v2\/product"}],"about":[{"href":"https:\/\/byrdgroup.com\/es\/wp-json\/wp\/v2\/types\/product"}],"replies":[{"embeddable":true,"href":"https:\/\/byrdgroup.com\/es\/wp-json\/wp\/v2\/comments?post=946"}],"wp:featuredmedia":[{"embeddable":true,"href":"https:\/\/byrdgroup.com\/es\/wp-json\/wp\/v2\/media\/1231"}],"wp:attachment":[{"href":"https:\/\/byrdgroup.com\/es\/wp-json\/wp\/v2\/media?parent=946"}],"wp:term":[{"taxonomy":"product_brand","embeddable":true,"href":"https:\/\/byrdgroup.com\/es\/wp-json\/wp\/v2\/product_brand?post=946"},{"taxonomy":"product_cat","embeddable":true,"href":"https:\/\/byrdgroup.com\/es\/wp-json\/wp\/v2\/product_cat?post=946"},{"taxonomy":"product_tag","embeddable":true,"href":"https:\/\/byrdgroup.com\/es\/wp-json\/wp\/v2\/product_tag?post=946"}],"curies":[{"name":"wp","href":"https:\/\/api.w.org\/{rel}","templated":true}]}}