{"id":940,"date":"2017-10-25T11:31:45","date_gmt":"2017-10-25T16:31:45","guid":{"rendered":"http:\/\/davidbyrdconsulting.com\/?post_type=product&#038;p=940"},"modified":"2023-11-11T18:26:49","modified_gmt":"2023-11-12T00:26:49","slug":"affirmations-25pk","status":"publish","type":"product","link":"https:\/\/byrdgroup.com\/es\/producto\/affirmations-25pk\/","title":{"rendered":"Afirmaciones (25 \/ pk)"},"content":{"rendered":"<p>Las p\u00e1ginas de afirmaci\u00f3n forman parte de la pesta\u00f1a de objetivos amarillos de The Achievement Planner \u2122. Las afirmaciones son una declaraci\u00f3n positiva que confirma un resultado deseable. Cuando identifique un \u00e1rea de su vida en la que necesita trabajar, escriba algunas afirmaciones positivas que promuevan ese crecimiento en estas p\u00e1ginas y l\u00e9alas con frecuencia.<\/p>","protected":false},"excerpt":{"rendered":"<p>Las p\u00e1ginas de afirmaci\u00f3n forman parte de la pesta\u00f1a de objetivos amarillos de The Achievement Planner \u2122. Las afirmaciones son una declaraci\u00f3n positiva que confirma un resultado deseable. Cuando identifique un \u00e1rea de su vida en la que necesita trabajar, escriba algunas afirmaciones positivas que promuevan ese crecimiento en estas p\u00e1ginas y l\u00e9alas con frecuencia.<\/p>","protected":false},"featured_media":1234,"comment_status":"open","ping_status":"closed","template":"","meta":{"_acf_changed":false},"product_brand":[],"product_cat":[59],"product_tag":[],"class_list":{"0":"post-940","1":"product","2":"type-product","3":"status-publish","4":"has-post-thumbnail","6":"product_cat-planners","8":"first","9":"instock","10":"taxable","11":"shipping-taxable","12":"purchasable","13":"product-type-simple"},"bundled_by":[],"bundle_stock_status":"instock","bundle_stock_quantity":45,"bundle_virtual":false,"bundle_layout":"","bundle_add_to_cart_form_location":"","bundle_editable_in_cart":false,"bundle_sold_individually_context":"","bundle_item_grouping":"","bundle_min_size":"","bundle_max_size":"","bundle_price":[],"bundled_items":[],"bundle_sell_ids":[],"acf":[],"_links":{"self":[{"href":"https:\/\/byrdgroup.com\/es\/wp-json\/wp\/v2\/product\/940","targetHints":{"allow":["GET"]}}],"collection":[{"href":"https:\/\/byrdgroup.com\/es\/wp-json\/wp\/v2\/product"}],"about":[{"href":"https:\/\/byrdgroup.com\/es\/wp-json\/wp\/v2\/types\/product"}],"replies":[{"embeddable":true,"href":"https:\/\/byrdgroup.com\/es\/wp-json\/wp\/v2\/comments?post=940"}],"wp:featuredmedia":[{"embeddable":true,"href":"https:\/\/byrdgroup.com\/es\/wp-json\/wp\/v2\/media\/1234"}],"wp:attachment":[{"href":"https:\/\/byrdgroup.com\/es\/wp-json\/wp\/v2\/media?parent=940"}],"wp:term":[{"taxonomy":"product_brand","embeddable":true,"href":"https:\/\/byrdgroup.com\/es\/wp-json\/wp\/v2\/product_brand?post=940"},{"taxonomy":"product_cat","embeddable":true,"href":"https:\/\/byrdgroup.com\/es\/wp-json\/wp\/v2\/product_cat?post=940"},{"taxonomy":"product_tag","embeddable":true,"href":"https:\/\/byrdgroup.com\/es\/wp-json\/wp\/v2\/product_tag?post=940"}],"curies":[{"name":"wp","href":"https:\/\/api.w.org\/{rel}","templated":true}]}}