{"id":936,"date":"2017-10-25T11:30:42","date_gmt":"2017-10-25T16:30:42","guid":{"rendered":"http:\/\/davidbyrdconsulting.com\/?post_type=product&#038;p=936"},"modified":"2024-09-29T13:43:31","modified_gmt":"2024-09-29T17:43:31","slug":"contacts-data-tracking-25pk","status":"publish","type":"product","link":"https:\/\/byrdgroup.com\/es\/producto\/contacts-data-tracking-25pk\/","title":{"rendered":"Contactos \/ Seguimiento de datos (25 \/ pk)"},"content":{"rendered":"<p>Un formulario de mejora que no se incluye con el est\u00e1ndar The Achievement Planner \u2122<\/p>\n<p>Dise\u00f1ado para aquellos que quieren rastrear su base de datos de contactos manualmente. Por favor, no confunda esto con el formulario de Seguimiento de Prospectos. Esto est\u00e1 dise\u00f1ado para rastrear nombres, direcciones, n\u00fameros de tel\u00e9fono y correos electr\u00f3nicos para personas o compa\u00f1\u00edas que se contactan con frecuencia.<\/p>\n<p>El formulario CONTACT \/ DATA TRACKING viene en un paquete de 25 hojas (50 p\u00e1ginas anteriores y anteriores).<\/p>","protected":false},"excerpt":{"rendered":"<p>An enhancement form that is not included with the standard The Achievement Planner\u2122 Designed for those who want to track their database of contacts manually. Please do not confuse this with the Prospect Tracking form. This is designed to track names, addresses, phone numbers, and emails for frequently contacted individuals or companies. The CONTACT \/ [&hellip;]<\/p>\n","protected":false},"featured_media":1236,"comment_status":"open","ping_status":"closed","template":"","meta":{"_acf_changed":false},"product_brand":[],"product_cat":[59],"product_tag":[],"class_list":{"0":"post-936","1":"product","2":"type-product","3":"status-publish","4":"has-post-thumbnail","6":"product_cat-planners","8":"first","9":"instock","10":"taxable","11":"shipping-taxable","12":"purchasable","13":"product-type-simple"},"bundled_by":[],"bundle_stock_status":"instock","bundle_stock_quantity":13,"bundle_virtual":false,"bundle_layout":"","bundle_add_to_cart_form_location":"","bundle_editable_in_cart":false,"bundle_sold_individually_context":"","bundle_item_grouping":"","bundle_min_size":"","bundle_max_size":"","bundle_price":[],"bundled_items":[],"bundle_sell_ids":[],"acf":[],"_links":{"self":[{"href":"https:\/\/byrdgroup.com\/es\/wp-json\/wp\/v2\/product\/936","targetHints":{"allow":["GET"]}}],"collection":[{"href":"https:\/\/byrdgroup.com\/es\/wp-json\/wp\/v2\/product"}],"about":[{"href":"https:\/\/byrdgroup.com\/es\/wp-json\/wp\/v2\/types\/product"}],"replies":[{"embeddable":true,"href":"https:\/\/byrdgroup.com\/es\/wp-json\/wp\/v2\/comments?post=936"}],"wp:featuredmedia":[{"embeddable":true,"href":"https:\/\/byrdgroup.com\/es\/wp-json\/wp\/v2\/media\/1236"}],"wp:attachment":[{"href":"https:\/\/byrdgroup.com\/es\/wp-json\/wp\/v2\/media?parent=936"}],"wp:term":[{"taxonomy":"product_brand","embeddable":true,"href":"https:\/\/byrdgroup.com\/es\/wp-json\/wp\/v2\/product_brand?post=936"},{"taxonomy":"product_cat","embeddable":true,"href":"https:\/\/byrdgroup.com\/es\/wp-json\/wp\/v2\/product_cat?post=936"},{"taxonomy":"product_tag","embeddable":true,"href":"https:\/\/byrdgroup.com\/es\/wp-json\/wp\/v2\/product_tag?post=936"}],"curies":[{"name":"wp","href":"https:\/\/api.w.org\/{rel}","templated":true}]}}