{"id":934,"date":"2017-10-25T11:24:22","date_gmt":"2017-10-25T16:24:22","guid":{"rendered":"http:\/\/davidbyrdconsulting.com\/?post_type=product&#038;p=934"},"modified":"2024-08-16T11:55:30","modified_gmt":"2024-08-16T15:55:30","slug":"communication-conference-planner-25pk","status":"publish","type":"product","link":"https:\/\/byrdgroup.com\/es\/producto\/communication-conference-planner-25pk\/","title":{"rendered":"Planificador de comunicaci\u00f3n \/ conferencias (25 \/ pk)"},"content":{"rendered":"<p>Las p\u00e1ginas de Conference Planner son parte de la pesta\u00f1a de comunicaci\u00f3n azul de The Achievement Planner \u2122. Use estas p\u00e1ginas para anotar las cosas que desea recordar para cubrir con una persona en su pr\u00f3xima reuni\u00f3n con ellos. El planificador de conferencias lo ayuda a guardar mensajes de texto o correos electr\u00f3nicos innecesarios y le ayuda a recordar que debe cubrir todo cuando se presente la oportunidad de comunicarse.<\/p>","protected":false},"excerpt":{"rendered":"<p>Conference Planner pages are part of the blue communication tab of The Achievement Planner\u2122.\u00a0\u00a0Use these pages to write down the things that you want to remember to cover with a person in your next meeting with them.\u00a0 The conference planner helps you save unnecessary texting or email and helps you remember to cover everything when [&hellip;]<\/p>\n","protected":false},"featured_media":1240,"comment_status":"open","ping_status":"closed","template":"","meta":{"_acf_changed":false},"product_brand":[],"product_cat":[59],"product_tag":[],"class_list":{"0":"post-934","1":"product","2":"type-product","3":"status-publish","4":"has-post-thumbnail","6":"product_cat-planners","8":"first","9":"instock","10":"taxable","11":"shipping-taxable","12":"purchasable","13":"product-type-simple"},"bundled_by":[],"bundle_stock_status":"instock","bundle_stock_quantity":14,"bundle_virtual":false,"bundle_layout":"","bundle_add_to_cart_form_location":"","bundle_editable_in_cart":false,"bundle_sold_individually_context":"","bundle_item_grouping":"","bundle_min_size":"","bundle_max_size":"","bundle_price":[],"bundled_items":[],"bundle_sell_ids":[],"acf":[],"_links":{"self":[{"href":"https:\/\/byrdgroup.com\/es\/wp-json\/wp\/v2\/product\/934","targetHints":{"allow":["GET"]}}],"collection":[{"href":"https:\/\/byrdgroup.com\/es\/wp-json\/wp\/v2\/product"}],"about":[{"href":"https:\/\/byrdgroup.com\/es\/wp-json\/wp\/v2\/types\/product"}],"replies":[{"embeddable":true,"href":"https:\/\/byrdgroup.com\/es\/wp-json\/wp\/v2\/comments?post=934"}],"wp:featuredmedia":[{"embeddable":true,"href":"https:\/\/byrdgroup.com\/es\/wp-json\/wp\/v2\/media\/1240"}],"wp:attachment":[{"href":"https:\/\/byrdgroup.com\/es\/wp-json\/wp\/v2\/media?parent=934"}],"wp:term":[{"taxonomy":"product_brand","embeddable":true,"href":"https:\/\/byrdgroup.com\/es\/wp-json\/wp\/v2\/product_brand?post=934"},{"taxonomy":"product_cat","embeddable":true,"href":"https:\/\/byrdgroup.com\/es\/wp-json\/wp\/v2\/product_cat?post=934"},{"taxonomy":"product_tag","embeddable":true,"href":"https:\/\/byrdgroup.com\/es\/wp-json\/wp\/v2\/product_tag?post=934"}],"curies":[{"name":"wp","href":"https:\/\/api.w.org\/{rel}","templated":true}]}}