{"id":932,"date":"2017-10-25T11:23:21","date_gmt":"2017-10-25T16:23:21","guid":{"rendered":"http:\/\/davidbyrdconsulting.com\/?post_type=product&#038;p=932"},"modified":"2025-12-09T12:11:47","modified_gmt":"2025-12-09T17:11:47","slug":"1-31-day-tracking-sheet-25pk","status":"publish","type":"product","link":"https:\/\/byrdgroup.com\/es\/producto\/1-31-day-tracking-sheet-25pk\/","title":{"rendered":"Hoja de seguimiento de 1-31 d\u00edas (25 \/ Pk)"},"content":{"rendered":"<p>P\u00e1ginas de reemplazo para la &quot;Hoja de seguimiento de 1 a 31 d\u00edas&quot; dise\u00f1ada para ser la primera p\u00e1gina que se encuentra detr\u00e1s de las pesta\u00f1as del calendario mensual al comienzo de cada mes. Consiste en un paquete de 25 hojas que son dos caras.<\/p>\n<p>Lado 1: La portada tiene 1-31 Hoja de seguimiento de d\u00edas con pasos de acci\u00f3n y los d\u00edas 1-31 en la parte superior.<\/p>\n<p>Lado 2: la otra cara o la parte posterior de la hoja indica &quot;NOTAS VARIAS&quot; y tiene el mismo contenido en la parte posterior de cada p\u00e1gina de HOY Daily.<\/p>\n<p>Est\u00e1 dise\u00f1ado para ajustarse junto a la parte posterior de cada ficha del calendario mensual del stock de tarjetas entre la primera fecha del calendario de cada mes y la pesta\u00f1a del calendario mensual. Por esa raz\u00f3n, el lado 2 tiene la p\u00e1gina de NOTAS VARIAS para que pueda tomar notas el primer d\u00eda de cada mes, mientras proporciona una &quot;captura de todas&quot; las m\u00e9tricas del mes en la parte frontal.<\/p>","protected":false},"excerpt":{"rendered":"<p>Replacement pages for the &#8220;1-31 Day Tracking Sheet&#8221; designed to be the first page to lay behind the Monthly Calendar Tabs at the beginning of each month. Consists of a Pack of 25 Sheets that are two sided. Side 1 &#8211; The Front Page has 1-31 Day Tracking Sheet with action steps and days 1-31 [&hellip;]<\/p>\n","protected":false},"featured_media":1239,"comment_status":"open","ping_status":"closed","template":"","meta":{"_acf_changed":false},"product_brand":[],"product_cat":[59],"product_tag":[],"class_list":{"0":"post-932","1":"product","2":"type-product","3":"status-publish","4":"has-post-thumbnail","6":"product_cat-planners","8":"first","9":"instock","10":"taxable","11":"shipping-taxable","12":"purchasable","13":"product-type-simple"},"bundled_by":[],"bundle_stock_status":"instock","bundle_stock_quantity":17,"bundle_virtual":false,"bundle_layout":"","bundle_add_to_cart_form_location":"","bundle_editable_in_cart":false,"bundle_sold_individually_context":"","bundle_item_grouping":"","bundle_min_size":"","bundle_max_size":"","bundle_price":[],"bundled_items":[],"bundle_sell_ids":[],"acf":[],"_links":{"self":[{"href":"https:\/\/byrdgroup.com\/es\/wp-json\/wp\/v2\/product\/932","targetHints":{"allow":["GET"]}}],"collection":[{"href":"https:\/\/byrdgroup.com\/es\/wp-json\/wp\/v2\/product"}],"about":[{"href":"https:\/\/byrdgroup.com\/es\/wp-json\/wp\/v2\/types\/product"}],"replies":[{"embeddable":true,"href":"https:\/\/byrdgroup.com\/es\/wp-json\/wp\/v2\/comments?post=932"}],"wp:featuredmedia":[{"embeddable":true,"href":"https:\/\/byrdgroup.com\/es\/wp-json\/wp\/v2\/media\/1239"}],"wp:attachment":[{"href":"https:\/\/byrdgroup.com\/es\/wp-json\/wp\/v2\/media?parent=932"}],"wp:term":[{"taxonomy":"product_brand","embeddable":true,"href":"https:\/\/byrdgroup.com\/es\/wp-json\/wp\/v2\/product_brand?post=932"},{"taxonomy":"product_cat","embeddable":true,"href":"https:\/\/byrdgroup.com\/es\/wp-json\/wp\/v2\/product_cat?post=932"},{"taxonomy":"product_tag","embeddable":true,"href":"https:\/\/byrdgroup.com\/es\/wp-json\/wp\/v2\/product_tag?post=932"}],"curies":[{"name":"wp","href":"https:\/\/api.w.org\/{rel}","templated":true}]}}