{"id":929,"date":"2017-10-25T11:21:52","date_gmt":"2017-10-25T16:21:52","guid":{"rendered":"http:\/\/davidbyrdconsulting.com\/?post_type=product&#038;p=929"},"modified":"2024-11-29T16:51:09","modified_gmt":"2024-11-29T21:51:09","slug":"mobile-daily-pages-30pk","status":"publish","type":"product","link":"https:\/\/byrdgroup.com\/es\/producto\/mobile-daily-pages-30pk\/","title":{"rendered":"P\u00e1ginas Diarias M\u00f3viles (30 \/ pk)"},"content":{"rendered":"<p>Perfecto para aquellos d\u00edas en que llevar todo el planificador podr\u00eda ser inapropiado. Simplemente copie su Tarea y el Programa diario de su planificador la noche anterior en una P\u00e1gina diaria para dispositivos m\u00f3viles, d\u00f3blelo y col\u00f3quelo en su bolsillo o cartera. La p\u00e1gina diaria de tarjetas es m\u00e1s peque\u00f1a y tiene mucho espacio para notas en la parte posterior. Si bien, estos paquetes est\u00e1n agrupados en 30, no est\u00e1 pensado para usarlos todos los d\u00edas, por lo tanto, un paquete de 30 deber\u00eda durar 90-180 d\u00edas.<\/p>\n<p>\u00a1Precauci\u00f3n, la calidad sustancial de las tarjetas de este producto junto con la facilidad de uso de esto para tomar notas pueden volverse adictivas! Llevar notas y la capacidad de doblar y caber f\u00e1cilmente en el bolsillo de una camisa, lo hace ideal para tomar notas mientras est\u00e1 en el autom\u00f3vil (por supuesto, estacionado en la carretera) o mientras viaja.<\/p>","protected":false},"excerpt":{"rendered":"<p>Perfect for those days when carrying the entire planner might be inappropriate. Simply copy your To-Do and Daily Schedule from your planner the night before onto a Mobile Daily Page, fold and place in your pocket or purse. The card-stock daily page is smaller and has plenty of room for notes on the back. Although, [&hellip;]<\/p>\n","protected":false},"featured_media":1237,"comment_status":"open","ping_status":"closed","template":"","meta":{"_acf_changed":false},"product_brand":[],"product_cat":[59],"product_tag":[],"class_list":{"0":"post-929","1":"product","2":"type-product","3":"status-publish","4":"has-post-thumbnail","6":"product_cat-planners","8":"first","9":"instock","10":"taxable","11":"shipping-taxable","12":"purchasable","13":"product-type-simple"},"bundled_by":[],"bundle_stock_status":"instock","bundle_stock_quantity":19,"bundle_virtual":false,"bundle_layout":"","bundle_add_to_cart_form_location":"","bundle_editable_in_cart":false,"bundle_sold_individually_context":"","bundle_item_grouping":"","bundle_min_size":"","bundle_max_size":"","bundle_price":[],"bundled_items":[],"bundle_sell_ids":[],"acf":[],"_links":{"self":[{"href":"https:\/\/byrdgroup.com\/es\/wp-json\/wp\/v2\/product\/929","targetHints":{"allow":["GET"]}}],"collection":[{"href":"https:\/\/byrdgroup.com\/es\/wp-json\/wp\/v2\/product"}],"about":[{"href":"https:\/\/byrdgroup.com\/es\/wp-json\/wp\/v2\/types\/product"}],"replies":[{"embeddable":true,"href":"https:\/\/byrdgroup.com\/es\/wp-json\/wp\/v2\/comments?post=929"}],"wp:featuredmedia":[{"embeddable":true,"href":"https:\/\/byrdgroup.com\/es\/wp-json\/wp\/v2\/media\/1237"}],"wp:attachment":[{"href":"https:\/\/byrdgroup.com\/es\/wp-json\/wp\/v2\/media?parent=929"}],"wp:term":[{"taxonomy":"product_brand","embeddable":true,"href":"https:\/\/byrdgroup.com\/es\/wp-json\/wp\/v2\/product_brand?post=929"},{"taxonomy":"product_cat","embeddable":true,"href":"https:\/\/byrdgroup.com\/es\/wp-json\/wp\/v2\/product_cat?post=929"},{"taxonomy":"product_tag","embeddable":true,"href":"https:\/\/byrdgroup.com\/es\/wp-json\/wp\/v2\/product_tag?post=929"}],"curies":[{"name":"wp","href":"https:\/\/api.w.org\/{rel}","templated":true}]}}