{"id":927,"date":"2017-10-25T11:19:38","date_gmt":"2017-10-25T16:19:38","guid":{"rendered":"http:\/\/davidbyrdconsulting.com\/?post_type=product&#038;p=927"},"modified":"2026-03-23T15:20:12","modified_gmt":"2026-03-23T19:20:12","slug":"today-bookmark","status":"publish","type":"product","link":"https:\/\/byrdgroup.com\/es\/producto\/today-bookmark\/","title":{"rendered":"HOY Bookmark"},"content":{"rendered":"<p>Esta pesta\u00f1a divisora diaria de Marcar como favorito se mueve un d\u00eda a la vez para marcar su d\u00eda actual para una referencia r\u00e1pida al abrir su planificador cerrado.<\/p>","protected":false},"excerpt":{"rendered":"<p>Esta pesta\u00f1a divisora diaria de Marcar como favorito se mueve un d\u00eda a la vez para marcar su d\u00eda actual para una referencia r\u00e1pida al abrir su planificador cerrado.<\/p>","protected":false},"featured_media":1235,"comment_status":"open","ping_status":"closed","template":"","meta":{"_acf_changed":false},"product_brand":[],"product_cat":[59],"product_tag":[],"class_list":{"0":"post-927","1":"product","2":"type-product","3":"status-publish","4":"has-post-thumbnail","6":"product_cat-planners","8":"first","9":"instock","10":"taxable","11":"shipping-taxable","12":"purchasable","13":"product-type-simple"},"bundled_by":["811","798","833","825","1187","1188","1189","1190","1014","1201","1202","1033","17685","17686","17718","17916","19258","20397","20399","21041","24210","31575","36397","36536","36689","36810"],"bundle_stock_status":"instock","bundle_stock_quantity":5750,"bundle_virtual":false,"bundle_layout":"","bundle_add_to_cart_form_location":"","bundle_editable_in_cart":false,"bundle_sold_individually_context":"","bundle_item_grouping":"","bundle_min_size":"","bundle_max_size":"","bundle_price":[],"bundled_items":[],"bundle_sell_ids":[],"acf":[],"_links":{"self":[{"href":"https:\/\/byrdgroup.com\/es\/wp-json\/wp\/v2\/product\/927","targetHints":{"allow":["GET"]}}],"collection":[{"href":"https:\/\/byrdgroup.com\/es\/wp-json\/wp\/v2\/product"}],"about":[{"href":"https:\/\/byrdgroup.com\/es\/wp-json\/wp\/v2\/types\/product"}],"replies":[{"embeddable":true,"href":"https:\/\/byrdgroup.com\/es\/wp-json\/wp\/v2\/comments?post=927"}],"wp:featuredmedia":[{"embeddable":true,"href":"https:\/\/byrdgroup.com\/es\/wp-json\/wp\/v2\/media\/1235"}],"wp:attachment":[{"href":"https:\/\/byrdgroup.com\/es\/wp-json\/wp\/v2\/media?parent=927"}],"wp:term":[{"taxonomy":"product_brand","embeddable":true,"href":"https:\/\/byrdgroup.com\/es\/wp-json\/wp\/v2\/product_brand?post=927"},{"taxonomy":"product_cat","embeddable":true,"href":"https:\/\/byrdgroup.com\/es\/wp-json\/wp\/v2\/product_cat?post=927"},{"taxonomy":"product_tag","embeddable":true,"href":"https:\/\/byrdgroup.com\/es\/wp-json\/wp\/v2\/product_tag?post=927"}],"curies":[{"name":"wp","href":"https:\/\/api.w.org\/{rel}","templated":true}]}}