{"id":925,"date":"2017-10-25T16:17:55","date_gmt":"2017-10-25T16:17:55","guid":{"rendered":"http:\/\/davidbyrdconsulting.com\/?post_type=product&#038;p=925"},"modified":"2024-02-09T00:29:14","modified_gmt":"2024-02-09T06:29:14","slug":"key-performance-indicators-for-group-leaders-next-level-group-25pk","status":"publish","type":"product","link":"https:\/\/byrdgroup.com\/es\/producto\/key-performance-indicators-for-group-leaders-next-level-group-25pk\/","title":{"rendered":"Indicadores clave de rendimiento para los l\u00edderes de grupo (GRUPO SIGUIENTE NIVEL) (25 \/ pk)"},"content":{"rendered":"<p>P\u00e1ginas de mejora para aquellos l\u00edderes de grupos de rendici\u00f3n de cuentas.<\/p>","protected":false},"excerpt":{"rendered":"<p>P\u00e1ginas de mejora para aquellos l\u00edderes de grupos de rendici\u00f3n de cuentas.<\/p>","protected":false},"featured_media":1238,"comment_status":"open","ping_status":"closed","template":"","meta":{"_acf_changed":false},"product_brand":[],"product_cat":[59],"product_tag":[],"class_list":{"0":"post-925","1":"product","2":"type-product","3":"status-publish","4":"has-post-thumbnail","6":"product_cat-planners","8":"first","9":"instock","10":"taxable","11":"shipping-taxable","12":"purchasable","13":"product-type-simple"},"bundled_by":[],"bundle_stock_status":"instock","bundle_stock_quantity":42,"bundle_virtual":false,"bundle_layout":"","bundle_add_to_cart_form_location":"","bundle_editable_in_cart":false,"bundle_sold_individually_context":"","bundle_item_grouping":"","bundle_min_size":"","bundle_max_size":"","bundle_price":[],"bundled_items":[],"bundle_sell_ids":[],"acf":[],"_links":{"self":[{"href":"https:\/\/byrdgroup.com\/es\/wp-json\/wp\/v2\/product\/925","targetHints":{"allow":["GET"]}}],"collection":[{"href":"https:\/\/byrdgroup.com\/es\/wp-json\/wp\/v2\/product"}],"about":[{"href":"https:\/\/byrdgroup.com\/es\/wp-json\/wp\/v2\/types\/product"}],"replies":[{"embeddable":true,"href":"https:\/\/byrdgroup.com\/es\/wp-json\/wp\/v2\/comments?post=925"}],"wp:featuredmedia":[{"embeddable":true,"href":"https:\/\/byrdgroup.com\/es\/wp-json\/wp\/v2\/media\/1238"}],"wp:attachment":[{"href":"https:\/\/byrdgroup.com\/es\/wp-json\/wp\/v2\/media?parent=925"}],"wp:term":[{"taxonomy":"product_brand","embeddable":true,"href":"https:\/\/byrdgroup.com\/es\/wp-json\/wp\/v2\/product_brand?post=925"},{"taxonomy":"product_cat","embeddable":true,"href":"https:\/\/byrdgroup.com\/es\/wp-json\/wp\/v2\/product_cat?post=925"},{"taxonomy":"product_tag","embeddable":true,"href":"https:\/\/byrdgroup.com\/es\/wp-json\/wp\/v2\/product_tag?post=925"}],"curies":[{"name":"wp","href":"https:\/\/api.w.org\/{rel}","templated":true}]}}