{"id":918,"date":"2017-10-25T11:12:09","date_gmt":"2017-10-25T16:12:09","guid":{"rendered":"http:\/\/davidbyrdconsulting.com\/?post_type=product&#038;p=918"},"modified":"2026-04-03T02:39:30","modified_gmt":"2026-04-03T06:39:30","slug":"notes-pages-refill","status":"publish","type":"product","link":"https:\/\/byrdgroup.com\/es\/producto\/notes-pages-refill\/","title":{"rendered":"NOTES Pages Refill (100\/pk)"},"content":{"rendered":"<p>P\u00e1ginas de reemplazo para la secci\u00f3n de la pesta\u00f1a &quot;NOTAS&quot; de color naranja para The Achievement Planner.<\/p>\n<p>Por paquete incluye 100 hojas de NOTAS (200 p\u00e1ginas anteriores y posteriores) y 2 hojas de \u00cdNDICE (4 p\u00e1ginas posteriores y anteriores) para grabar e indexar sus notas escritas a mano.<\/p>\n<p>Investigaciones recientes muestran que el acto f\u00edsico de escribir a mano tiene numerosos beneficios y estimula los pensamientos. Tome notas manuscritas significativas, para aclarar sus pensamientos. La claridad del pensamiento genera el enfoque. Como afirma David Byrd, &quot;El impulso es un subproducto inmediato de Focus&quot;.<\/p>\n<p>Recuerde luego pasar a la pesta\u00f1a roja &quot;\u00cdNDICE&quot; y marcar la fecha, la informaci\u00f3n \/ el evento y el n\u00famero de p\u00e1gina. El \u00cdNDICE proporciona una referencia de b\u00fasqueda r\u00e1pida y f\u00e1cil para que pueda ver r\u00e1pidamente sus notas o diagramas manuscritos anteriores que pueda haber dibujado, brindando mayor claridad.<\/p>\n<p>Escribir a FOCUS escribir para LOGRAR!<\/p>","protected":false},"excerpt":{"rendered":"<p>Replacement pages for the orange &#8220;NOTES&#8221; tab section for The Achievement Planner. Per Pack includes 100 NOTES sheets (200 back &amp; front pages) and 2 INDEX sheets (4 back &amp; front pages) for recording and indexing your hand written notes. Recent research shows that the physical act of writing by hand has numerous benefits and [&hellip;]<\/p>\n","protected":false},"featured_media":1241,"comment_status":"open","ping_status":"closed","template":"","meta":{"_acf_changed":false},"product_brand":[],"product_cat":[59],"product_tag":[],"class_list":{"0":"post-918","1":"product","2":"type-product","3":"status-publish","4":"has-post-thumbnail","6":"product_cat-planners","8":"first","9":"instock","10":"taxable","11":"shipping-taxable","12":"purchasable","13":"product-type-simple"},"bundled_by":["17916"],"bundle_stock_status":"instock","bundle_stock_quantity":65,"bundle_virtual":false,"bundle_layout":"","bundle_add_to_cart_form_location":"","bundle_editable_in_cart":false,"bundle_sold_individually_context":"","bundle_item_grouping":"","bundle_min_size":"","bundle_max_size":"","bundle_price":[],"bundled_items":[],"bundle_sell_ids":[],"acf":[],"_links":{"self":[{"href":"https:\/\/byrdgroup.com\/es\/wp-json\/wp\/v2\/product\/918","targetHints":{"allow":["GET"]}}],"collection":[{"href":"https:\/\/byrdgroup.com\/es\/wp-json\/wp\/v2\/product"}],"about":[{"href":"https:\/\/byrdgroup.com\/es\/wp-json\/wp\/v2\/types\/product"}],"replies":[{"embeddable":true,"href":"https:\/\/byrdgroup.com\/es\/wp-json\/wp\/v2\/comments?post=918"}],"wp:featuredmedia":[{"embeddable":true,"href":"https:\/\/byrdgroup.com\/es\/wp-json\/wp\/v2\/media\/1241"}],"wp:attachment":[{"href":"https:\/\/byrdgroup.com\/es\/wp-json\/wp\/v2\/media?parent=918"}],"wp:term":[{"taxonomy":"product_brand","embeddable":true,"href":"https:\/\/byrdgroup.com\/es\/wp-json\/wp\/v2\/product_brand?post=918"},{"taxonomy":"product_cat","embeddable":true,"href":"https:\/\/byrdgroup.com\/es\/wp-json\/wp\/v2\/product_cat?post=918"},{"taxonomy":"product_tag","embeddable":true,"href":"https:\/\/byrdgroup.com\/es\/wp-json\/wp\/v2\/product_tag?post=918"}],"curies":[{"name":"wp","href":"https:\/\/api.w.org\/{rel}","templated":true}]}}