{"id":911,"date":"2017-10-25T11:05:32","date_gmt":"2017-10-25T16:05:32","guid":{"rendered":"http:\/\/davidbyrdconsulting.com\/?post_type=product&#038;p=911"},"modified":"2026-04-07T12:02:18","modified_gmt":"2026-04-07T16:02:18","slug":"the-achievement-planner-storage-binder","status":"publish","type":"product","link":"https:\/\/byrdgroup.com\/es\/producto\/the-achievement-planner-storage-binder\/","title":{"rendered":"La carpeta de almacenamiento de Achievement Planner \u2122"},"content":{"rendered":"<p>El archivador de almacenamiento Achievement Planner \u2122 es un componente esencial de The Next Level Achievement System.<span style=\"float: none; background-color: transparent; color: #333333; cursor: text; font-family: Georgia,'Times New Roman','Bitstream Charter',Times,serif; font-size: 16px; font-style: normal; font-variant: normal; font-weight: 400; letter-spacing: normal; line-height: 24px; text-align: left; text-decoration: none; text-indent: 0px;\">\u2122<\/span>. \u00daselo para almacenar todas las p\u00e1ginas diarias futuras y los registros anteriores para mantenerlos protegidos y de f\u00e1cil acceso.<\/p>","protected":false},"excerpt":{"rendered":"<p>The Achievement Planner\u2122 storage binder is an essential component of The Next Level Achievement System\u2122. Use it to store all future daily pages and past records to keep them protected and easily accessible.<\/p>","protected":false},"featured_media":1228,"comment_status":"open","ping_status":"closed","template":"","meta":{"_acf_changed":false},"product_brand":[],"product_cat":[59],"product_tag":[],"class_list":{"0":"post-911","1":"product","2":"type-product","3":"status-publish","4":"has-post-thumbnail","6":"product_cat-planners","8":"first","9":"instock","10":"taxable","11":"shipping-taxable","12":"purchasable","13":"product-type-simple"},"bundled_by":["811","798","825","1014","1201","1202","17685","17686","17916","19258","20397","20399","21041","24210","31575","36397","36536","36689","36810"],"bundle_stock_status":"instock","bundle_stock_quantity":115,"bundle_virtual":false,"bundle_layout":"","bundle_add_to_cart_form_location":"","bundle_editable_in_cart":false,"bundle_sold_individually_context":"","bundle_item_grouping":"","bundle_min_size":"","bundle_max_size":"","bundle_price":[],"bundled_items":[],"bundle_sell_ids":[],"acf":[],"_links":{"self":[{"href":"https:\/\/byrdgroup.com\/es\/wp-json\/wp\/v2\/product\/911","targetHints":{"allow":["GET"]}}],"collection":[{"href":"https:\/\/byrdgroup.com\/es\/wp-json\/wp\/v2\/product"}],"about":[{"href":"https:\/\/byrdgroup.com\/es\/wp-json\/wp\/v2\/types\/product"}],"replies":[{"embeddable":true,"href":"https:\/\/byrdgroup.com\/es\/wp-json\/wp\/v2\/comments?post=911"}],"wp:featuredmedia":[{"embeddable":true,"href":"https:\/\/byrdgroup.com\/es\/wp-json\/wp\/v2\/media\/1228"}],"wp:attachment":[{"href":"https:\/\/byrdgroup.com\/es\/wp-json\/wp\/v2\/media?parent=911"}],"wp:term":[{"taxonomy":"product_brand","embeddable":true,"href":"https:\/\/byrdgroup.com\/es\/wp-json\/wp\/v2\/product_brand?post=911"},{"taxonomy":"product_cat","embeddable":true,"href":"https:\/\/byrdgroup.com\/es\/wp-json\/wp\/v2\/product_cat?post=911"},{"taxonomy":"product_tag","embeddable":true,"href":"https:\/\/byrdgroup.com\/es\/wp-json\/wp\/v2\/product_tag?post=911"}],"curies":[{"name":"wp","href":"https:\/\/api.w.org\/{rel}","templated":true}]}}