{"id":906,"date":"2017-10-25T11:01:10","date_gmt":"2017-10-25T16:01:10","guid":{"rendered":"http:\/\/davidbyrdconsulting.com\/?post_type=product&#038;p=906"},"modified":"2020-12-06T09:28:36","modified_gmt":"2020-12-06T14:28:36","slug":"the-achievement-planner-deluxe-zipper-binder","status":"publish","type":"product","link":"https:\/\/byrdgroup.com\/es\/producto\/the-achievement-planner-deluxe-zipper-binder\/","title":{"rendered":"La carpeta de la cremallera Deluxe de Achievement Planner \u2122"},"content":{"rendered":"<p>The Aquievement Planner \u2122 Deluxe Zipper Binder es nuestra versi\u00f3n de lujo del planificador diario de trabajo. Viene con una funda de cuero sint\u00e9tico acolchada, resistente al agua y con doble costura. El cierre completo de la cremallera mantendr\u00e1 sus art\u00edculos organizados y seguros. Las caracter\u00edsticas interiores incluyen 3 anillos m\u00e1s peque\u00f1os de 1 \u201dque no se interpondr\u00e1n en tu camino cuando escribas en cualquiera de las p\u00e1ginas. Tambi\u00e9n cuenta con forro interior de seda con medio bolsillo, bolsillos para tarjetas de visita y lazos para bol\u00edgrafos. Esta es una carpeta duradera dise\u00f1ada por David Byrd para su uso personal.<\/p>","protected":false},"excerpt":{"rendered":"<p>The Achievement Planner\u2122 Deluxe Zipper\u00a0Binder is\u00a0our deluxe version of the working daily planner.\u00a0 It comes with a double-seamed padded, water resistant, leatherette cover. The full zipper closure will keep your items\u00a0organized and secure.\u00a0\u00a0Interior features include 3 smaller 1\u201d rings that will not get in your way when you write on either page.\u00a0 It also features [&hellip;]<\/p>\n","protected":false},"featured_media":1227,"comment_status":"open","ping_status":"closed","template":"","meta":{"_acf_changed":false},"product_brand":[],"product_cat":[93],"product_tag":[],"class_list":{"0":"post-906","1":"product","2":"type-product","3":"status-publish","4":"has-post-thumbnail","6":"product_cat-shopremoval","8":"first","9":"outofstock","10":"taxable","11":"shipping-taxable","12":"purchasable","13":"product-type-simple"},"bundled_by":["811","1201","19258","20397","20399","21041"],"bundle_stock_status":"outofstock","bundle_stock_quantity":0,"bundle_virtual":false,"bundle_layout":"","bundle_add_to_cart_form_location":"","bundle_editable_in_cart":false,"bundle_sold_individually_context":"","bundle_item_grouping":"","bundle_min_size":"","bundle_max_size":"","bundle_price":[],"bundled_items":[],"bundle_sell_ids":[],"acf":[],"_links":{"self":[{"href":"https:\/\/byrdgroup.com\/es\/wp-json\/wp\/v2\/product\/906","targetHints":{"allow":["GET"]}}],"collection":[{"href":"https:\/\/byrdgroup.com\/es\/wp-json\/wp\/v2\/product"}],"about":[{"href":"https:\/\/byrdgroup.com\/es\/wp-json\/wp\/v2\/types\/product"}],"replies":[{"embeddable":true,"href":"https:\/\/byrdgroup.com\/es\/wp-json\/wp\/v2\/comments?post=906"}],"wp:featuredmedia":[{"embeddable":true,"href":"https:\/\/byrdgroup.com\/es\/wp-json\/wp\/v2\/media\/1227"}],"wp:attachment":[{"href":"https:\/\/byrdgroup.com\/es\/wp-json\/wp\/v2\/media?parent=906"}],"wp:term":[{"taxonomy":"product_brand","embeddable":true,"href":"https:\/\/byrdgroup.com\/es\/wp-json\/wp\/v2\/product_brand?post=906"},{"taxonomy":"product_cat","embeddable":true,"href":"https:\/\/byrdgroup.com\/es\/wp-json\/wp\/v2\/product_cat?post=906"},{"taxonomy":"product_tag","embeddable":true,"href":"https:\/\/byrdgroup.com\/es\/wp-json\/wp\/v2\/product_tag?post=906"}],"curies":[{"name":"wp","href":"https:\/\/api.w.org\/{rel}","templated":true}]}}