{"id":840,"date":"2017-10-24T13:29:41","date_gmt":"2017-10-24T18:29:41","guid":{"rendered":"http:\/\/davidbyrdconsulting.com\/?post_type=product&#038;p=840"},"modified":"2026-04-16T18:22:25","modified_gmt":"2026-04-16T22:22:25","slug":"the-achievement-planner-tablet-pocket","status":"publish","type":"product","link":"https:\/\/byrdgroup.com\/es\/producto\/the-achievement-planner-tablet-pocket\/","title":{"rendered":"Carpeta de cremallera de lujo Achievement Planner \u2122 con bolsillo exterior"},"content":{"rendered":"<p>Carpeta de cremallera de lujo Achievement Planner \u2122 con bolsillo exterior<\/p>\n<p>Lo que hace que esta carpeta sea \u00fanica es el bolsillo exterior que proporciona un almacenamiento conveniente y un f\u00e1cil acceso para su tel\u00e9fono u otros art\u00edculos diversos.<\/p>\n<p>Las dimensiones interiores del bolsillo exterior son:<\/p>\n<p>Altura 9.75 &quot;pulgadas<\/p>\n<p>Ancho: 7.5 &quot;pulgadas<\/p>\n<p>Profundidad: 0.51 &quot;pulgadas<\/p>\n<ul>\n<li>Carpeta organizador con cremallera cosida.<\/li>\n<li>Dise\u00f1ado para sostener hojas de 8.5 &quot;x 5.5&quot; con tres anillos de 1.25 &quot;con remaches ocultos.<\/li>\n<li>Dos bolsillos horizontales en el interior con dos bolsillos festoneados y dos bucles de l\u00e1piz \/ l\u00e1piz en cada lado de la cubierta de la carpeta.<\/li>\n<li>Forro de fieltro suave en el bolsillo exterior.<\/li>\n<\/ul>\n<p>&nbsp;<\/p>","protected":false},"excerpt":{"rendered":"<p>The Achievement Planner\u2122 Deluxe Zipper Binder with exterior pocket What makes this binder unique is the exterior pocket that provides convenient storage and easy access for your phone or other miscellaneous items. Interior dimensions of the exterior pocket are: Height 9.75\u201d inches Width: 7.5\u201d inches Depth: 0.51\u201d inches Sewn zipper organizer binder. Designed to hold [&hellip;]<\/p>\n","protected":false},"featured_media":23042,"comment_status":"open","ping_status":"closed","template":"","meta":{"_acf_changed":false},"product_brand":[],"product_cat":[59],"product_tag":[],"class_list":{"0":"post-840","1":"product","2":"type-product","3":"status-publish","4":"has-post-thumbnail","6":"product_cat-planners","8":"first","9":"instock","10":"taxable","11":"shipping-taxable","12":"purchasable","13":"product-type-simple"},"bundled_by":["798","825","1014","1202","17685","17686","24210","31575","36397","36536","36689","36810"],"bundle_stock_status":"instock","bundle_stock_quantity":1212,"bundle_virtual":false,"bundle_layout":"","bundle_add_to_cart_form_location":"","bundle_editable_in_cart":false,"bundle_sold_individually_context":"","bundle_item_grouping":"","bundle_min_size":"","bundle_max_size":"","bundle_price":[],"bundled_items":[],"bundle_sell_ids":[],"acf":[],"_links":{"self":[{"href":"https:\/\/byrdgroup.com\/es\/wp-json\/wp\/v2\/product\/840","targetHints":{"allow":["GET"]}}],"collection":[{"href":"https:\/\/byrdgroup.com\/es\/wp-json\/wp\/v2\/product"}],"about":[{"href":"https:\/\/byrdgroup.com\/es\/wp-json\/wp\/v2\/types\/product"}],"replies":[{"embeddable":true,"href":"https:\/\/byrdgroup.com\/es\/wp-json\/wp\/v2\/comments?post=840"}],"wp:featuredmedia":[{"embeddable":true,"href":"https:\/\/byrdgroup.com\/es\/wp-json\/wp\/v2\/media\/23042"}],"wp:attachment":[{"href":"https:\/\/byrdgroup.com\/es\/wp-json\/wp\/v2\/media?parent=840"}],"wp:term":[{"taxonomy":"product_brand","embeddable":true,"href":"https:\/\/byrdgroup.com\/es\/wp-json\/wp\/v2\/product_brand?post=840"},{"taxonomy":"product_cat","embeddable":true,"href":"https:\/\/byrdgroup.com\/es\/wp-json\/wp\/v2\/product_cat?post=840"},{"taxonomy":"product_tag","embeddable":true,"href":"https:\/\/byrdgroup.com\/es\/wp-json\/wp\/v2\/product_tag?post=840"}],"curies":[{"name":"wp","href":"https:\/\/api.w.org\/{rel}","templated":true}]}}