{"id":825,"date":"2017-10-24T18:03:23","date_gmt":"2017-10-24T18:03:23","guid":{"rendered":"http:\/\/davidbyrdconsulting.com\/?post_type=product&#038;p=825"},"modified":"2024-09-07T07:35:54","modified_gmt":"2024-09-07T11:35:54","slug":"next-level-achievement-system-deluxe-edition-with-tablet-binder","status":"publish","type":"product","link":"https:\/\/byrdgroup.com\/es\/producto\/next-level-achievement-system-deluxe-edition-with-tablet-binder\/","title":{"rendered":"Next Level Achievement System \u2122 Edici\u00f3n Deluxe con encuadernaci\u00f3n de bolsillo exterior"},"content":{"rendered":"<p>El sistema de logros Next Level Achievement System \u2122 de David Byrd es el resultado de m\u00e1s de 30 a\u00f1os de experiencia y experiencia. Este sistema es f\u00e1cil de entender, de implementar y de duplicar dentro de su organizaci\u00f3n.<\/p>\n<p>Con la Edici\u00f3n Deluxe, recibir\u00e1 la carpeta de cremallera de lujo The Achievement Planner \u2122 con bolsillo exterior, un a\u00f1o completo de calendario y p\u00e1ginas diarias, declaraci\u00f3n de visi\u00f3n, declaraci\u00f3n de misi\u00f3n \/ prop\u00f3sito, proceso de objetivos anuales, seguimiento mensual, planificaci\u00f3n diaria, an\u00e1lisis de realidad actual, puede -Lista de tareas, evaluaci\u00f3n de efectividad mensual y hojas de seguimiento de indicadores clave de rendimiento semanales.<\/p>\n<p>Consulte la pesta\u00f1a &quot;Qu\u00e9 hay en la caja&quot; para ver la lista completa de elementos incluidos.<\/p>\n<p>El autor del planificador, David Byrd, describe The Achievement Planner \u2122 de esta manera,<\/p>\n<p>\u201c\u00a1El desarrollo efectivo del potencial humano requiere un sistema simple y efectivo que simplemente funcione! Olv\u00eddese de la elegante redacci\u00f3n y todas las campanas y silbidos, y busque un sistema probado que ofrezca resultados medibles &quot;.<\/p>","protected":false},"excerpt":{"rendered":"<div><\/div>\n<div><\/div>","protected":false},"featured_media":1224,"comment_status":"open","ping_status":"closed","template":"","meta":{"_acf_changed":false},"product_brand":[],"product_cat":[59],"product_tag":[],"class_list":{"0":"post-825","1":"product","2":"type-product","3":"status-publish","4":"has-post-thumbnail","6":"drybar-drybar","7":"team-freedom-team-freedom","8":"qsciences-qsciences","9":"corcoran-corcoran","10":"squeeze-squeeze","11":"product_cat-planners","13":"first","14":"instock","15":"taxable","16":"shipping-taxable","17":"purchasable","18":"product-type-bundle"},"bundled_by":[],"bundle_stock_status":"instock","bundle_stock_quantity":6,"bundle_virtual":false,"bundle_layout":"default","bundle_add_to_cart_form_location":"default","bundle_editable_in_cart":false,"bundle_sold_individually_context":"product","bundle_item_grouping":"parent","bundle_min_size":"","bundle_max_size":"","bundle_price":{"price":{"min":{"incl_tax":"99.95","excl_tax":"99.95"},"max":{"incl_tax":"99.95","excl_tax":"99.95"}},"regular_price":{"min":{"incl_tax":"99.95","excl_tax":"99.95"},"max":{"incl_tax":"99.95","excl_tax":"99.95"}}},"bundled_items":[{"bundled_item_id":56,"product_id":1015,"menu_order":0,"quantity_min":1,"quantity_max":1,"quantity_default":1,"priced_individually":false,"shipped_individually":false,"override_title":false,"title":"Calendario Tabs 12 Mes Set","override_description":false,"description":"","optional":false,"hide_thumbnail":true,"discount":"","override_variations":false,"allowed_variations":[],"override_default_variation_attributes":false,"default_variation_attributes":[],"single_product_visibility":"visible","cart_visibility":"visible","order_visibility":"visible","single_product_price_visibility":"visible","cart_price_visibility":"visible","order_price_visibility":"visible","stock_status":"in_stock"},{"bundled_item_id":57,"product_id":840,"menu_order":1,"quantity_min":1,"quantity_max":1,"quantity_default":1,"priced_individually":false,"shipped_individually":false,"override_title":false,"title":"Carpeta de cremallera de lujo Achievement Planner \u2122 con bolsillo exterior","override_description":false,"description":"","optional":false,"hide_thumbnail":false,"discount":"","override_variations":false,"allowed_variations":[],"override_default_variation_attributes":false,"default_variation_attributes":[],"single_product_visibility":"hidden","cart_visibility":"hidden","order_visibility":"visible","single_product_price_visibility":"visible","cart_price_visibility":"visible","order_price_visibility":"visible","stock_status":"in_stock"},{"bundled_item_id":58,"product_id":916,"menu_order":2,"quantity_min":1,"quantity_max":1,"quantity_default":1,"priced_individually":false,"shipped_individually":false,"override_title":false,"title":"Colored Tabs & Contents","override_description":false,"description":"","optional":false,"hide_thumbnail":false,"discount":"","override_variations":false,"allowed_variations":[],"override_default_variation_attributes":false,"default_variation_attributes":[],"single_product_visibility":"hidden","cart_visibility":"hidden","order_visibility":"visible","single_product_price_visibility":"visible","cart_price_visibility":"visible","order_price_visibility":"visible","stock_status":"in_stock"},{"bundled_item_id":59,"product_id":914,"menu_order":3,"quantity_min":1,"quantity_max":1,"quantity_default":1,"priced_individually":false,"shipped_individually":false,"override_title":false,"title":"Hoy Calendario P\u00e1ginas Diarias","override_description":false,"description":"","optional":false,"hide_thumbnail":false,"discount":"","override_variations":false,"allowed_variations":[],"override_default_variation_attributes":false,"default_variation_attributes":[],"single_product_visibility":"hidden","cart_visibility":"hidden","order_visibility":"visible","single_product_price_visibility":"visible","cart_price_visibility":"visible","order_price_visibility":"visible","stock_status":"in_stock"},{"bundled_item_id":60,"product_id":927,"menu_order":4,"quantity_min":1,"quantity_max":1,"quantity_default":1,"priced_individually":false,"shipped_individually":false,"override_title":false,"title":"HOY Bookmark","override_description":false,"description":"","optional":false,"hide_thumbnail":false,"discount":"","override_variations":false,"allowed_variations":[],"override_default_variation_attributes":false,"default_variation_attributes":[],"single_product_visibility":"hidden","cart_visibility":"hidden","order_visibility":"visible","single_product_price_visibility":"visible","cart_price_visibility":"visible","order_price_visibility":"visible","stock_status":"in_stock"},{"bundled_item_id":62,"product_id":1023,"menu_order":5,"quantity_min":1,"quantity_max":1,"quantity_default":1,"priced_individually":false,"shipped_individually":false,"override_title":false,"title":"Gu\u00eda de inicio del sistema de logros de siguiente nivel","override_description":false,"description":"","optional":false,"hide_thumbnail":false,"discount":"","override_variations":false,"allowed_variations":[],"override_default_variation_attributes":false,"default_variation_attributes":[],"single_product_visibility":"hidden","cart_visibility":"hidden","order_visibility":"visible","single_product_price_visibility":"visible","cart_price_visibility":"visible","order_price_visibility":"visible","stock_status":"in_stock"},{"bundled_item_id":63,"product_id":911,"menu_order":6,"quantity_min":1,"quantity_max":1,"quantity_default":1,"priced_individually":false,"shipped_individually":false,"override_title":false,"title":"La carpeta de almacenamiento de Achievement Planner \u2122","override_description":false,"description":"","optional":false,"hide_thumbnail":false,"discount":"","override_variations":false,"allowed_variations":[],"override_default_variation_attributes":false,"default_variation_attributes":[],"single_product_visibility":"hidden","cart_visibility":"hidden","order_visibility":"visible","single_product_price_visibility":"visible","cart_price_visibility":"visible","order_price_visibility":"visible","stock_status":"in_stock"},{"bundled_item_id":292,"product_id":1031,"menu_order":7,"quantity_min":1,"quantity_max":1,"quantity_default":1,"priced_individually":false,"shipped_individually":true,"override_title":false,"title":"David Byrd Audio para el planificador de logros Sistema de logros de siguiente nivel","override_description":false,"description":"","optional":false,"hide_thumbnail":false,"discount":"","override_variations":false,"allowed_variations":[],"override_default_variation_attributes":false,"default_variation_attributes":[],"single_product_visibility":"visible","cart_visibility":"visible","order_visibility":"visible","single_product_price_visibility":"visible","cart_price_visibility":"visible","order_price_visibility":"visible","stock_status":"in_stock"}],"bundle_sell_ids":[],"acf":[],"_links":{"self":[{"href":"https:\/\/byrdgroup.com\/es\/wp-json\/wp\/v2\/product\/825","targetHints":{"allow":["GET"]}}],"collection":[{"href":"https:\/\/byrdgroup.com\/es\/wp-json\/wp\/v2\/product"}],"about":[{"href":"https:\/\/byrdgroup.com\/es\/wp-json\/wp\/v2\/types\/product"}],"replies":[{"embeddable":true,"href":"https:\/\/byrdgroup.com\/es\/wp-json\/wp\/v2\/comments?post=825"}],"wp:featuredmedia":[{"embeddable":true,"href":"https:\/\/byrdgroup.com\/es\/wp-json\/wp\/v2\/media\/1224"}],"wp:attachment":[{"href":"https:\/\/byrdgroup.com\/es\/wp-json\/wp\/v2\/media?parent=825"}],"wp:term":[{"taxonomy":"product_brand","embeddable":true,"href":"https:\/\/byrdgroup.com\/es\/wp-json\/wp\/v2\/product_brand?post=825"},{"taxonomy":"product_cat","embeddable":true,"href":"https:\/\/byrdgroup.com\/es\/wp-json\/wp\/v2\/product_cat?post=825"},{"taxonomy":"product_tag","embeddable":true,"href":"https:\/\/byrdgroup.com\/es\/wp-json\/wp\/v2\/product_tag?post=825"}],"curies":[{"name":"wp","href":"https:\/\/api.w.org\/{rel}","templated":true}]}}