{"id":40920,"date":"2026-05-07T12:12:35","date_gmt":"2026-05-07T16:12:35","guid":{"rendered":"https:\/\/byrdgroup.com\/?post_type=product&#038;p=40920"},"modified":"2026-05-08T13:54:07","modified_gmt":"2026-05-08T17:54:07","slug":"belle-vie-discovery-retreat-spring-2027","status":"publish","type":"product","link":"https:\/\/byrdgroup.com\/es\/producto\/belle-vie-discovery-retreat-spring-2027\/","title":{"rendered":"Belle Vie Discovery Retreat Spring 2027 &#8211; France"},"content":{"rendered":"<p>Retiro Belle Vie Discovery, Francia<\/p>\n<p>Hosted by Jenni Byrd Grier<\/p>\n<p>April 16-23, 2027<\/p>\n<p>Explora las carreteras secundarias de Francia, saborea la aut\u00e9ntica cocina, saborea el mejor vino, recorre bodegas exclusivas, re\u00fanete con los en\u00f3logos, rel\u00e1jate y experimenta algunos de los mejores entrenamientos de vida que hayas recibido ... \u00bfsuena incre\u00edble? Ser\u00e1.<\/p>\n<p>Jenni lo guiar\u00e1 a trav\u00e9s de meditaciones transformadoras, lo ayudar\u00e1 a identificar sus creencias limitantes y resolver\u00e1 lo que\u00a0<em>t\u00fa<\/em> Necesito llegar a tu siguiente nivel. \u00a1Saldr\u00e1 del retiro con energ\u00eda y con la claridad que necesita para establecer nuevos h\u00e1bitos y comportamientos en el hogar para que usted se convierta en su verdadero ser!<\/p>\n<p>You will receive all meals, lodging and ground transportation in France, April 16-23, 2027, all wine and excursions with guide and professional life coaching with Jenni Byrd Grier in a cozy environment of 6-7 participants.<\/p>\n<p>For detailed itinerary, please visit this link: \u00a0<a href=\"https:\/\/belleviefranceretreat.com\/burgundy-and-pouilly-sur-loire\/\">https:\/\/belleviefranceretreat.com\/burgundy-and-pouilly-sur-loire\/<\/a><\/p>\n<p>The cost is $4,597 Double Occupancy or $5,597 Single Occupancy.<\/p>\n<h3><u>PAYMENT OPTIONS<\/u><\/h3>\n<p>Pay in full, $4,597 Double Occupancy or $5,597 Single Occupancy.<\/p>\n<p>Or, choose our convenient 6-month payment plan.<\/p>\n<h3 data-section-id=\"1wnvl3q\" data-start=\"0\" data-end=\"41\"><strong>CANCELLATION POLICY\u00a0 &amp; TRAVEL INSURANCE<\/strong><\/h3>\n<p data-start=\"43\" data-end=\"297\">A non-refundable deposit of $995 is required to reserve your space for the retreat. Due to the limited number of retreat spaces and advance commitments made on behalf of participants, all retreat payments are non-refundable unless otherwise stated below.<\/p>\n<p data-start=\"299\" data-end=\"577\">If you are unable to attend, you may transfer your reservation to another participant identified and approved by us. In this case, all payments made beyond the initial $995 deposit will be refunded once the replacement participant has completed registration and payment in full.<\/p>\n<p data-start=\"579\" data-end=\"706\">If a replacement participant cannot be secured, all retreat payments, including any remaining balance paid, are non-refundable.<\/p>\n<p data-start=\"708\" data-end=\"1079\">In the unlikely event that we must cancel the retreat due to circumstances beyond our control, all retreat payments, including the deposit, will be fully refunded. Please note that we are not responsible for additional expenses incurred outside of the retreat cost, including airfare, accommodations booked independently, transportation, or other travel-related expenses.<\/p>\n<h3 data-section-id=\"1mzfwx0\" data-start=\"1081\" data-end=\"1101\"><strong>Travel Insurance<\/strong><\/h3>\n<p data-start=\"1102\" data-end=\"1410\">We strongly encourage all participants to purchase comprehensive travel insurance to protect their investment in the retreat. We highly recommend selecting a policy that includes <strong data-start=\"1281\" data-end=\"1324\">Trip Cancellation\/Interruption coverage<\/strong> and, if additional flexibility is desired, <strong data-start=\"1368\" data-end=\"1400\">Cancel For Any Reason (CFAR)<\/strong> coverage.<\/p>\n<p data-start=\"1412\" data-end=\"1663\">Travel insurance may provide reimbursement for covered unforeseen events such as illness, family emergencies, travel delays, or other qualifying circumstances. CFAR coverage can offer broader cancellation flexibility, depending on the policy selected.<\/p>\n<p data-start=\"1412\" data-end=\"1663\">Participants may purchase travel insurance through any provider of their choice. For international retreat travel, many participants choose providers such as Allianz or Chubb for trip cancellation, interruption, medical, and travel delay coverage. If additional flexibility is desired, participants may wish to explore policies that include Cancel For Any Reason (CFAR) coverage.<\/p>\n<p data-start=\"1665\" data-end=\"1855\" data-is-last-node=\"\" data-is-only-node=\"\">If you purchase travel insurance independently and need to file a claim, we are happy to provide documentation including receipts and a written notice of cancellation for insurance purposes. Two travel companies<\/p>\n<p>&nbsp;<\/p>\n<p>&nbsp;<\/p>\n<p>&nbsp;<\/p>","protected":false},"excerpt":{"rendered":"<p>An intimate journey of personal development surrounded by the beautiful vineyards of France hosted by Jenni Byrd Grier.<\/p>\n<p>April 16-23, 2027<\/p>\n<p>$4,597 Double Occupancy\/$5,597 Single Occupancy<\/p>\n<p>&nbsp;<\/p>\n<p>&nbsp;<\/p>","protected":false},"featured_media":37505,"comment_status":"open","ping_status":"closed","template":"","meta":{"_acf_changed":false},"product_brand":[],"product_cat":[70],"product_tag":[],"class_list":{"0":"post-40920","1":"product","2":"type-product","3":"status-publish","4":"has-post-thumbnail","6":"product_cat-retreats-and-workshops","8":"first","9":"instock","10":"purchasable","11":"product-type-variable-subscription"},"bundled_by":[],"bundle_stock_status":"instock","bundle_stock_quantity":6,"bundle_virtual":false,"bundle_layout":"","bundle_add_to_cart_form_location":"","bundle_editable_in_cart":false,"bundle_sold_individually_context":"","bundle_item_grouping":"","bundle_min_size":"","bundle_max_size":"","bundle_price":[],"bundled_items":[],"bundle_sell_ids":[],"acf":[],"_links":{"self":[{"href":"https:\/\/byrdgroup.com\/es\/wp-json\/wp\/v2\/product\/40920","targetHints":{"allow":["GET"]}}],"collection":[{"href":"https:\/\/byrdgroup.com\/es\/wp-json\/wp\/v2\/product"}],"about":[{"href":"https:\/\/byrdgroup.com\/es\/wp-json\/wp\/v2\/types\/product"}],"replies":[{"embeddable":true,"href":"https:\/\/byrdgroup.com\/es\/wp-json\/wp\/v2\/comments?post=40920"}],"wp:featuredmedia":[{"embeddable":true,"href":"https:\/\/byrdgroup.com\/es\/wp-json\/wp\/v2\/media\/37505"}],"wp:attachment":[{"href":"https:\/\/byrdgroup.com\/es\/wp-json\/wp\/v2\/media?parent=40920"}],"wp:term":[{"taxonomy":"product_brand","embeddable":true,"href":"https:\/\/byrdgroup.com\/es\/wp-json\/wp\/v2\/product_brand?post=40920"},{"taxonomy":"product_cat","embeddable":true,"href":"https:\/\/byrdgroup.com\/es\/wp-json\/wp\/v2\/product_cat?post=40920"},{"taxonomy":"product_tag","embeddable":true,"href":"https:\/\/byrdgroup.com\/es\/wp-json\/wp\/v2\/product_tag?post=40920"}],"curies":[{"name":"wp","href":"https:\/\/api.w.org\/{rel}","templated":true}]}}