{"id":40091,"date":"2025-05-12T18:11:01","date_gmt":"2025-05-12T22:11:01","guid":{"rendered":"https:\/\/byrdgroup.com\/?post_type=product&#038;p=40091"},"modified":"2026-03-28T20:10:46","modified_gmt":"2026-03-29T00:10:46","slug":"tuscany-retreat-spring-2027","status":"publish","type":"product","link":"https:\/\/byrdgroup.com\/es\/producto\/tuscany-retreat-spring-2027\/","title":{"rendered":"Tuscany Retreat 2027"},"content":{"rendered":"<p>Tuscany Retreat<\/p>\n<p>Hosted by Jenni Byrd Grier<\/p>\n<p>February 27 &#8211; March 6, 2027<\/p>\n<p>Explore the quintessential Tuscan towns, savor authentic cuisine, sip the best wine, learn to make pasta, unwind and experience some of the best life coaching you&#8217;ve ever received&#8230;sound amazing? It will be. This retreat combines food, culture, life coaching and fun into an experience of a lifetime!<\/p>\n<p>Your home for the week will be a beautiful villa in Torrita di Siena &#8211; a lovely Tuscan town just 45 minutes from Siena.\u00a0 Jenni will guide you through transformative meditations, help you identify your limiting beliefs and resolve what <em>t\u00fa<\/em> Necesito llegar a tu siguiente nivel. \u00a1Saldr\u00e1 del retiro con energ\u00eda y con la claridad que necesita para establecer nuevos h\u00e1bitos y comportamientos en el hogar para que usted se convierta en su verdadero ser!<\/p>\n<p>You will receive all meals, lodging and ground transportation in Tuscany, all excursions, and professional life coaching with Jenni Byrd Grier in a cozy environment of a small group of participants.\u00a0 Participants are responsible for their own air travel to Italy and transportation to\/from the villa.\u00a0 Your transportation to the villa on Feb 27 and back to airport on March 6th can be arranged by Jenni.\u00a0 This is an additional cost and is typically around $85-$150 per person each way (if we get multiple people to travel together).\u00a0 Once you register for the retreat Jenni will reach out to you to see if you would like her to coordinate your transportation to the villa.<\/p>\n<p>Participants arrive on February 27 and make their way to the villa.\u00a0 We will have a group welcome dinner together that evening at the villa.\u00a0 Retreat participants will have life coaching, meditation sessions, and group excursions February 27-March 5.\u00a0 We will depart the villa on the morning of March 6th.<\/p>\n<p>The cost is $4,597 Double Occupancy or $5,997 Single Occupancy.<\/p>\n<p><span style=\"text-decoration: underline;\"><strong>Opciones de pago:<\/strong><\/span><\/p>\n<p>Pay in full, $4,597 Double Occupancy or $5,997 Single Occupancy.<\/p>\n<p>Or, choose our convenient payment plan.<\/p>\n<p><strong>*IMPORTANT\u00a0 &#8211; <\/strong><strong>Cancellation Policy \u2013 A retreat deposit of $995 is non-refundable. If you are able to find a replacement participant, then your retreat payment (minus deposit) will be refundable.\u00a0 If a replacement participant cannot be secured, then all retreat payments are non-refundable.\u00a0 If I have to cancel the retreat because of circumstances out of our control then 100% of retreat payment and deposit will be refundable.\u00a0<\/strong><\/p>\n<p><em><strong>Note: If you purchased travel insurance on your own, you can file a claim with your travel insurance provider for reimbursement of the non-refundable portion of your retreat payment. We can provide you with a receipt and notice of cancellation for this insurance claim.\u00a0<\/strong><\/em><\/p>\n<p>&nbsp;<\/p>\n<p>&nbsp;<\/p>\n<p>&nbsp;<\/p>\n<p>&nbsp;<\/p>","protected":false},"excerpt":{"rendered":"<p>An intimate journey of personal development surrounded by the beautiful scenery of Tuscany hosted by Jenni Byrd Grier.<\/p>\n<p>February 27 &#8211; March 6, 2027<\/p>\n<p>$4,597 Double Occupancy\/$5,995 Single Occupancy.<\/p>\n<p>&nbsp;<\/p>\n<p>&nbsp;<\/p>","protected":false},"featured_media":39210,"comment_status":"open","ping_status":"closed","template":"","meta":{"_acf_changed":false},"product_brand":[],"product_cat":[70],"product_tag":[],"class_list":{"0":"post-40091","1":"product","2":"type-product","3":"status-publish","4":"has-post-thumbnail","6":"product_cat-retreats-and-workshops","8":"first","9":"instock","10":"purchasable","11":"product-type-variable-subscription"},"bundled_by":[],"bundle_stock_status":"instock","bundle_stock_quantity":16,"bundle_virtual":false,"bundle_layout":"","bundle_add_to_cart_form_location":"","bundle_editable_in_cart":false,"bundle_sold_individually_context":"","bundle_item_grouping":"","bundle_min_size":"","bundle_max_size":"","bundle_price":[],"bundled_items":[],"bundle_sell_ids":[],"acf":[],"_links":{"self":[{"href":"https:\/\/byrdgroup.com\/es\/wp-json\/wp\/v2\/product\/40091","targetHints":{"allow":["GET"]}}],"collection":[{"href":"https:\/\/byrdgroup.com\/es\/wp-json\/wp\/v2\/product"}],"about":[{"href":"https:\/\/byrdgroup.com\/es\/wp-json\/wp\/v2\/types\/product"}],"replies":[{"embeddable":true,"href":"https:\/\/byrdgroup.com\/es\/wp-json\/wp\/v2\/comments?post=40091"}],"wp:featuredmedia":[{"embeddable":true,"href":"https:\/\/byrdgroup.com\/es\/wp-json\/wp\/v2\/media\/39210"}],"wp:attachment":[{"href":"https:\/\/byrdgroup.com\/es\/wp-json\/wp\/v2\/media?parent=40091"}],"wp:term":[{"taxonomy":"product_brand","embeddable":true,"href":"https:\/\/byrdgroup.com\/es\/wp-json\/wp\/v2\/product_brand?post=40091"},{"taxonomy":"product_cat","embeddable":true,"href":"https:\/\/byrdgroup.com\/es\/wp-json\/wp\/v2\/product_cat?post=40091"},{"taxonomy":"product_tag","embeddable":true,"href":"https:\/\/byrdgroup.com\/es\/wp-json\/wp\/v2\/product_tag?post=40091"}],"curies":[{"name":"wp","href":"https:\/\/api.w.org\/{rel}","templated":true}]}}