{"id":40023,"date":"2025-03-31T20:19:36","date_gmt":"2025-04-01T00:19:36","guid":{"rendered":"https:\/\/byrdgroup.com\/?post_type=product&#038;p=40023"},"modified":"2026-03-16T14:22:46","modified_gmt":"2026-03-16T18:22:46","slug":"belle-vie-discovery-retreat-spring-2026-france","status":"publish","type":"product","link":"https:\/\/byrdgroup.com\/es\/producto\/belle-vie-discovery-retreat-spring-2026-france\/","title":{"rendered":"Belle Vie Discovery Retreat Spring 2026 &#8211; France"},"content":{"rendered":"<p>Retiro Belle Vie Discovery, Francia<\/p>\n<p>Hosted by Jenni Byrd Grier<\/p>\n<p>April 26-May 3rd, 2026<\/p>\n<p>Explora las carreteras secundarias de Francia, saborea la aut\u00e9ntica cocina, saborea el mejor vino, recorre bodegas exclusivas, re\u00fanete con los en\u00f3logos, rel\u00e1jate y experimenta algunos de los mejores entrenamientos de vida que hayas recibido ... \u00bfsuena incre\u00edble? Ser\u00e1.<\/p>\n<p>Jenni lo guiar\u00e1 a trav\u00e9s de meditaciones transformadoras, lo ayudar\u00e1 a identificar sus creencias limitantes y resolver\u00e1 lo que\u00a0<em>t\u00fa<\/em> Necesito llegar a tu siguiente nivel. \u00a1Saldr\u00e1 del retiro con energ\u00eda y con la claridad que necesita para establecer nuevos h\u00e1bitos y comportamientos en el hogar para que usted se convierta en su verdadero ser!<\/p>\n<p>You will receive all meals, lodging and ground transportation in France, April 26-May 3, 2026, all wine and excursions with guide and professional life coaching with Jenni Byrd Grier in a cozy environment of 8-10 participants.<\/p>\n<p>For detailed itinerary, please visit this link: \u00a0<a href=\"https:\/\/belleviefranceretreat.com\/burgundy-and-pouilly-sur-loire\/\">https:\/\/belleviefranceretreat.com\/burgundy-and-pouilly-sur-loire\/<\/a><\/p>\n<p>The cost is $4,395 Double Occupancy or $5,395 Single Occupancy.<\/p>\n<p><span style=\"text-decoration: underline;\"><strong>Opciones de pago:<\/strong><\/span><\/p>\n<p>Pay in full, $4,395 Double Occupancy or $5,395 Single Occupancy.<\/p>\n<p>Or, choose our convenient payment plan.<\/p>\n<p><strong>**Cancellation Policy &#8211; A retreat deposit of $995 is non-refundable. If you are able to find a replacement participant, then your retreat payment (minus deposit) will be refundable.\u00a0 If a replacement participant cannot be secured, then all retreat payments are non-refundable.\u00a0 If we have to cancel the retreat because of circumstances out of our control then 100% of retreat payment and deposit will be refundable.\u00a0<\/strong><\/p>\n<p><em><strong>Note: If you purchased travel insurance on your own, you can file a claim with your travel insurance provider for reimbursement of the non-refundable portion of your retreat payment. We can provide you with a receipt and notice of cancellation for this insurance claim.\u00a0<\/strong><\/em><\/p>\n<p>&nbsp;<\/p>\n<p>&nbsp;<\/p>\n<p>&nbsp;<\/p>","protected":false},"excerpt":{"rendered":"<p>An intimate journey of personal development surrounded by the beautiful vineyards of France hosted by Jenni Byrd Grier.<\/p>\n<p>April 26- May 3, 2026<\/p>\n<p>$4,395 Double Occupancy\/$5,395 Single Occupancy.<\/p>\n<p>&nbsp;<\/p>\n<p>&nbsp;<\/p>","protected":false},"featured_media":39341,"comment_status":"open","ping_status":"closed","template":"","meta":{"_acf_changed":false},"product_brand":[],"product_cat":[70],"product_tag":[],"class_list":{"0":"post-40023","1":"product","2":"type-product","3":"status-publish","4":"has-post-thumbnail","6":"product_cat-retreats-and-workshops","8":"first","9":"outofstock","10":"purchasable","11":"product-type-variable-subscription"},"bundled_by":[],"bundle_stock_status":"outofstock","bundle_stock_quantity":-28,"bundle_virtual":false,"bundle_layout":"","bundle_add_to_cart_form_location":"","bundle_editable_in_cart":false,"bundle_sold_individually_context":"","bundle_item_grouping":"","bundle_min_size":"","bundle_max_size":"","bundle_price":[],"bundled_items":[],"bundle_sell_ids":[],"acf":[],"_links":{"self":[{"href":"https:\/\/byrdgroup.com\/es\/wp-json\/wp\/v2\/product\/40023","targetHints":{"allow":["GET"]}}],"collection":[{"href":"https:\/\/byrdgroup.com\/es\/wp-json\/wp\/v2\/product"}],"about":[{"href":"https:\/\/byrdgroup.com\/es\/wp-json\/wp\/v2\/types\/product"}],"replies":[{"embeddable":true,"href":"https:\/\/byrdgroup.com\/es\/wp-json\/wp\/v2\/comments?post=40023"}],"wp:featuredmedia":[{"embeddable":true,"href":"https:\/\/byrdgroup.com\/es\/wp-json\/wp\/v2\/media\/39341"}],"wp:attachment":[{"href":"https:\/\/byrdgroup.com\/es\/wp-json\/wp\/v2\/media?parent=40023"}],"wp:term":[{"taxonomy":"product_brand","embeddable":true,"href":"https:\/\/byrdgroup.com\/es\/wp-json\/wp\/v2\/product_brand?post=40023"},{"taxonomy":"product_cat","embeddable":true,"href":"https:\/\/byrdgroup.com\/es\/wp-json\/wp\/v2\/product_cat?post=40023"},{"taxonomy":"product_tag","embeddable":true,"href":"https:\/\/byrdgroup.com\/es\/wp-json\/wp\/v2\/product_tag?post=40023"}],"curies":[{"name":"wp","href":"https:\/\/api.w.org\/{rel}","templated":true}]}}