{"id":36838,"date":"2022-05-23T12:02:19","date_gmt":"2022-05-23T17:02:19","guid":{"rendered":"https:\/\/byrdgroup.com\/?post_type=product&#038;p=36838"},"modified":"2022-10-25T14:55:38","modified_gmt":"2022-10-25T19:55:38","slug":"ffl_cornerstone_ldp","status":"publish","type":"product","link":"https:\/\/byrdgroup.com\/es\/producto\/ffl_cornerstone_ldp\/","title":{"rendered":"FFL Cornerstone Leadership Development Program"},"content":{"rendered":"<p>A monthly coaching program for FFL Cornerstone team members that consists of individual coaching sessions with either Jenni Byrd Grier or David Byrd. Coaching sessions are held monthly and will assist in the implementation of the Next Level Achievement System, as well as developing more effective and proactive behaviors that drive clarity, focus, perspective and balance. <em>Compra de la <span style=\"color: #0000ff;\">Sistema de Logro de Siguiente Nivel<\/span> requerido para el coaching.<\/em><\/p>\n<p><strong>TU PLAN<\/strong><\/p>\n<ul>\n<li><b>Mensual privado<\/b> coaching sessions designed specifically for FFL Cornerstone. Consists of one monthly call that can be done from the privacy of your home with Jenni Byrd Grier or David Byrd. Sessions are held at times that best fit your schedule.<\/li>\n<li>Conozca la base del Next Level Achievement System \u2122, que incluye\u00a0<strong>Visi\u00f3n, planificaci\u00f3n diaria, planificaci\u00f3n mensual, actividades de alto rendimiento y medici\u00f3n de su efectividad.<\/strong><\/li>\n<li>Los participantes deben procurar\u00a0<span style=\"color: #0000ff;\">El Sistema de Logro de Siguiente Nivel \u2122<\/span>\u00a0Antes de la primera sesi\u00f3n de entrenamiento.<\/li>\n<li>Once you have signed up for coaching, you will be charged the first quarterly payment of $1,500 immediately. The payment begins the quarterly charge straight away and will automatically charge you on the same date at your next billing cycle.<\/li>\n<\/ul>","protected":false},"excerpt":{"rendered":"<p>Monthly 1:1 private coaching session designed specifically for FFL Cornerstone team members with David Byrd or Jenni Byrd Grier. This is a unique program to help you take your personal and professional life to the next level.<\/p>","protected":false},"featured_media":36841,"comment_status":"open","ping_status":"closed","template":"","meta":{"_acf_changed":false},"product_brand":[],"product_cat":[61,93],"product_tag":[],"class_list":{"0":"post-36838","1":"product","2":"type-product","3":"status-publish","4":"has-post-thumbnail","6":"fflcornerstone-fflcornerstone","7":"product_cat-coaching-services","8":"product_cat-shopremoval","10":"first","11":"instock","12":"purchasable","13":"product-type-variable-subscription"},"bundled_by":[],"bundle_stock_status":"instock","bundle_stock_quantity":null,"bundle_virtual":false,"bundle_layout":"","bundle_add_to_cart_form_location":"","bundle_editable_in_cart":false,"bundle_sold_individually_context":"","bundle_item_grouping":"","bundle_min_size":"","bundle_max_size":"","bundle_price":[],"bundled_items":[],"bundle_sell_ids":[],"acf":[],"_links":{"self":[{"href":"https:\/\/byrdgroup.com\/es\/wp-json\/wp\/v2\/product\/36838","targetHints":{"allow":["GET"]}}],"collection":[{"href":"https:\/\/byrdgroup.com\/es\/wp-json\/wp\/v2\/product"}],"about":[{"href":"https:\/\/byrdgroup.com\/es\/wp-json\/wp\/v2\/types\/product"}],"replies":[{"embeddable":true,"href":"https:\/\/byrdgroup.com\/es\/wp-json\/wp\/v2\/comments?post=36838"}],"wp:featuredmedia":[{"embeddable":true,"href":"https:\/\/byrdgroup.com\/es\/wp-json\/wp\/v2\/media\/36841"}],"wp:attachment":[{"href":"https:\/\/byrdgroup.com\/es\/wp-json\/wp\/v2\/media?parent=36838"}],"wp:term":[{"taxonomy":"product_brand","embeddable":true,"href":"https:\/\/byrdgroup.com\/es\/wp-json\/wp\/v2\/product_brand?post=36838"},{"taxonomy":"product_cat","embeddable":true,"href":"https:\/\/byrdgroup.com\/es\/wp-json\/wp\/v2\/product_cat?post=36838"},{"taxonomy":"product_tag","embeddable":true,"href":"https:\/\/byrdgroup.com\/es\/wp-json\/wp\/v2\/product_tag?post=36838"}],"curies":[{"name":"wp","href":"https:\/\/api.w.org\/{rel}","templated":true}]}}