{"id":35679,"date":"2021-09-30T12:43:12","date_gmt":"2021-09-30T17:43:12","guid":{"rendered":"https:\/\/byrdgroup.com\/?post_type=product&#038;p=35679"},"modified":"2021-10-01T12:51:58","modified_gmt":"2021-10-01T17:51:58","slug":"create-a-life-you-love-olp","status":"publish","type":"product","link":"https:\/\/byrdgroup.com\/es\/producto\/create-a-life-you-love-olp\/","title":{"rendered":"Create a Life You Love Online Program"},"content":{"rendered":"<p style=\"font-weight: 400;\">\u00bfEs REAL el cambio incluso posible?<\/p>\n<p style=\"font-weight: 400;\">\u00a1La respuesta es s\u00ed!<\/p>\n<p style=\"font-weight: 400;\">Imagine this\u2026It is possible and scientifically proven that you can step into a new life of your own design and begin receiving what you most deeply desire. If you feel that you are ready for lasting transformation, you can start that journey today by joining me in a 12-part online program designed to do just that.\u00a0 This program can be done at your own pace, from the comfort of your home, and you will have lifetime access to the program.<\/p>\n<p style=\"font-weight: 400;\">Each session we\u2019ll delve into big ideas and cutting-edge science about things like the power of your thoughts; understanding limiting beliefs and how to permanently release them; the effective practice of calming your mind; how to access your own intuition; and the how-to beginning steps in creating lasting change in your life.<\/p>\n<p style=\"font-weight: 400;\">This program will help you with a personal, sustainable plan to start living your best life right now! With each session you will get the action steps you need to take to create change.\u00a0 In addition, at the end of each session, I\u2019ll guide you through a visualization technique which is designed to create a new conscious awareness of your true \u201cself\u201d and the life you genuinely desire. This program is designed to help you create that life with which you can genuinely fall in love. Creating the authentic life you love is possible, powerful, and potentially life-changing.<\/p>\n<p style=\"font-weight: 400;\"><strong>WHY THIS PROGRAM?<\/strong><\/p>\n<p style=\"font-weight: 400;\">Hace cinco a\u00f1os exist\u00eda pero no viv\u00eda realmente la vida que quer\u00eda. Trataba de cumplir con las exigencias de mi trabajo corporativo, mantener a nuestra familia en funcionamiento, ser una esposa y ser una madre para mis hijos. Honestamente pens\u00e9 que estaba haciendo bien. \u00a1No me di cuenta de que no era consciente de c\u00f3mo el estr\u00e9s estaba dictando mi existencia diaria! Vivir en las emociones del estr\u00e9s comenz\u00f3 a sentirse normal. Me hab\u00eda convencido a m\u00ed misma de que ni siquiera ten\u00eda tiempo para detenerme y pensar en la vida que realmente necesitaba y deseaba.<\/p>\n<p style=\"font-weight: 400;\">Finalmente, decidiendo que ya era suficiente, sab\u00eda que ten\u00eda que hacer cambios. Todo comenz\u00f3 haciendo la elecci\u00f3n de invertir en m\u00ed mismo. Comenc\u00e9 a aprovechar el tiempo para ser m\u00e1s conscientes, y por eso cre\u00e9 herramientas que podr\u00eda usar para crear un cambio duradero. Asist\u00ed a conferencias y seminarios e incluso busqu\u00e9 profesionales que est\u00e9n capacitados en el cambio de la vida. A partir de ese proceso comenc\u00e9 a vislumbrar una nueva vida que realmente podr\u00eda amar.<\/p>\n<p style=\"font-weight: 400;\">You, too, may be a busy professional and can\u2019t find the time to just be still. You may be thinking about what to do differently in your own life. That is why I am so proud of this new online program!\u00a0\u00a0From the comfort of your own home, you can go through the entire program at your own pace. I will take you through an experience that has been personally tested and scientifically validated. You can directly experience awakening a power within and creating a life you love. This program can be your next step in intentionally creating the space and time in your life to focus on becoming a better version of yourself, to reach a new NEXT LEVEL, both personally and professionally.<\/p>\n<p style=\"font-weight: 400;\">La conclusi\u00f3n es esta ... No puedes crear una nueva vida a partir de recuerdos del pasado; una nueva conciencia solo puede venir de nuevas experiencias. Sin embargo, usted debe hacer una elecci\u00f3n. Entonces, la pregunta es: \u201c\u00bfEst\u00e1s listo para dar el primer paso para crear un cambio duradero?\u201d A\u00a0<strong>vida \u00fanica y abundante<\/strong>\u00a0est\u00e1 a su alcance! Simplemente inicie el proceso haciendo la elecci\u00f3n. \u00a1Qu\u00e9 incre\u00edble regalo para ti!<\/p>\n<p style=\"font-weight: 400;\">I truly believe there is a divine energy present when an individual opens up and sets the intention of simply getting better. I look forward to you participating in the program and hearing about your transformation!\u00a0 Until then, I wish you abundance and blessings.<\/p>","protected":false},"excerpt":{"rendered":"<p>A TRANSFORMATIONAL ONLINE PROGRAM<\/p>\n<p>WITH JENNI BYRD GRIER<\/p>","protected":false},"featured_media":35684,"comment_status":"open","ping_status":"closed","template":"","meta":{"_acf_changed":false},"product_brand":[],"product_cat":[61,93],"product_tag":[],"class_list":{"0":"post-35679","1":"product","2":"type-product","3":"status-publish","4":"has-post-thumbnail","6":"product_cat-coaching-services","7":"product_cat-shopremoval","9":"first","10":"instock","11":"virtual","12":"purchasable","13":"product-type-simple"},"bundled_by":[],"bundle_stock_status":"instock","bundle_stock_quantity":null,"bundle_virtual":false,"bundle_layout":"","bundle_add_to_cart_form_location":"","bundle_editable_in_cart":false,"bundle_sold_individually_context":"","bundle_item_grouping":"","bundle_min_size":"","bundle_max_size":"","bundle_price":[],"bundled_items":[],"bundle_sell_ids":[],"acf":[],"_links":{"self":[{"href":"https:\/\/byrdgroup.com\/es\/wp-json\/wp\/v2\/product\/35679","targetHints":{"allow":["GET"]}}],"collection":[{"href":"https:\/\/byrdgroup.com\/es\/wp-json\/wp\/v2\/product"}],"about":[{"href":"https:\/\/byrdgroup.com\/es\/wp-json\/wp\/v2\/types\/product"}],"replies":[{"embeddable":true,"href":"https:\/\/byrdgroup.com\/es\/wp-json\/wp\/v2\/comments?post=35679"}],"wp:featuredmedia":[{"embeddable":true,"href":"https:\/\/byrdgroup.com\/es\/wp-json\/wp\/v2\/media\/35684"}],"wp:attachment":[{"href":"https:\/\/byrdgroup.com\/es\/wp-json\/wp\/v2\/media?parent=35679"}],"wp:term":[{"taxonomy":"product_brand","embeddable":true,"href":"https:\/\/byrdgroup.com\/es\/wp-json\/wp\/v2\/product_brand?post=35679"},{"taxonomy":"product_cat","embeddable":true,"href":"https:\/\/byrdgroup.com\/es\/wp-json\/wp\/v2\/product_cat?post=35679"},{"taxonomy":"product_tag","embeddable":true,"href":"https:\/\/byrdgroup.com\/es\/wp-json\/wp\/v2\/product_tag?post=35679"}],"curies":[{"name":"wp","href":"https:\/\/api.w.org\/{rel}","templated":true}]}}