{"id":35522,"date":"2021-09-27T14:17:29","date_gmt":"2021-09-27T19:17:29","guid":{"rendered":"https:\/\/byrdgroup.com\/?post_type=product&#038;p=35522"},"modified":"2021-11-15T13:59:57","modified_gmt":"2021-11-15T18:59:57","slug":"effective-annual-planning-with-david-byrd","status":"publish","type":"product","link":"https:\/\/byrdgroup.com\/es\/producto\/effective-annual-planning-with-david-byrd\/","title":{"rendered":"Effective Annual Planning with David Byrd"},"content":{"rendered":"<p><b>\u00bfTiene metas para lo que quiere lograr el pr\u00f3ximo a\u00f1o pero no sabe c\u00f3mo implementar el plan?<\/b>\u00a0 \u00bfTe abrumas f\u00e1cilmente con tus objetivos y no sabes por d\u00f3nde empezar? \u00bfTe encuentras haciendo planes de &quot;todo o nada&quot; para lograr tus objetivos solo para encontrarte chocando tres d\u00edas despu\u00e9s bajo el peso del plan? Aprenda a superar estos obst\u00e1culos y planifique su a\u00f1o de manera efectiva utilizando el mismo m\u00e9todo que David Byrd usa para prepararse para un nuevo a\u00f1o.<\/p>\n<p><b>What You Can Expect From This Video Series:<\/b><\/p>\n<ol>\n<li>Taught by David Byrd personally from his 40+ years of experience in working with organizational and individual annual planning.<\/li>\n<li class=\"m_103816620236976693MsoListParagraph\">Sistema \u00fanico de combinaci\u00f3n de objetivos y visi\u00f3n en el mismo proceso.<\/li>\n<li class=\"m_103816620236976693MsoListParagraph\">Comprensi\u00f3n clara de por qu\u00e9 algunos planes se olvidan al final del primer trimestre.<\/li>\n<li class=\"m_103816620236976693MsoListParagraph\">C\u00f3mo realizar un seguimiento y mantener sus esfuerzos hacia sus objetivos anuales para todo el a\u00f1o.<\/li>\n<li>How to set yourself up to win in the New Year!<\/li>\n<li>Over 2-1\/2 hours of training with lifetime access!<\/li>\n<\/ol>\n<p>&nbsp;<\/p>","protected":false},"excerpt":{"rendered":"<p>Learn how to effectively plan your year using the method David uses himself in this 4-session online program lead by David Byrd himself!<\/p>\n<p>&nbsp;<\/p>","protected":false},"featured_media":35570,"comment_status":"closed","ping_status":"closed","template":"","meta":{"_acf_changed":false},"product_brand":[],"product_cat":[61],"product_tag":[],"class_list":{"0":"post-35522","1":"product","2":"type-product","3":"status-publish","4":"has-post-thumbnail","6":"product_cat-coaching-services","8":"first","9":"instock","10":"virtual","11":"purchasable","12":"product-type-simple"},"bundled_by":["35789"],"bundle_stock_status":"instock","bundle_stock_quantity":null,"bundle_virtual":false,"bundle_layout":"","bundle_add_to_cart_form_location":"","bundle_editable_in_cart":false,"bundle_sold_individually_context":"","bundle_item_grouping":"","bundle_min_size":"","bundle_max_size":"","bundle_price":[],"bundled_items":[],"bundle_sell_ids":[],"acf":[],"_links":{"self":[{"href":"https:\/\/byrdgroup.com\/es\/wp-json\/wp\/v2\/product\/35522","targetHints":{"allow":["GET"]}}],"collection":[{"href":"https:\/\/byrdgroup.com\/es\/wp-json\/wp\/v2\/product"}],"about":[{"href":"https:\/\/byrdgroup.com\/es\/wp-json\/wp\/v2\/types\/product"}],"replies":[{"embeddable":true,"href":"https:\/\/byrdgroup.com\/es\/wp-json\/wp\/v2\/comments?post=35522"}],"wp:featuredmedia":[{"embeddable":true,"href":"https:\/\/byrdgroup.com\/es\/wp-json\/wp\/v2\/media\/35570"}],"wp:attachment":[{"href":"https:\/\/byrdgroup.com\/es\/wp-json\/wp\/v2\/media?parent=35522"}],"wp:term":[{"taxonomy":"product_brand","embeddable":true,"href":"https:\/\/byrdgroup.com\/es\/wp-json\/wp\/v2\/product_brand?post=35522"},{"taxonomy":"product_cat","embeddable":true,"href":"https:\/\/byrdgroup.com\/es\/wp-json\/wp\/v2\/product_cat?post=35522"},{"taxonomy":"product_tag","embeddable":true,"href":"https:\/\/byrdgroup.com\/es\/wp-json\/wp\/v2\/product_tag?post=35522"}],"curies":[{"name":"wp","href":"https:\/\/api.w.org\/{rel}","templated":true}]}}