{"id":34724,"date":"2021-06-04T09:18:38","date_gmt":"2021-06-04T14:18:38","guid":{"rendered":"https:\/\/byrdgroup.com\/?post_type=product&#038;p=34724"},"modified":"2022-04-20T12:30:54","modified_gmt":"2022-04-20T17:30:54","slug":"next-level-11-group-coaching-with-david-byrd-monthly-payment-plan","status":"publish","type":"product","link":"https:\/\/byrdgroup.com\/es\/producto\/next-level-11-group-coaching-with-david-byrd-monthly-payment-plan\/","title":{"rendered":"Next Level Group Coaching With David Byrd &#8211; Monthly Payment Plan"},"content":{"rendered":"<p><strong>TU PLAN<\/strong><\/p>\n<ul>\n<li><b>Monthly group<\/b> coaching sessions David Byrd using <em>Enfocar<\/em> Videoconferencia online.<\/li>\n<li>Conozca la base del Next Level Achievement System \u2122, que incluye\u00a0<strong>Visi\u00f3n, planificaci\u00f3n diaria, planificaci\u00f3n mensual, actividades de alto rendimiento y medici\u00f3n de su efectividad.<\/strong><\/li>\n<li>Coaching sessions can be customized to meet the needs of the group.<\/li>\n<li>Payment of $300 per month will be billed monthly until you cancel.<\/li>\n<\/ul>\n<p>&nbsp;<\/p>","protected":false},"excerpt":{"rendered":"<p><strong>Monthly group<\/strong> coaching sessions with David Byrd using <em>Enfocar<\/em> Videoconferencia online.<\/p>\n<p>Para m\u00e1s informaci\u00f3n sobre nuestro coaching personalizado, por favor\u00a0<a href=\"http:\/\/davidbyrdconsulting.com\/personalized-coaching\/\">Cont\u00e1ctenos.<\/a><\/p>","protected":false},"featured_media":32585,"comment_status":"open","ping_status":"closed","template":"","meta":{"_acf_changed":false},"product_brand":[],"product_cat":[61,93],"product_tag":[],"class_list":{"0":"post-34724","1":"product","2":"type-product","3":"status-publish","4":"has-post-thumbnail","6":"product_cat-coaching-services","7":"product_cat-shopremoval","9":"first","10":"instock","11":"virtual","12":"purchasable","13":"product-type-subscription"},"bundled_by":[],"bundle_stock_status":"instock","bundle_stock_quantity":null,"bundle_virtual":false,"bundle_layout":"","bundle_add_to_cart_form_location":"","bundle_editable_in_cart":false,"bundle_sold_individually_context":"","bundle_item_grouping":"","bundle_min_size":"","bundle_max_size":"","bundle_price":[],"bundled_items":[],"bundle_sell_ids":[],"acf":[],"_links":{"self":[{"href":"https:\/\/byrdgroup.com\/es\/wp-json\/wp\/v2\/product\/34724","targetHints":{"allow":["GET"]}}],"collection":[{"href":"https:\/\/byrdgroup.com\/es\/wp-json\/wp\/v2\/product"}],"about":[{"href":"https:\/\/byrdgroup.com\/es\/wp-json\/wp\/v2\/types\/product"}],"replies":[{"embeddable":true,"href":"https:\/\/byrdgroup.com\/es\/wp-json\/wp\/v2\/comments?post=34724"}],"wp:featuredmedia":[{"embeddable":true,"href":"https:\/\/byrdgroup.com\/es\/wp-json\/wp\/v2\/media\/32585"}],"wp:attachment":[{"href":"https:\/\/byrdgroup.com\/es\/wp-json\/wp\/v2\/media?parent=34724"}],"wp:term":[{"taxonomy":"product_brand","embeddable":true,"href":"https:\/\/byrdgroup.com\/es\/wp-json\/wp\/v2\/product_brand?post=34724"},{"taxonomy":"product_cat","embeddable":true,"href":"https:\/\/byrdgroup.com\/es\/wp-json\/wp\/v2\/product_cat?post=34724"},{"taxonomy":"product_tag","embeddable":true,"href":"https:\/\/byrdgroup.com\/es\/wp-json\/wp\/v2\/product_tag?post=34724"}],"curies":[{"name":"wp","href":"https:\/\/api.w.org\/{rel}","templated":true}]}}