{"id":34319,"date":"2021-03-16T15:30:12","date_gmt":"2021-03-16T20:30:12","guid":{"rendered":"https:\/\/byrdgroup.com\/?post_type=product&#038;p=34319"},"modified":"2026-04-17T22:40:54","modified_gmt":"2026-04-18T02:40:54","slug":"corcoran-leadership-development-program","status":"publish","type":"product","link":"https:\/\/byrdgroup.com\/es\/producto\/corcoran-leadership-development-program\/","title":{"rendered":"Corcoran Leadership Development Program"},"content":{"rendered":"<p>Un programa de entrenamiento mensual que consiste en sesiones de entrenamiento individuales con Jenni Byrd Grier o David Byrd. Las sesiones de coaching se llevan a cabo mensualmente y ayudar\u00e1n en la implementaci\u00f3n del Sistema de Logros del Siguiente Nivel, as\u00ed como en el desarrollo de comportamientos m\u00e1s efectivos y proactivos que impulsan la claridad, el enfoque, la perspectiva y el equilibrio.\u00a0<em>Compra de la <a href=\"https:\/\/byrdgroup.com\/es\/producto\/next-level-achievement-system-deluxe-edition-with-exterior-pocket-binder-gc\/\"><span style=\"color: #0000ff;\">Sistema de Logro de Siguiente Nivel<\/span><\/a> required for coaching and is free with purchase of the annual plan.<\/em><\/p>\n<p><strong>TU PLAN<\/strong><\/p>\n<ul>\n<li><b>Mensual privado<\/b> coaching sessions designed specifically for Corcoran. Consists of one monthly call that can be done from the privacy of your home with Jenni Byrd Grier or David Byrd. Session are held at times that best fit your schedule.<\/li>\n<li>Conozca la base del Next Level Achievement System \u2122, que incluye\u00a0<strong>Visi\u00f3n, planificaci\u00f3n diaria, planificaci\u00f3n mensual, actividades de alto rendimiento y medici\u00f3n de su efectividad.<\/strong><\/li>\n<li>Los participantes deben procurar\u00a0<a href=\"https:\/\/byrdgroup.com\/es\/producto\/next-level-achievement-system-deluxe-edition-with-exterior-pocket-binder-gc\/\"><span style=\"color: #0000ff;\">El Sistema de Logro de Siguiente Nivel \u2122<\/span><\/a>\u00a0prior to first coaching session. If you choose the annual plan, <a href=\"https:\/\/byrdgroup.com\/es\/producto\/next-level-achievement-system-deluxe-edition-with-exterior-pocket-binder-gc\/\">The Next Level Achievement\u00a0System\u2122<\/a> will be provided free of charge.<\/li>\n<li>Once you have signed up for coaching, you will be charged the first quarterly payment of $900 or annual payment of $3,600 immediately. The payment begins the monthly charge straight away and will automatically charge you on the same date at your next billing cycle.<\/li>\n<\/ul>","protected":false},"excerpt":{"rendered":"<p>Monthly 1:1 private coaching sessions designed specifically for Corcoran with David Byrd or Jenni Byrd Grier. This is a unique program to help you take your personal and professional life to the next level.<\/p>","protected":false},"featured_media":34318,"comment_status":"open","ping_status":"closed","template":"","meta":{"_acf_changed":false},"product_brand":[],"product_cat":[61,93],"product_tag":[],"class_list":{"0":"post-34319","1":"product","2":"type-product","3":"status-publish","4":"has-post-thumbnail","6":"corcoran-corcoran","7":"product_cat-coaching-services","8":"product_cat-shopremoval","10":"first","11":"instock","12":"purchasable","13":"product-type-variable-subscription"},"bundled_by":[],"bundle_stock_status":"instock","bundle_stock_quantity":null,"bundle_virtual":false,"bundle_layout":"","bundle_add_to_cart_form_location":"","bundle_editable_in_cart":false,"bundle_sold_individually_context":"","bundle_item_grouping":"","bundle_min_size":"","bundle_max_size":"","bundle_price":[],"bundled_items":[],"bundle_sell_ids":[],"acf":[],"_links":{"self":[{"href":"https:\/\/byrdgroup.com\/es\/wp-json\/wp\/v2\/product\/34319","targetHints":{"allow":["GET"]}}],"collection":[{"href":"https:\/\/byrdgroup.com\/es\/wp-json\/wp\/v2\/product"}],"about":[{"href":"https:\/\/byrdgroup.com\/es\/wp-json\/wp\/v2\/types\/product"}],"replies":[{"embeddable":true,"href":"https:\/\/byrdgroup.com\/es\/wp-json\/wp\/v2\/comments?post=34319"}],"wp:featuredmedia":[{"embeddable":true,"href":"https:\/\/byrdgroup.com\/es\/wp-json\/wp\/v2\/media\/34318"}],"wp:attachment":[{"href":"https:\/\/byrdgroup.com\/es\/wp-json\/wp\/v2\/media?parent=34319"}],"wp:term":[{"taxonomy":"product_brand","embeddable":true,"href":"https:\/\/byrdgroup.com\/es\/wp-json\/wp\/v2\/product_brand?post=34319"},{"taxonomy":"product_cat","embeddable":true,"href":"https:\/\/byrdgroup.com\/es\/wp-json\/wp\/v2\/product_cat?post=34319"},{"taxonomy":"product_tag","embeddable":true,"href":"https:\/\/byrdgroup.com\/es\/wp-json\/wp\/v2\/product_tag?post=34319"}],"curies":[{"name":"wp","href":"https:\/\/api.w.org\/{rel}","templated":true}]}}