{"id":25376,"date":"2019-10-07T14:24:52","date_gmt":"2019-10-07T19:24:52","guid":{"rendered":"https:\/\/davidbyrdconsulting.com\/?post_type=product&#038;p=25376"},"modified":"2019-10-07T14:27:23","modified_gmt":"2019-10-07T19:27:23","slug":"team-freedom-leadership-development-program-11-1_payment","status":"publish","type":"product","link":"https:\/\/byrdgroup.com\/es\/producto\/team-freedom-leadership-development-program-11-1_payment\/","title":{"rendered":"Team Freedom Leadership Development Program 1:1 Coaching &#8211; Single Payment"},"content":{"rendered":"<p>Un programa de entrenamiento mensual que consiste en sesiones de entrenamiento individuales con Jenni Byrd Grier o David Byrd. Las sesiones de coaching se llevan a cabo mensualmente y ayudar\u00e1n en la implementaci\u00f3n del Sistema de Logros del Siguiente Nivel, as\u00ed como en el desarrollo de comportamientos m\u00e1s efectivos y proactivos que impulsan la claridad, el enfoque, la perspectiva y el equilibrio.\u00a0<em>Compra de la <a href=\"https:\/\/byrdgroup.com\/es\/producto\/tf-next-level-achievement-system-deluxe-edition\/\"><span style=\"color: #0000ff;\">Sistema de Logro de Siguiente Nivel<\/span><\/a> requerido para el coaching.<\/em><\/p>\n<p><strong>TU PLAN<\/strong><\/p>\n<ul>\n<li><b>Mensual privado<\/b>\u00a0Sesiones de coaching dise\u00f1adas espec\u00edficamente para Team Freedom. Consiste en una llamada mensual que puede hacerse desde la privacidad de su hogar con Jenni Byrd Grier o David Byrd. Las sesiones se llevan a cabo en los horarios que mejor se ajusten a su horario.<\/li>\n<li>Conozca la base del Next Level Achievement System \u2122, que incluye\u00a0<strong>Visi\u00f3n, planificaci\u00f3n diaria, planificaci\u00f3n mensual, actividades de alto rendimiento y medici\u00f3n de su efectividad.<\/strong><\/li>\n<li>Los participantes deben procurar\u00a0<a href=\"https:\/\/byrdgroup.com\/es\/producto\/TF-next-level-achievement-system-deluxe-edition\/\"><span style=\"color: #0000ff;\">El Sistema de Logro de Siguiente Nivel \u2122<\/span><\/a>\u00a0Antes de la primera sesi\u00f3n de entrenamiento.<\/li>\n<li>Una vez que se haya inscrito para recibir coaching, se le cobrar\u00e1 el primer pago mensual de $ 300 inmediatamente. El pago comienza el cargo mensual de inmediato y se le cobrar\u00e1 autom\u00e1ticamente en la misma fecha en el pr\u00f3ximo ciclo de facturaci\u00f3n.<\/li>\n<\/ul>","protected":false},"excerpt":{"rendered":"<p>Sesiones de entrenamiento privadas mensuales 1: 1 dise\u00f1adas espec\u00edficamente para Team Freedom con David Byrd o Jenni Byrd Grier. Este es un programa \u00fanico para ayudarlo a llevar su vida personal y profesional al siguiente nivel.<\/p>","protected":false},"featured_media":20702,"comment_status":"open","ping_status":"closed","template":"","meta":{"_acf_changed":false},"product_brand":[],"product_cat":[76,93],"product_tag":[],"class_list":{"0":"post-25376","1":"product","2":"type-product","3":"status-publish","4":"has-post-thumbnail","6":"product_cat-uncategorized","7":"product_cat-shopremoval","9":"first","10":"instock","11":"purchasable","12":"product-type-variable"},"bundled_by":[],"bundle_stock_status":"instock","bundle_stock_quantity":null,"bundle_virtual":false,"bundle_layout":"","bundle_add_to_cart_form_location":"","bundle_editable_in_cart":false,"bundle_sold_individually_context":"","bundle_item_grouping":"","bundle_min_size":"","bundle_max_size":"","bundle_price":[],"bundled_items":[],"bundle_sell_ids":[],"acf":[],"_links":{"self":[{"href":"https:\/\/byrdgroup.com\/es\/wp-json\/wp\/v2\/product\/25376","targetHints":{"allow":["GET"]}}],"collection":[{"href":"https:\/\/byrdgroup.com\/es\/wp-json\/wp\/v2\/product"}],"about":[{"href":"https:\/\/byrdgroup.com\/es\/wp-json\/wp\/v2\/types\/product"}],"replies":[{"embeddable":true,"href":"https:\/\/byrdgroup.com\/es\/wp-json\/wp\/v2\/comments?post=25376"}],"wp:featuredmedia":[{"embeddable":true,"href":"https:\/\/byrdgroup.com\/es\/wp-json\/wp\/v2\/media\/20702"}],"wp:attachment":[{"href":"https:\/\/byrdgroup.com\/es\/wp-json\/wp\/v2\/media?parent=25376"}],"wp:term":[{"taxonomy":"product_brand","embeddable":true,"href":"https:\/\/byrdgroup.com\/es\/wp-json\/wp\/v2\/product_brand?post=25376"},{"taxonomy":"product_cat","embeddable":true,"href":"https:\/\/byrdgroup.com\/es\/wp-json\/wp\/v2\/product_cat?post=25376"},{"taxonomy":"product_tag","embeddable":true,"href":"https:\/\/byrdgroup.com\/es\/wp-json\/wp\/v2\/product_tag?post=25376"}],"curies":[{"name":"wp","href":"https:\/\/api.w.org\/{rel}","templated":true}]}}