{"id":24145,"date":"2019-09-10T10:21:46","date_gmt":"2019-09-10T15:21:46","guid":{"rendered":"https:\/\/davidbyrdconsulting.com\/?post_type=product&#038;p=24145"},"modified":"2019-10-14T11:01:18","modified_gmt":"2019-10-14T16:01:18","slug":"team-freedom-leadership-academy","status":"publish","type":"product","link":"https:\/\/byrdgroup.com\/es\/producto\/team-freedom-leadership-academy\/","title":{"rendered":"Academia de Liderazgo Team Freedom"},"content":{"rendered":"<p>La Team Freedom Leadership Academy est\u00e1 dise\u00f1ada para ayudarlo a convertirse en el mejor y m\u00e1s efectivo l\u00edder que pueda ser. Aprender\u00e1 lo que lo detiene y c\u00f3mo alcanzar su pr\u00f3ximo nivel. Jenni Byrd Grier lo guiar\u00e1 en su viaje de desarrollo de liderazgo el 13 de octubre en Richmond, VA.<\/p>\n<p>Obtendr\u00e1 su llave de bronce al completar la Academia de Liderazgo Team Freedom y ser\u00e1 invitado a asistir al curso The Next Level Achievement. Este es un curso de 6 meses dirigido por David Byrd y Jenni Byrd Grier. Incluye un seminario web de Zoom mensual con el objetivo de implementar nuevos h\u00e1bitos y comportamientos cada mes. Este curso es solo para aquellos que han completado la Academia de Liderazgo Team Freedom.<\/p>\n<p><strong>Fecha:<\/strong> Domingo 13 de octubre de 2019<\/p>\n<p><strong>Hora:<\/strong> 10 am-5pm<\/p>\n<p><strong>Ubicaci\u00f3n<\/strong>: <strong><span style=\"color: #3366ff;\"><a style=\"color: #3366ff;\" href=\"https:\/\/www.oakdalerva.com\/\">Oakdale<\/a><\/span><\/strong>, 13494 Ashland Road, Ashland, VA 23305<\/p>\n<p><em>\u00a1Recuerde traer su planificador de logros CON USTED! Escuche las pistas 1 y 2 del audio antes de venir a la Academia. Si no tiene un planificador, puede comprar uno <a href=\"https:\/\/byrdgroup.com\/es\/producto\/tf-next-level-achievement-system-deluxe-edition\/\">aqu\u00ed<\/a>.<\/em><\/p>","protected":false},"excerpt":{"rendered":"<p><strong>Fecha:<\/strong> Domingo 13 de octubre de 2019<\/p>\n<p><strong>Hora:<\/strong> 10 am-5pm<\/p>\n<p><strong>Ubicaci\u00f3n: <span style=\"color: #3366ff;\"><a style=\"color: #3366ff;\" href=\"https:\/\/www.oakdalerva.com\/\">Oakdale<\/a><\/span><\/strong>, 13494 Ashland Road, Ashland, VA 23305<\/p>","protected":false},"featured_media":25364,"comment_status":"closed","ping_status":"closed","template":"","meta":{"_acf_changed":false},"product_brand":[],"product_cat":[93],"product_tag":[],"class_list":{"0":"post-24145","1":"product","2":"type-product","3":"status-publish","4":"has-post-thumbnail","6":"product_cat-shopremoval","8":"first","9":"instock","10":"virtual","11":"purchasable","12":"product-type-simple"},"bundled_by":[],"bundle_stock_status":"instock","bundle_stock_quantity":null,"bundle_virtual":false,"bundle_layout":"","bundle_add_to_cart_form_location":"","bundle_editable_in_cart":false,"bundle_sold_individually_context":"","bundle_item_grouping":"","bundle_min_size":"","bundle_max_size":"","bundle_price":[],"bundled_items":[],"bundle_sell_ids":[],"acf":[],"_links":{"self":[{"href":"https:\/\/byrdgroup.com\/es\/wp-json\/wp\/v2\/product\/24145","targetHints":{"allow":["GET"]}}],"collection":[{"href":"https:\/\/byrdgroup.com\/es\/wp-json\/wp\/v2\/product"}],"about":[{"href":"https:\/\/byrdgroup.com\/es\/wp-json\/wp\/v2\/types\/product"}],"replies":[{"embeddable":true,"href":"https:\/\/byrdgroup.com\/es\/wp-json\/wp\/v2\/comments?post=24145"}],"wp:featuredmedia":[{"embeddable":true,"href":"https:\/\/byrdgroup.com\/es\/wp-json\/wp\/v2\/media\/25364"}],"wp:attachment":[{"href":"https:\/\/byrdgroup.com\/es\/wp-json\/wp\/v2\/media?parent=24145"}],"wp:term":[{"taxonomy":"product_brand","embeddable":true,"href":"https:\/\/byrdgroup.com\/es\/wp-json\/wp\/v2\/product_brand?post=24145"},{"taxonomy":"product_cat","embeddable":true,"href":"https:\/\/byrdgroup.com\/es\/wp-json\/wp\/v2\/product_cat?post=24145"},{"taxonomy":"product_tag","embeddable":true,"href":"https:\/\/byrdgroup.com\/es\/wp-json\/wp\/v2\/product_tag?post=24145"}],"curies":[{"name":"wp","href":"https:\/\/api.w.org\/{rel}","templated":true}]}}