{"id":23163,"date":"2019-08-07T15:25:39","date_gmt":"2019-08-07T20:25:39","guid":{"rendered":"https:\/\/davidbyrdconsulting.com\/?post_type=product&#038;p=23163"},"modified":"2024-10-07T03:43:18","modified_gmt":"2024-10-07T07:43:18","slug":"team-freedom-leadership-development-program-11-coaching-1month","status":"publish","type":"product","link":"https:\/\/byrdgroup.com\/es\/producto\/team-freedom-leadership-development-program-11-coaching-1month\/","title":{"rendered":"Team Freedom Programa de Desarrollo de Liderazgo 1: 1 Coaching"},"content":{"rendered":"<p>Un programa de entrenamiento mensual que consiste en sesiones de entrenamiento individuales con Jenni Byrd Grier o David Byrd. Las sesiones de coaching se llevan a cabo mensualmente y ayudar\u00e1n en la implementaci\u00f3n del Sistema de Logros del Siguiente Nivel, as\u00ed como en el desarrollo de comportamientos m\u00e1s efectivos y proactivos que impulsan la claridad, el enfoque, la perspectiva y el equilibrio.\u00a0<em>Compra de la <a href=\"https:\/\/byrdgroup.com\/es\/producto\/tf-next-level-achievement-system-deluxe-edition\/\"><span style=\"color: #0000ff;\">Sistema de Logro de Siguiente Nivel<\/span><\/a> requerido para el coaching.<\/em><\/p>\n<p><strong>TU PLAN<\/strong><\/p>\n<ul>\n<li><b>Mensual privado<\/b>\u00a0Sesiones de coaching dise\u00f1adas espec\u00edficamente para Team Freedom. Consiste en una llamada mensual que puede hacerse desde la privacidad de su hogar con Jenni Byrd Grier o David Byrd. Las sesiones se llevan a cabo en los horarios que mejor se ajusten a su horario.<\/li>\n<li>Conozca la base del Next Level Achievement System \u2122, que incluye\u00a0<strong>Visi\u00f3n, planificaci\u00f3n diaria, planificaci\u00f3n mensual, actividades de alto rendimiento y medici\u00f3n de su efectividad.<\/strong><\/li>\n<li>Los participantes deben procurar\u00a0<a href=\"https:\/\/byrdgroup.com\/es\/producto\/TF-next-level-achievement-system-deluxe-edition\/\"><span style=\"color: #0000ff;\">El Sistema de Logro de Siguiente Nivel \u2122<\/span><\/a>\u00a0Antes de la primera sesi\u00f3n de entrenamiento.<\/li>\n<li>Once you have signed up for coaching, you will be charged the first monthly payment of $300 immediately or first quarterly payment of $900. The payment begins the monthly charge straight away and will automatically charge you on the same date at your next billing cycle.<\/li>\n<\/ul>","protected":false},"excerpt":{"rendered":"<p>Sesiones de entrenamiento privadas mensuales 1: 1 dise\u00f1adas espec\u00edficamente para Team Freedom con David Byrd o Jenni Byrd Grier. Este es un programa \u00fanico para ayudarlo a llevar su vida personal y profesional al siguiente nivel.<\/p>","protected":false},"featured_media":20702,"comment_status":"open","ping_status":"closed","template":"","meta":{"_acf_changed":false},"product_brand":[],"product_cat":[76,93],"product_tag":[],"class_list":{"0":"post-23163","1":"product","2":"type-product","3":"status-publish","4":"has-post-thumbnail","6":"product_cat-uncategorized","7":"product_cat-shopremoval","9":"first","10":"instock","11":"purchasable","12":"product-type-variable-subscription"},"bundled_by":[],"bundle_stock_status":"instock","bundle_stock_quantity":null,"bundle_virtual":false,"bundle_layout":"","bundle_add_to_cart_form_location":"","bundle_editable_in_cart":false,"bundle_sold_individually_context":"","bundle_item_grouping":"","bundle_min_size":"","bundle_max_size":"","bundle_price":[],"bundled_items":[],"bundle_sell_ids":[],"acf":[],"_links":{"self":[{"href":"https:\/\/byrdgroup.com\/es\/wp-json\/wp\/v2\/product\/23163","targetHints":{"allow":["GET"]}}],"collection":[{"href":"https:\/\/byrdgroup.com\/es\/wp-json\/wp\/v2\/product"}],"about":[{"href":"https:\/\/byrdgroup.com\/es\/wp-json\/wp\/v2\/types\/product"}],"replies":[{"embeddable":true,"href":"https:\/\/byrdgroup.com\/es\/wp-json\/wp\/v2\/comments?post=23163"}],"wp:featuredmedia":[{"embeddable":true,"href":"https:\/\/byrdgroup.com\/es\/wp-json\/wp\/v2\/media\/20702"}],"wp:attachment":[{"href":"https:\/\/byrdgroup.com\/es\/wp-json\/wp\/v2\/media?parent=23163"}],"wp:term":[{"taxonomy":"product_brand","embeddable":true,"href":"https:\/\/byrdgroup.com\/es\/wp-json\/wp\/v2\/product_brand?post=23163"},{"taxonomy":"product_cat","embeddable":true,"href":"https:\/\/byrdgroup.com\/es\/wp-json\/wp\/v2\/product_cat?post=23163"},{"taxonomy":"product_tag","embeddable":true,"href":"https:\/\/byrdgroup.com\/es\/wp-json\/wp\/v2\/product_tag?post=23163"}],"curies":[{"name":"wp","href":"https:\/\/api.w.org\/{rel}","templated":true}]}}