{"id":22754,"date":"2019-07-26T12:44:56","date_gmt":"2019-07-26T17:44:56","guid":{"rendered":"https:\/\/davidbyrdconsulting.com\/?post_type=product&#038;p=22754"},"modified":"2024-10-05T11:50:29","modified_gmt":"2024-10-05T15:50:29","slug":"next-level-group-coaching","status":"publish","type":"product","link":"https:\/\/byrdgroup.com\/es\/producto\/next-level-group-coaching\/","title":{"rendered":"Next Level Group Coaching"},"content":{"rendered":"<p><strong>TU PLAN<\/strong><\/p>\n<ul>\n<li><strong>4 mensuales\u00a0<\/strong>Sesiones de coaching grupal desde la privacidad de tu hogar usando.\u00a0<em>Enfocar<\/em>\u00a0Videoconferencia online.<\/li>\n<li>Un programa \u00fanico para ayudarte. <strong>Lleva tu vida personal y profesional al siguiente nivel.<\/strong>.<\/li>\n<li>Conozca la base del Next Level Achievement System \u2122, que incluye\u00a0<strong>Visi\u00f3n, planificaci\u00f3n diaria y planificaci\u00f3n mensual.<\/strong><\/li>\n<li>Aprende a crear una mentalidad para <strong>Abundancia y \u00e9xito.<\/strong><\/li>\n<li>Puedes\u00a0<strong>auto-organizarse\u00a0<\/strong>y los horarios de reuni\u00f3n se pueden personalizar para su grupo.<\/li>\n<li>Los participantes deben procurar\u00a0<a href=\"http:\/\/store.davidbyrdconsulting.com\/store\/p\/144-Next-Level-Achievement-System-Deluxe-Edition-with-Tablet-Sleeve.aspx\">El Sistema de Logro de Siguiente Nivel \u2122<\/a>\u00a0antes de la primera sesi\u00f3n de entrenamiento<\/li>\n<li><strong>$400 (US dollars)<\/strong>\u00a0per participant paid in full prior to first session or <strong>$100 per month for 4 months.<\/strong><\/li>\n<\/ul>\n<p><strong>Tu entrenador<\/strong><\/p>\n<p><strong>Jenni Byrd Grier<\/strong>, Presidente de David Byrd Consulting, es un destacado orador internacional con m\u00e1s de 15 a\u00f1os de experiencia en gesti\u00f3n corporativa y liderazgo, as\u00ed como un MBA en Negocios Internacionales. Jenni es una instructora de Next Level Achievement \u2122 que te cambiar\u00e1 la vida y te ayudar\u00e1 a crear una visi\u00f3n, a vivir la vida con intencionalidad, a establecer metas ya hacerlas realidad.<\/p>","protected":false},"excerpt":{"rendered":"<p><strong>4 mensuales\u00a0<\/strong>Sesiones de coaching grupal desde la privacidad de su hogar con Jenni Byrd Grier usando\u00a0<em>Enfocar<\/em>\u00a0Videoconferencia online. Este es un programa \u00fanico para ayudarlo a llevar su vida personal y profesional al siguiente nivel.<\/p>","protected":false},"featured_media":2252,"comment_status":"open","ping_status":"closed","template":"","meta":{"_acf_changed":false},"product_brand":[],"product_cat":[93],"product_tag":[],"class_list":{"0":"post-22754","1":"product","2":"type-product","3":"status-publish","4":"has-post-thumbnail","6":"product_cat-shopremoval","8":"first","9":"instock","10":"purchasable","11":"product-type-variable-subscription"},"bundled_by":[],"bundle_stock_status":"instock","bundle_stock_quantity":null,"bundle_virtual":false,"bundle_layout":"","bundle_add_to_cart_form_location":"","bundle_editable_in_cart":false,"bundle_sold_individually_context":"","bundle_item_grouping":"","bundle_min_size":"","bundle_max_size":"","bundle_price":[],"bundled_items":[],"bundle_sell_ids":[],"acf":[],"_links":{"self":[{"href":"https:\/\/byrdgroup.com\/es\/wp-json\/wp\/v2\/product\/22754","targetHints":{"allow":["GET"]}}],"collection":[{"href":"https:\/\/byrdgroup.com\/es\/wp-json\/wp\/v2\/product"}],"about":[{"href":"https:\/\/byrdgroup.com\/es\/wp-json\/wp\/v2\/types\/product"}],"replies":[{"embeddable":true,"href":"https:\/\/byrdgroup.com\/es\/wp-json\/wp\/v2\/comments?post=22754"}],"wp:featuredmedia":[{"embeddable":true,"href":"https:\/\/byrdgroup.com\/es\/wp-json\/wp\/v2\/media\/2252"}],"wp:attachment":[{"href":"https:\/\/byrdgroup.com\/es\/wp-json\/wp\/v2\/media?parent=22754"}],"wp:term":[{"taxonomy":"product_brand","embeddable":true,"href":"https:\/\/byrdgroup.com\/es\/wp-json\/wp\/v2\/product_brand?post=22754"},{"taxonomy":"product_cat","embeddable":true,"href":"https:\/\/byrdgroup.com\/es\/wp-json\/wp\/v2\/product_cat?post=22754"},{"taxonomy":"product_tag","embeddable":true,"href":"https:\/\/byrdgroup.com\/es\/wp-json\/wp\/v2\/product_tag?post=22754"}],"curies":[{"name":"wp","href":"https:\/\/api.w.org\/{rel}","templated":true}]}}