{"id":2159,"date":"2018-02-21T23:31:03","date_gmt":"2018-02-21T23:31:03","guid":{"rendered":"http:\/\/davidbyrdconsulting.com\/?post_type=product&#038;p=2159"},"modified":"2019-09-22T14:33:31","modified_gmt":"2019-09-22T19:33:31","slug":"next-level-11-individual-coaching-9-month-package-payment-plan","status":"publish","type":"product","link":"https:\/\/byrdgroup.com\/es\/producto\/next-level-11-individual-coaching-9-month-package-payment-plan\/","title":{"rendered":"Entrenamiento individual del pr\u00f3ximo nivel 1: 1 - Plan de pago de paquetes de 9 meses"},"content":{"rendered":"<p><strong>TU PLAN<\/strong><\/p>\n<ul>\n<li><strong>9 mensual privado<\/strong>\u00a0Las sesiones de coaching se utilizar\u00e1n durante un per\u00edodo de 12 meses desde la privacidad de su hogar con Jenni Byrd Grier usando\u00a0<em>Enfocar<\/em>\u00a0Videoconferencia online. Las sesiones se llevan a cabo en los horarios que mejor se ajusten a su horario.<\/li>\n<li>Conozca la base del Next Level Achievement System \u2122, que incluye\u00a0<strong>Visi\u00f3n, planificaci\u00f3n diaria, planificaci\u00f3n mensual, actividades de alto rendimiento y medici\u00f3n de su efectividad.<\/strong><\/li>\n<li>Las sesiones de coaching se pueden personalizar para satisfacer las necesidades del individuo.<\/li>\n<\/ul>\n<p><strong>Tu entrenador<\/strong><\/p>\n<p><strong>Jenni Byrd Grier<\/strong>, Presidente de David Byrd Consulting, es un destacado orador internacional con m\u00e1s de 15 a\u00f1os de experiencia en gesti\u00f3n corporativa y liderazgo, as\u00ed como un MBA en Negocios Internacionales. Jenni es una instructora de Next Level Achievement \u2122 que te cambiar\u00e1 la vida y te ayudar\u00e1 a crear una visi\u00f3n, a vivir la vida con intencionalidad, a establecer metas ya hacerlas realidad.<\/p>","protected":false},"excerpt":{"rendered":"<p><strong>9 mensual privado<\/strong>\u00a0sesiones de coaching individuales desde la privacidad de su hogar con Jenni Byrd Grier usando\u00a0<em>Enfocar<\/em>\u00a0Videoconferencia online. Las sesiones se llevan a cabo en los horarios que mejor se ajusten a su horario.<\/p>\n<p>Para m\u00e1s informaci\u00f3n sobre nuestro coaching personalizado, por favor\u00a0<a href=\"http:\/\/davidbyrdconsulting.com\/personalized-coaching\/\">Cont\u00e1ctenos.<\/a><\/p>","protected":false},"featured_media":1169,"comment_status":"open","ping_status":"closed","template":"","meta":{"_acf_changed":false},"product_brand":[],"product_cat":[76],"product_tag":[],"class_list":{"0":"post-2159","1":"product","2":"type-product","3":"status-publish","4":"has-post-thumbnail","6":"product_cat-uncategorized","8":"first","9":"instock","10":"virtual","11":"purchasable","12":"product-type-subscription"},"bundled_by":[],"bundle_stock_status":"instock","bundle_stock_quantity":null,"bundle_virtual":false,"bundle_layout":"","bundle_add_to_cart_form_location":"","bundle_editable_in_cart":false,"bundle_sold_individually_context":"","bundle_item_grouping":"","bundle_min_size":"","bundle_max_size":"","bundle_price":[],"bundled_items":[],"bundle_sell_ids":[],"acf":[],"_links":{"self":[{"href":"https:\/\/byrdgroup.com\/es\/wp-json\/wp\/v2\/product\/2159","targetHints":{"allow":["GET"]}}],"collection":[{"href":"https:\/\/byrdgroup.com\/es\/wp-json\/wp\/v2\/product"}],"about":[{"href":"https:\/\/byrdgroup.com\/es\/wp-json\/wp\/v2\/types\/product"}],"replies":[{"embeddable":true,"href":"https:\/\/byrdgroup.com\/es\/wp-json\/wp\/v2\/comments?post=2159"}],"wp:featuredmedia":[{"embeddable":true,"href":"https:\/\/byrdgroup.com\/es\/wp-json\/wp\/v2\/media\/1169"}],"wp:attachment":[{"href":"https:\/\/byrdgroup.com\/es\/wp-json\/wp\/v2\/media?parent=2159"}],"wp:term":[{"taxonomy":"product_brand","embeddable":true,"href":"https:\/\/byrdgroup.com\/es\/wp-json\/wp\/v2\/product_brand?post=2159"},{"taxonomy":"product_cat","embeddable":true,"href":"https:\/\/byrdgroup.com\/es\/wp-json\/wp\/v2\/product_cat?post=2159"},{"taxonomy":"product_tag","embeddable":true,"href":"https:\/\/byrdgroup.com\/es\/wp-json\/wp\/v2\/product_tag?post=2159"}],"curies":[{"name":"wp","href":"https:\/\/api.w.org\/{rel}","templated":true}]}}