{"id":2141,"date":"2018-02-19T16:06:07","date_gmt":"2018-02-19T16:06:07","guid":{"rendered":"http:\/\/davidbyrdconsulting.com\/?post_type=product&#038;p=2141"},"modified":"2026-03-01T19:56:25","modified_gmt":"2026-03-02T00:56:25","slug":"belle-vie-do","status":"publish","type":"product","link":"https:\/\/byrdgroup.com\/es\/producto\/belle-vie-do\/","title":{"rendered":"Belle Vie Discovery Retreat &#8211; France Balance"},"content":{"rendered":"<p>Retiro Belle Vie Discovery, Francia<\/p>\n<p>Hosted by Jenni Byrd Grier<\/p>\n<p>Explora las carreteras secundarias de Francia, saborea la aut\u00e9ntica cocina, saborea el mejor vino, recorre bodegas exclusivas, re\u00fanete con los en\u00f3logos, rel\u00e1jate y experimenta algunos de los mejores entrenamientos de vida que hayas recibido ... \u00bfsuena incre\u00edble? Ser\u00e1.<\/p>\n<p>Jenni lo guiar\u00e1 a trav\u00e9s de meditaciones transformadoras, lo ayudar\u00e1 a identificar sus creencias limitantes y resolver\u00e1 lo que\u00a0<em>t\u00fa<\/em> Necesito llegar a tu siguiente nivel. \u00a1Saldr\u00e1 del retiro con energ\u00eda y con la claridad que necesita para establecer nuevos h\u00e1bitos y comportamientos en el hogar para que usted se convierta en su verdadero ser!<\/p>\n<p>You will receive all meals, lodging and ground transportation in France, all wine and excursions, professional life coaching with Jenni Byrd Grier in a cozy environment of 8-10 participants.<\/p>\n<p><a href=\"http:\/\/davidbyrdconsulting.com\/wp-content\/uploads\/2017\/11\/BelleVieRetreatfinal.pdf\" target=\"_blank\" rel=\"noopener\">Folleto descargable<\/a><\/p>\n<p>&nbsp;<\/p>\n<p>&nbsp;<\/p>\n<p>&nbsp;<\/p>","protected":false},"excerpt":{"rendered":"<p>Un viaje \u00edntimo de desarrollo personal rodeado de los hermosos vi\u00f1edos de Francia.<\/p>","protected":false},"featured_media":39341,"comment_status":"open","ping_status":"closed","template":"","meta":{"_acf_changed":false},"product_brand":[],"product_cat":[76],"product_tag":[],"class_list":{"0":"post-2141","1":"product","2":"type-product","3":"status-publish","4":"has-post-thumbnail","6":"product_cat-uncategorized","7":"product_shipping_class-digital-products","9":"first","10":"instock","11":"virtual","12":"purchasable","13":"product-type-simple"},"bundled_by":[],"bundle_stock_status":"instock","bundle_stock_quantity":null,"bundle_virtual":false,"bundle_layout":"","bundle_add_to_cart_form_location":"","bundle_editable_in_cart":false,"bundle_sold_individually_context":"","bundle_item_grouping":"","bundle_min_size":"","bundle_max_size":"","bundle_price":[],"bundled_items":[],"bundle_sell_ids":[],"acf":[],"_links":{"self":[{"href":"https:\/\/byrdgroup.com\/es\/wp-json\/wp\/v2\/product\/2141","targetHints":{"allow":["GET"]}}],"collection":[{"href":"https:\/\/byrdgroup.com\/es\/wp-json\/wp\/v2\/product"}],"about":[{"href":"https:\/\/byrdgroup.com\/es\/wp-json\/wp\/v2\/types\/product"}],"replies":[{"embeddable":true,"href":"https:\/\/byrdgroup.com\/es\/wp-json\/wp\/v2\/comments?post=2141"}],"wp:featuredmedia":[{"embeddable":true,"href":"https:\/\/byrdgroup.com\/es\/wp-json\/wp\/v2\/media\/39341"}],"wp:attachment":[{"href":"https:\/\/byrdgroup.com\/es\/wp-json\/wp\/v2\/media?parent=2141"}],"wp:term":[{"taxonomy":"product_brand","embeddable":true,"href":"https:\/\/byrdgroup.com\/es\/wp-json\/wp\/v2\/product_brand?post=2141"},{"taxonomy":"product_cat","embeddable":true,"href":"https:\/\/byrdgroup.com\/es\/wp-json\/wp\/v2\/product_cat?post=2141"},{"taxonomy":"product_tag","embeddable":true,"href":"https:\/\/byrdgroup.com\/es\/wp-json\/wp\/v2\/product_tag?post=2141"}],"curies":[{"name":"wp","href":"https:\/\/api.w.org\/{rel}","templated":true}]}}