{"id":21041,"date":"2019-05-29T07:12:05","date_gmt":"2019-05-29T12:12:05","guid":{"rendered":"https:\/\/davidbyrdconsulting.com\/?post_type=product&#038;p=21041"},"modified":"2025-07-07T08:30:53","modified_gmt":"2025-07-07T12:30:53","slug":"qs-next-level-achievement-system-deluxe-edition","status":"publish","type":"product","link":"https:\/\/byrdgroup.com\/es\/producto\/qs-next-level-achievement-system-deluxe-edition\/","title":{"rendered":"Next Level Achievement System \u2122 Deluxe Edition"},"content":{"rendered":"<p>El sistema de logros Next Level Achievement System \u2122 de David Byrd es el resultado de m\u00e1s de 30 a\u00f1os de experiencia y experiencia. Este sistema es f\u00e1cil de entender, de implementar y de duplicar dentro de su organizaci\u00f3n.<\/p>\n<p>Con la Edici\u00f3n de lujo, recibir\u00e1 el cuaderno de cremalleras Deluxe de The Achievement Planner \u2122, un a\u00f1o completo de calendario y p\u00e1ginas diarias, declaraci\u00f3n de la visi\u00f3n, declaraci\u00f3n de la misi\u00f3n \/ prop\u00f3sito, proceso de objetivos anuales, seguimiento mensual, planificaci\u00f3n diaria, an\u00e1lisis de la realidad actual, lista de tareas pendientes , Evaluaci\u00f3n de efectividad mensual y Hojas de seguimiento de indicadores clave de desempe\u00f1o semanales.<\/p>\n<p>Consulte la pesta\u00f1a &quot;Qu\u00e9 hay en la caja&quot; para ver la lista completa de elementos incluidos.<\/p>\n<p>El autor del planificador, David Byrd, describe The Achievement Planner \u2122 de esta manera,<\/p>\n<p>\u201c\u00a1El desarrollo efectivo del potencial humano requiere un sistema simple y efectivo que simplemente funcione! Olv\u00eddese de la elegante redacci\u00f3n y todas las campanas y silbidos, y busque un sistema probado que ofrezca resultados medibles &quot;.<\/p>","protected":false},"excerpt":{"rendered":"<p>David Byrd&#8217;s Next Level Achievement System\u2122 is a result of over 30 years of background and hands-on experience. This system is easy to understand, easy to implement, and easy to duplicate within your organization. With the Deluxe Edition you will receive The Achievement Planner\u2122 Deluxe Zipper Binder,\u00a0one full year of calendar and daily pages, Vision [&hellip;]<\/p>\n","protected":false},"featured_media":1224,"comment_status":"open","ping_status":"closed","template":"","meta":{"_acf_changed":false},"product_brand":[],"product_cat":[93],"product_tag":[],"class_list":{"0":"post-21041","1":"product","2":"type-product","3":"status-publish","4":"has-post-thumbnail","6":"product_cat-shopremoval","8":"first","9":"instock","10":"taxable","11":"shipping-taxable","12":"purchasable","13":"product-type-bundle"},"bundled_by":[],"bundle_stock_status":"insufficientstock","bundle_stock_quantity":0,"bundle_virtual":false,"bundle_layout":"default","bundle_add_to_cart_form_location":"default","bundle_editable_in_cart":false,"bundle_sold_individually_context":"product","bundle_item_grouping":"parent","bundle_min_size":"","bundle_max_size":"","bundle_price":{"price":{"min":{"incl_tax":"99.95","excl_tax":"99.95"},"max":{"incl_tax":"99.95","excl_tax":"99.95"}},"regular_price":{"min":{"incl_tax":"99.95","excl_tax":"99.95"},"max":{"incl_tax":"99.95","excl_tax":"99.95"}}},"bundled_items":[{"bundled_item_id":245,"product_id":1015,"menu_order":0,"quantity_min":1,"quantity_max":1,"quantity_default":1,"priced_individually":false,"shipped_individually":false,"override_title":false,"title":"start date","override_description":false,"description":"","optional":false,"hide_thumbnail":true,"discount":"","override_variations":false,"allowed_variations":[],"override_default_variation_attributes":false,"default_variation_attributes":[],"single_product_visibility":"visible","cart_visibility":"visible","order_visibility":"visible","single_product_price_visibility":"visible","cart_price_visibility":"visible","order_price_visibility":"visible","stock_status":"in_stock"},{"bundled_item_id":246,"product_id":916,"menu_order":1,"quantity_min":1,"quantity_max":1,"quantity_default":1,"priced_individually":false,"shipped_individually":false,"override_title":false,"title":"","override_description":false,"description":"","optional":false,"hide_thumbnail":false,"discount":"","override_variations":false,"allowed_variations":[],"override_default_variation_attributes":false,"default_variation_attributes":[],"single_product_visibility":"hidden","cart_visibility":"hidden","order_visibility":"visible","single_product_price_visibility":"visible","cart_price_visibility":"visible","order_price_visibility":"visible","stock_status":"in_stock"},{"bundled_item_id":247,"product_id":914,"menu_order":2,"quantity_min":1,"quantity_max":1,"quantity_default":1,"priced_individually":false,"shipped_individually":false,"override_title":false,"title":"","override_description":false,"description":"","optional":false,"hide_thumbnail":false,"discount":"","override_variations":false,"allowed_variations":[],"override_default_variation_attributes":false,"default_variation_attributes":[],"single_product_visibility":"hidden","cart_visibility":"hidden","order_visibility":"visible","single_product_price_visibility":"visible","cart_price_visibility":"visible","order_price_visibility":"visible","stock_status":"in_stock"},{"bundled_item_id":248,"product_id":927,"menu_order":3,"quantity_min":1,"quantity_max":1,"quantity_default":1,"priced_individually":false,"shipped_individually":false,"override_title":false,"title":"","override_description":false,"description":"","optional":false,"hide_thumbnail":false,"discount":"","override_variations":false,"allowed_variations":[],"override_default_variation_attributes":false,"default_variation_attributes":[],"single_product_visibility":"hidden","cart_visibility":"hidden","order_visibility":"visible","single_product_price_visibility":"visible","cart_price_visibility":"visible","order_price_visibility":"visible","stock_status":"in_stock"},{"bundled_item_id":249,"product_id":911,"menu_order":4,"quantity_min":1,"quantity_max":1,"quantity_default":1,"priced_individually":false,"shipped_individually":false,"override_title":false,"title":"","override_description":false,"description":"","optional":false,"hide_thumbnail":false,"discount":"","override_variations":false,"allowed_variations":[],"override_default_variation_attributes":false,"default_variation_attributes":[],"single_product_visibility":"hidden","cart_visibility":"hidden","order_visibility":"visible","single_product_price_visibility":"visible","cart_price_visibility":"visible","order_price_visibility":"visible","stock_status":"in_stock"},{"bundled_item_id":250,"product_id":906,"menu_order":5,"quantity_min":1,"quantity_max":1,"quantity_default":1,"priced_individually":false,"shipped_individually":false,"override_title":false,"title":"","override_description":false,"description":"","optional":false,"hide_thumbnail":false,"discount":"","override_variations":false,"allowed_variations":[],"override_default_variation_attributes":false,"default_variation_attributes":[],"single_product_visibility":"hidden","cart_visibility":"hidden","order_visibility":"visible","single_product_price_visibility":"visible","cart_price_visibility":"visible","order_price_visibility":"visible","stock_status":"out_of_stock"},{"bundled_item_id":251,"product_id":1023,"menu_order":6,"quantity_min":1,"quantity_max":1,"quantity_default":1,"priced_individually":false,"shipped_individually":false,"override_title":false,"title":"","override_description":false,"description":"","optional":false,"hide_thumbnail":false,"discount":"","override_variations":false,"allowed_variations":[],"override_default_variation_attributes":false,"default_variation_attributes":[],"single_product_visibility":"hidden","cart_visibility":"hidden","order_visibility":"visible","single_product_price_visibility":"visible","cart_price_visibility":"visible","order_price_visibility":"visible","stock_status":"in_stock"},{"bundled_item_id":252,"product_id":1031,"menu_order":7,"quantity_min":1,"quantity_max":1,"quantity_default":1,"priced_individually":false,"shipped_individually":true,"override_title":false,"title":"","override_description":false,"description":"","optional":false,"hide_thumbnail":false,"discount":"","override_variations":false,"allowed_variations":[],"override_default_variation_attributes":false,"default_variation_attributes":[],"single_product_visibility":"hidden","cart_visibility":"hidden","order_visibility":"visible","single_product_price_visibility":"visible","cart_price_visibility":"visible","order_price_visibility":"visible","stock_status":"in_stock"},{"bundled_item_id":253,"product_id":987,"menu_order":8,"quantity_min":1,"quantity_max":1,"quantity_default":1,"priced_individually":false,"shipped_individually":false,"override_title":false,"title":"","override_description":false,"description":"","optional":false,"hide_thumbnail":false,"discount":"","override_variations":false,"allowed_variations":[],"override_default_variation_attributes":false,"default_variation_attributes":[],"single_product_visibility":"hidden","cart_visibility":"hidden","order_visibility":"visible","single_product_price_visibility":"visible","cart_price_visibility":"visible","order_price_visibility":"visible","stock_status":"out_of_stock"}],"bundle_sell_ids":[],"acf":[],"_links":{"self":[{"href":"https:\/\/byrdgroup.com\/es\/wp-json\/wp\/v2\/product\/21041","targetHints":{"allow":["GET"]}}],"collection":[{"href":"https:\/\/byrdgroup.com\/es\/wp-json\/wp\/v2\/product"}],"about":[{"href":"https:\/\/byrdgroup.com\/es\/wp-json\/wp\/v2\/types\/product"}],"replies":[{"embeddable":true,"href":"https:\/\/byrdgroup.com\/es\/wp-json\/wp\/v2\/comments?post=21041"}],"wp:featuredmedia":[{"embeddable":true,"href":"https:\/\/byrdgroup.com\/es\/wp-json\/wp\/v2\/media\/1224"}],"wp:attachment":[{"href":"https:\/\/byrdgroup.com\/es\/wp-json\/wp\/v2\/media?parent=21041"}],"wp:term":[{"taxonomy":"product_brand","embeddable":true,"href":"https:\/\/byrdgroup.com\/es\/wp-json\/wp\/v2\/product_brand?post=21041"},{"taxonomy":"product_cat","embeddable":true,"href":"https:\/\/byrdgroup.com\/es\/wp-json\/wp\/v2\/product_cat?post=21041"},{"taxonomy":"product_tag","embeddable":true,"href":"https:\/\/byrdgroup.com\/es\/wp-json\/wp\/v2\/product_tag?post=21041"}],"curies":[{"name":"wp","href":"https:\/\/api.w.org\/{rel}","templated":true}]}}