{"id":21002,"date":"2019-05-28T13:41:06","date_gmt":"2019-05-28T18:41:06","guid":{"rendered":"https:\/\/davidbyrdconsulting.com\/?post_type=product&#038;p=21002"},"modified":"2019-07-01T11:19:21","modified_gmt":"2019-07-01T16:19:21","slug":"spanish-coaching","status":"publish","type":"product","link":"https:\/\/byrdgroup.com\/es\/producto\/spanish-coaching\/","title":{"rendered":"Grupo de entrenamiento en espa\u00f1ol"},"content":{"rendered":"<p><strong>TU PLAN<\/strong><\/p>\n<ul>\n<li><b>Mensual\u00a0<\/b>Sesiones de coaching grupal desde la privacidad de tu hogar usando.\u00a0<em>Enfocar<\/em>\u00a0Videoconferencia online.<\/li>\n<li>Un programa \u00fanico para ayudarte. <strong>Lleva tu vida personal y profesional al siguiente nivel.<\/strong>.<\/li>\n<li>Conozca la base del Next Level Achievement System \u2122, que incluye\u00a0<strong>Visi\u00f3n, planificaci\u00f3n diaria y planificaci\u00f3n mensual.<\/strong><\/li>\n<li>Aprende a crear una mentalidad para <strong>Abundancia y \u00e9xito.<\/strong><\/li>\n<li>Los participantes reciben un Sistema de Logros de Siguiente Nivel de 6 meses en espa\u00f1ol antes de la primera sesi\u00f3n de entrenamiento.<\/li>\n<li><strong>$ 35 (d\u00f3lares estadounidenses)<\/strong>\u00a0por participante por mes con una<b> M\u00ednimo de 6 meses<\/b>.<\/li>\n<li>Una vez que se haya inscrito para recibir coaching, se le cobrar\u00e1 el primer pago mensual de $ 35 inmediatamente. El pago comienza el cargo mensual de inmediato y se le cobrar\u00e1 autom\u00e1ticamente en la misma fecha en el pr\u00f3ximo ciclo de facturaci\u00f3n.<\/li>\n<\/ul>\n<p>&nbsp;<\/p>","protected":false},"excerpt":{"rendered":"<p><b>Mensual\u00a0<\/b>Sesiones de coaching grupal desde la privacidad de tu hogar usando.\u00a0<em>Enfocar<\/em>\u00a0Videoconferencia online. Este es un programa \u00fanico para ayudarlo a llevar su vida personal y profesional al siguiente nivel.<i><\/i><\/p>","protected":false},"featured_media":21006,"comment_status":"open","ping_status":"closed","template":"","meta":{"_acf_changed":false},"product_brand":[],"product_cat":[76,93],"product_tag":[],"class_list":{"0":"post-21002","1":"product","2":"type-product","3":"status-publish","4":"has-post-thumbnail","6":"product_cat-uncategorized","7":"product_cat-shopremoval","9":"first","10":"instock","11":"downloadable","12":"virtual","13":"taxable","14":"purchasable","15":"product-type-subscription"},"bundled_by":[],"bundle_stock_status":"instock","bundle_stock_quantity":null,"bundle_virtual":false,"bundle_layout":"","bundle_add_to_cart_form_location":"","bundle_editable_in_cart":false,"bundle_sold_individually_context":"","bundle_item_grouping":"","bundle_min_size":"","bundle_max_size":"","bundle_price":[],"bundled_items":[],"bundle_sell_ids":[],"acf":[],"_links":{"self":[{"href":"https:\/\/byrdgroup.com\/es\/wp-json\/wp\/v2\/product\/21002","targetHints":{"allow":["GET"]}}],"collection":[{"href":"https:\/\/byrdgroup.com\/es\/wp-json\/wp\/v2\/product"}],"about":[{"href":"https:\/\/byrdgroup.com\/es\/wp-json\/wp\/v2\/types\/product"}],"replies":[{"embeddable":true,"href":"https:\/\/byrdgroup.com\/es\/wp-json\/wp\/v2\/comments?post=21002"}],"wp:featuredmedia":[{"embeddable":true,"href":"https:\/\/byrdgroup.com\/es\/wp-json\/wp\/v2\/media\/21006"}],"wp:attachment":[{"href":"https:\/\/byrdgroup.com\/es\/wp-json\/wp\/v2\/media?parent=21002"}],"wp:term":[{"taxonomy":"product_brand","embeddable":true,"href":"https:\/\/byrdgroup.com\/es\/wp-json\/wp\/v2\/product_brand?post=21002"},{"taxonomy":"product_cat","embeddable":true,"href":"https:\/\/byrdgroup.com\/es\/wp-json\/wp\/v2\/product_cat?post=21002"},{"taxonomy":"product_tag","embeddable":true,"href":"https:\/\/byrdgroup.com\/es\/wp-json\/wp\/v2\/product_tag?post=21002"}],"curies":[{"name":"wp","href":"https:\/\/api.w.org\/{rel}","templated":true}]}}