{"id":20681,"date":"2019-05-13T11:45:25","date_gmt":"2019-05-13T16:45:25","guid":{"rendered":"https:\/\/davidbyrdconsulting.com\/?post_type=product&#038;p=20681"},"modified":"2019-06-07T10:36:28","modified_gmt":"2019-06-07T15:36:28","slug":"tf-group-coaching","status":"publish","type":"product","link":"https:\/\/byrdgroup.com\/es\/producto\/tf-group-coaching\/","title":{"rendered":"Team Freedom Programa de desarrollo de liderazgo Entrenamiento en grupo"},"content":{"rendered":"<p><strong>TU PLAN<\/strong><\/p>\n<ul>\n<li><b>Mensual\u00a0<\/b>Sesiones de coaching grupal desde la privacidad de tu hogar usando.\u00a0<em>Enfocar<\/em>\u00a0Videoconferencia online.<\/li>\n<li>Un programa \u00fanico para ayudarte. <strong>Lleva tu vida personal y profesional al siguiente nivel.<\/strong>.<\/li>\n<li>Conozca la base del Next Level Achievement System \u2122, que incluye\u00a0<strong>Visi\u00f3n, planificaci\u00f3n diaria y planificaci\u00f3n mensual.<\/strong><\/li>\n<li>Aprende a crear una mentalidad para <strong>Abundancia y \u00e9xito.<\/strong><\/li>\n<li>Puedes\u00a0<strong>auto-organizarse\u00a0<\/strong>y los horarios de reuni\u00f3n se pueden personalizar para su grupo.<\/li>\n<li>Los participantes deben procurar\u00a0<a href=\"https:\/\/byrdgroup.com\/es\/producto\/TF-next-level-achievement-system-deluxe-edition\/\"><span style=\"color: #0000ff;\">El Sistema de Logro de Siguiente Nivel \u2122<\/span><\/a>\u00a0Antes de la primera sesi\u00f3n de entrenamiento.<\/li>\n<li><strong>$ 100 (d\u00f3lares estadounidenses)<\/strong>\u00a0por participante por mes con una <strong>M\u00ednimo de 3 meses<\/strong>.<\/li>\n<li>Una vez que se haya inscrito para recibir coaching, se le cobrar\u00e1 el primer pago mensual de $ 100 inmediatamente. El pago comienza el cargo mensual de inmediato y se le cobrar\u00e1 autom\u00e1ticamente en la misma fecha en el pr\u00f3ximo ciclo de facturaci\u00f3n.<\/li>\n<li>Para garantizar que podamos satisfacer las necesidades de los individuos, los grupos se limitar\u00e1n a 3-5 participantes.<\/li>\n<\/ul>\n<p>&nbsp;<\/p>","protected":false},"excerpt":{"rendered":"<p><b>Mensual\u00a0<\/b>sesiones de coaching grupal desde la privacidad de su hogar con David Byrd o Jenni Byrd Grier usando\u00a0<em>Enfocar<\/em>\u00a0Videoconferencia online. Este es un programa \u00fanico para ayudarlo a llevar su vida personal y profesional al siguiente nivel.<\/p>\n<p><i>Nota: puedes\u00a0<strong>auto-organizarse\u00a0<\/strong>y los horarios de reuni\u00f3n se pueden personalizar para su grupo. Cont\u00e1ctenos en info@davidbyrdconsulting.com para obtener m\u00e1s informaci\u00f3n.<\/i><\/p>","protected":false},"featured_media":20701,"comment_status":"open","ping_status":"closed","template":"","meta":{"_acf_changed":false},"product_brand":[],"product_cat":[76,93],"product_tag":[],"class_list":{"0":"post-20681","1":"product","2":"type-product","3":"status-publish","4":"has-post-thumbnail","6":"team-freedom-team-freedom","7":"product_cat-uncategorized","8":"product_cat-shopremoval","10":"first","11":"instock","12":"taxable","13":"shipping-taxable","14":"purchasable","15":"product-type-variable-subscription"},"bundled_by":[],"bundle_stock_status":"instock","bundle_stock_quantity":null,"bundle_virtual":false,"bundle_layout":"","bundle_add_to_cart_form_location":"","bundle_editable_in_cart":false,"bundle_sold_individually_context":"","bundle_item_grouping":"","bundle_min_size":"","bundle_max_size":"","bundle_price":[],"bundled_items":[],"bundle_sell_ids":[],"acf":[],"_links":{"self":[{"href":"https:\/\/byrdgroup.com\/es\/wp-json\/wp\/v2\/product\/20681","targetHints":{"allow":["GET"]}}],"collection":[{"href":"https:\/\/byrdgroup.com\/es\/wp-json\/wp\/v2\/product"}],"about":[{"href":"https:\/\/byrdgroup.com\/es\/wp-json\/wp\/v2\/types\/product"}],"replies":[{"embeddable":true,"href":"https:\/\/byrdgroup.com\/es\/wp-json\/wp\/v2\/comments?post=20681"}],"wp:featuredmedia":[{"embeddable":true,"href":"https:\/\/byrdgroup.com\/es\/wp-json\/wp\/v2\/media\/20701"}],"wp:attachment":[{"href":"https:\/\/byrdgroup.com\/es\/wp-json\/wp\/v2\/media?parent=20681"}],"wp:term":[{"taxonomy":"product_brand","embeddable":true,"href":"https:\/\/byrdgroup.com\/es\/wp-json\/wp\/v2\/product_brand?post=20681"},{"taxonomy":"product_cat","embeddable":true,"href":"https:\/\/byrdgroup.com\/es\/wp-json\/wp\/v2\/product_cat?post=20681"},{"taxonomy":"product_tag","embeddable":true,"href":"https:\/\/byrdgroup.com\/es\/wp-json\/wp\/v2\/product_tag?post=20681"}],"curies":[{"name":"wp","href":"https:\/\/api.w.org\/{rel}","templated":true}]}}