{"id":18961,"date":"2019-02-04T14:27:13","date_gmt":"2019-02-04T19:27:13","guid":{"rendered":"https:\/\/davidbyrdconsulting.com\/?post_type=product&#038;p=18961"},"modified":"2020-12-02T15:28:18","modified_gmt":"2020-12-02T20:28:18","slug":"drybar_leadership_program","status":"publish","type":"product","link":"https:\/\/byrdgroup.com\/es\/producto\/drybar_leadership_program\/","title":{"rendered":"Programa anual de entrenamiento 1: 1 dise\u00f1ado para franquiciado Drybar"},"content":{"rendered":"<p>Un programa anual de entrenamiento que consiste en sesiones individuales de entrenamiento con Jenni Byrd Grier o David Byrd. Las sesiones de coaching se llevan a cabo mensualmente y ayudar\u00e1n en la implementaci\u00f3n del Sistema de Logros del Siguiente Nivel, as\u00ed como en el desarrollo de comportamientos m\u00e1s efectivos y proactivos que impulsan la claridad, el enfoque, la perspectiva y el equilibrio. <em>Compra de la <span style=\"color: #0000ff;\"><a style=\"color: #0000ff;\" href=\"https:\/\/byrdgroup.com\/es\/producto\/next-level-achievement-system-deluxe-edition-db\/\">Sistema de Logro de Siguiente Nivel<\/a><\/span> requerido para el coaching.<\/em><\/p>\n<p><strong>TU PLAN<\/strong><\/p>\n<ul>\n<li><b>12 mensual privado<\/b>\u00a0Sesiones de coaching dise\u00f1adas espec\u00edficamente para el Franquiciado Drybar. Consiste en una llamada mensual que puede hacerse desde la privacidad de su hogar con Jenni Byrd Grier o David Byrd. Las sesiones se llevan a cabo en los horarios que mejor se ajusten a su horario.<\/li>\n<li>Conozca la base del Next Level Achievement System \u2122, que incluye\u00a0<strong>Visi\u00f3n, planificaci\u00f3n diaria, planificaci\u00f3n mensual, actividades de alto rendimiento y medici\u00f3n de su efectividad.<\/strong><\/li>\n<li><strong>$3,600 (US dollars) one time payment or a convenient quarterly payment plan of $900 per quarter for 12 months.*<\/strong><\/li>\n<\/ul>\n<h5><strong><em>*Automatically renews<\/em><\/strong><\/h5>","protected":false},"excerpt":{"rendered":"<p>Annual 1:1 twelve-month coaching program designed specifically for Drybar Franchisee. A one-time fee of $3,600 or four payments of $900 paid quarterly.*<\/p>\n<h5><strong><em>*Automatically renews<\/em><\/strong><\/h5>","protected":false},"featured_media":19039,"comment_status":"closed","ping_status":"closed","template":"","meta":{"_acf_changed":false},"product_brand":[],"product_cat":[76,61,93],"product_tag":[],"class_list":{"0":"post-18961","1":"product","2":"type-product","3":"status-publish","4":"has-post-thumbnail","6":"drybar-drybar","7":"product_cat-uncategorized","8":"product_cat-coaching-services","9":"product_cat-shopremoval","11":"first","12":"instock","13":"purchasable","14":"product-type-variable-subscription"},"bundled_by":[],"bundle_stock_status":"instock","bundle_stock_quantity":null,"bundle_virtual":false,"bundle_layout":"","bundle_add_to_cart_form_location":"","bundle_editable_in_cart":false,"bundle_sold_individually_context":"","bundle_item_grouping":"","bundle_min_size":"","bundle_max_size":"","bundle_price":[],"bundled_items":[],"bundle_sell_ids":[],"acf":[],"_links":{"self":[{"href":"https:\/\/byrdgroup.com\/es\/wp-json\/wp\/v2\/product\/18961","targetHints":{"allow":["GET"]}}],"collection":[{"href":"https:\/\/byrdgroup.com\/es\/wp-json\/wp\/v2\/product"}],"about":[{"href":"https:\/\/byrdgroup.com\/es\/wp-json\/wp\/v2\/types\/product"}],"replies":[{"embeddable":true,"href":"https:\/\/byrdgroup.com\/es\/wp-json\/wp\/v2\/comments?post=18961"}],"wp:featuredmedia":[{"embeddable":true,"href":"https:\/\/byrdgroup.com\/es\/wp-json\/wp\/v2\/media\/19039"}],"wp:attachment":[{"href":"https:\/\/byrdgroup.com\/es\/wp-json\/wp\/v2\/media?parent=18961"}],"wp:term":[{"taxonomy":"product_brand","embeddable":true,"href":"https:\/\/byrdgroup.com\/es\/wp-json\/wp\/v2\/product_brand?post=18961"},{"taxonomy":"product_cat","embeddable":true,"href":"https:\/\/byrdgroup.com\/es\/wp-json\/wp\/v2\/product_cat?post=18961"},{"taxonomy":"product_tag","embeddable":true,"href":"https:\/\/byrdgroup.com\/es\/wp-json\/wp\/v2\/product_tag?post=18961"}],"curies":[{"name":"wp","href":"https:\/\/api.w.org\/{rel}","templated":true}]}}