{"id":18857,"date":"2019-01-21T16:19:02","date_gmt":"2019-01-21T21:19:02","guid":{"rendered":"https:\/\/davidbyrdconsulting.com\/?post_type=product&#038;p=18857"},"modified":"2021-06-15T17:16:25","modified_gmt":"2021-06-15T22:16:25","slug":"tulum_retreat_may2019","status":"publish","type":"product","link":"https:\/\/byrdgroup.com\/es\/producto\/tulum_retreat_may2019\/","title":{"rendered":"Women&#8217;s Meditation and Yoga Retreat in Tulum, Mexico"},"content":{"rendered":"<p><strong>Women\u2019s Yoga and Meditation Retreat<\/strong><\/p>\n<p><strong>Hosted by Jenni Byrd Grier and Mayra Velaquez<\/strong><\/p>\n<p>From the lulling sound of the waves to the soothing blue of the ocean, the beach does more than just provide a pretty backdrop; it also makes you feel better from the inside out.\u00a0 Spend 3 days and 3 nights in an oceanfront paradise with daily yoga sessions, life coaching and meditation.<\/p>\n<p>Jenni lo guiar\u00e1 a trav\u00e9s de meditaciones transformadoras, lo ayudar\u00e1 a identificar sus creencias limitantes y resolver\u00e1 lo que\u00a0<em>t\u00fa<\/em>\u00a0Necesito llegar a tu siguiente nivel. \u00a1Saldr\u00e1 del retiro con energ\u00eda y con la claridad que necesita para establecer nuevos h\u00e1bitos y comportamientos en el hogar para que usted se convierta en su verdadero ser!<\/p>\n<p>Mayra will meet you on your mat and lead you through amazing yoga sessions.\u00a0 Yoga is a practice, but\u00a0also a way of life. When you do yoga in a retreat setting, you are able to disconnect from the distraction and hubbub that fills our days.<\/p>\n<p>Never meditated or never done yoga, no need to worry.\u00a0 When it comes to meditation, you will leave with an established practice and the tools to apply to your daily life.\u00a0 Whatever your yoga experience is, you will be able to practice with us.<\/p>\n<p>Expect your heart to open, your mind to clear and tension to slip away.\u00a0 Consider this your next level decompression.<\/p>\n<p>We will be staying at Playa Esperanza.\u00a0 It is located 73 miles from Cancun International Airport.\u00a0 It is an eco-sensitive beach front paradise that offers 15 unique cabanas built using natural and local materials furnished and decorated in an exquisite design.\u00a0\u00a0 Once you register you will select one of the 15 Cabanas (first come first serve).<\/p>\n<p>Check the out the cabanas -&gt;<span style=\"color: #0000ff;\"><a style=\"color: #0000ff;\" href=\"http:\/\/playa-esperanza.com\/?post_type=room\" target=\"_blank\" rel=\"noopener noreferrer\">aqu\u00ed.<\/a><\/span><\/p>\n<p>&nbsp;<\/p>","protected":false},"excerpt":{"rendered":"<p>Hosted by Jenni Byrd Grier and Mayra Velazquez<\/p>\n<p>From the lulling sound of the waves to the soothing blue of the ocean, the beach does more than just provide a pretty backdrop; it also makes you feel better from the inside out.\u00a0 Spend 3 days and 3 nights in an oceanfront paradise with daily yoga sessions, life coaching and meditation.\u00a0 Expect your heart to open, your mind to clear and tension to slip away.<\/p>\n<p>May 2-5, 2019<\/p>\n<p>Double Occupancy: $1,199<\/p>\n<p>Single Occupancy: $1,599<\/p>\n<p>*Price includes all meals, lodging, ground transportation, yoga sessions, personal development sessions, and meditations.<\/p>\n<p><strong>Early Bird Discount of $200 if you register by March 2nd!<\/strong><\/p>\n<p>A $500 non-refundable deposit is required to hold your spot.\u00a0 Balance due March 31st or choose a convenient payment plan!<\/p>\n<p>&nbsp;<\/p>\n<p>&nbsp;<\/p>\n<p>&nbsp;<\/p>","protected":false},"featured_media":18867,"comment_status":"open","ping_status":"closed","template":"","meta":{"_acf_changed":false},"product_brand":[],"product_cat":[93],"product_tag":[],"class_list":{"0":"post-18857","1":"product","2":"type-product","3":"status-publish","4":"has-post-thumbnail","6":"product_cat-shopremoval","8":"first","9":"instock","10":"purchasable","11":"product-type-variable-subscription"},"bundled_by":[],"bundle_stock_status":"instock","bundle_stock_quantity":12,"bundle_virtual":false,"bundle_layout":"","bundle_add_to_cart_form_location":"","bundle_editable_in_cart":false,"bundle_sold_individually_context":"","bundle_item_grouping":"","bundle_min_size":"","bundle_max_size":"","bundle_price":[],"bundled_items":[],"bundle_sell_ids":[],"acf":[],"_links":{"self":[{"href":"https:\/\/byrdgroup.com\/es\/wp-json\/wp\/v2\/product\/18857","targetHints":{"allow":["GET"]}}],"collection":[{"href":"https:\/\/byrdgroup.com\/es\/wp-json\/wp\/v2\/product"}],"about":[{"href":"https:\/\/byrdgroup.com\/es\/wp-json\/wp\/v2\/types\/product"}],"replies":[{"embeddable":true,"href":"https:\/\/byrdgroup.com\/es\/wp-json\/wp\/v2\/comments?post=18857"}],"wp:featuredmedia":[{"embeddable":true,"href":"https:\/\/byrdgroup.com\/es\/wp-json\/wp\/v2\/media\/18867"}],"wp:attachment":[{"href":"https:\/\/byrdgroup.com\/es\/wp-json\/wp\/v2\/media?parent=18857"}],"wp:term":[{"taxonomy":"product_brand","embeddable":true,"href":"https:\/\/byrdgroup.com\/es\/wp-json\/wp\/v2\/product_brand?post=18857"},{"taxonomy":"product_cat","embeddable":true,"href":"https:\/\/byrdgroup.com\/es\/wp-json\/wp\/v2\/product_cat?post=18857"},{"taxonomy":"product_tag","embeddable":true,"href":"https:\/\/byrdgroup.com\/es\/wp-json\/wp\/v2\/product_tag?post=18857"}],"curies":[{"name":"wp","href":"https:\/\/api.w.org\/{rel}","templated":true}]}}