{"id":18359,"date":"2018-11-16T16:21:37","date_gmt":"2018-11-16T21:21:37","guid":{"rendered":"https:\/\/davidbyrdconsulting.com\/?post_type=product&#038;p=18359"},"modified":"2026-01-04T08:57:54","modified_gmt":"2026-01-04T13:57:54","slug":"prospect-tracking-add-in-module","status":"publish","type":"product","link":"https:\/\/byrdgroup.com\/es\/producto\/prospect-tracking-add-in-module\/","title":{"rendered":"M\u00f3dulo adicional de seguimiento de prospectos"},"content":{"rendered":"<p>El m\u00f3dulo de complementos de Prospect Tracking para THE ACHIEVEMENT PLANNER est\u00e1 dise\u00f1ado para ayudarlo a mantener un sistema de seguimiento de datos consistente que se adapte perfectamente a su planificador.<\/p>\n<p>Este complemento tiene 3 componentes:<\/p>\n<ul>\n<li>Pesta\u00f1a de seguimiento de prospectos\n<ul>\n<li>Dise\u00f1ado para adaptarse f\u00e1cilmente a su planificador y le permite acceder r\u00e1pidamente a toda la informaci\u00f3n que necesita sobre sus prospectos.<\/li>\n<\/ul>\n<\/li>\n<li>Perspectiva de seguimiento de la p\u00e1gina desplegable\n<ul>\n<li>Estas P\u00e1ginas de Seguimiento de Prospectos est\u00e1n construidas con un material de cartulina m\u00e1s pesado y son lo suficientemente duraderas para moverse con usted todo el d\u00eda. Est\u00e1n dise\u00f1ados para que usted tenga una visi\u00f3n general de todos sus prospectos de un vistazo.<\/li>\n<\/ul>\n<\/li>\n<li>P\u00e1ginas de detalle de seguimiento de prospectos\n<ul>\n<li>Dise\u00f1ado para todas las notas detalladas sobre su perspectiva.<\/li>\n<\/ul>\n<\/li>\n<\/ul>\n<p>La investigaci\u00f3n ha demostrado consistentemente que <em>\u201cLa escritura aclara el pensamiento\u201d<\/em>, y este nuevo m\u00f3dulo estimula aquellos procesos de pensamiento proactivo que apoyan el seguimiento y seguimiento efectivos. Recuerde, no es lo mucho que hace, \u00a1sino la efectividad de lo que hace lo que realmente cuenta!<\/p>","protected":false},"excerpt":{"rendered":"<p>El m\u00f3dulo de complemento de seguimiento de prospectos tiene 3 componentes:<\/p>\n<ol>\n<li>La pesta\u00f1a Seguimiento de prospectos.<\/li>\n<li>La p\u00e1gina desplegable de Prospect Tracking.<\/li>\n<li>P\u00e1ginas de detalle de seguimiento de prospectos.<\/li>\n<\/ol>","protected":false},"featured_media":18360,"comment_status":"open","ping_status":"closed","template":"","meta":{"_acf_changed":false},"product_brand":[],"product_cat":[59],"product_tag":[],"class_list":{"0":"post-18359","1":"product","2":"type-product","3":"status-publish","4":"has-post-thumbnail","6":"team-freedom-team-freedom","7":"qsciences-qsciences","8":"greencompass-greencompass","9":"product_cat-planners","11":"first","12":"instock","13":"featured","14":"taxable","15":"shipping-taxable","16":"purchasable","17":"product-type-simple"},"bundled_by":[],"bundle_stock_status":"instock","bundle_stock_quantity":69,"bundle_virtual":false,"bundle_layout":"","bundle_add_to_cart_form_location":"","bundle_editable_in_cart":false,"bundle_sold_individually_context":"","bundle_item_grouping":"","bundle_min_size":"","bundle_max_size":"","bundle_price":[],"bundled_items":[],"bundle_sell_ids":[],"acf":[],"_links":{"self":[{"href":"https:\/\/byrdgroup.com\/es\/wp-json\/wp\/v2\/product\/18359","targetHints":{"allow":["GET"]}}],"collection":[{"href":"https:\/\/byrdgroup.com\/es\/wp-json\/wp\/v2\/product"}],"about":[{"href":"https:\/\/byrdgroup.com\/es\/wp-json\/wp\/v2\/types\/product"}],"replies":[{"embeddable":true,"href":"https:\/\/byrdgroup.com\/es\/wp-json\/wp\/v2\/comments?post=18359"}],"wp:featuredmedia":[{"embeddable":true,"href":"https:\/\/byrdgroup.com\/es\/wp-json\/wp\/v2\/media\/18360"}],"wp:attachment":[{"href":"https:\/\/byrdgroup.com\/es\/wp-json\/wp\/v2\/media?parent=18359"}],"wp:term":[{"taxonomy":"product_brand","embeddable":true,"href":"https:\/\/byrdgroup.com\/es\/wp-json\/wp\/v2\/product_brand?post=18359"},{"taxonomy":"product_cat","embeddable":true,"href":"https:\/\/byrdgroup.com\/es\/wp-json\/wp\/v2\/product_cat?post=18359"},{"taxonomy":"product_tag","embeddable":true,"href":"https:\/\/byrdgroup.com\/es\/wp-json\/wp\/v2\/product_tag?post=18359"}],"curies":[{"name":"wp","href":"https:\/\/api.w.org\/{rel}","templated":true}]}}