{"id":17775,"date":"2018-08-22T14:15:16","date_gmt":"2018-08-22T19:15:16","guid":{"rendered":"https:\/\/davidbyrdconsulting.com\/?post_type=product&#038;p=17775"},"modified":"2018-10-02T00:06:16","modified_gmt":"2018-10-02T05:06:16","slug":"next-level-mindset-ws-houston","status":"publish","type":"product","link":"https:\/\/byrdgroup.com\/es\/producto\/next-level-mindset-ws-houston\/","title":{"rendered":"Taller de mentalidad de nivel siguiente"},"content":{"rendered":"<p><strong>Taller de mentalidad de nivel siguiente<\/strong><\/p>\n<p>2 de noviembre de 2018<\/p>\n<p>Este taller te ayudar\u00e1 a:<\/p>\n<ul>\n<li>Comprende el poder de tus propios pensamientos.<\/li>\n<li>Identifica lo que te est\u00e1 bloqueando de lo que deseas m\u00e1s profundamente.<\/li>\n<li>Aprenda c\u00f3mo vivir de manera proactiva en lugar de reaccionar en todas las \u00e1reas de su vida.<\/li>\n<li>Permitir su <em>Verdadero ser<\/em> ser revelado<\/li>\n<\/ul>\n<p>Jenni lo guiar\u00e1 a trav\u00e9s de meditaciones transformadoras, lo ayudar\u00e1 a identificar sus creencias limitantes y resolver\u00e1 lo que necesita hacer para alcanzar su pr\u00f3ximo nivel. \u00a1Te ir\u00e1s sintiendo con energ\u00eda y con la claridad que necesitas para establecer nuevos h\u00e1bitos y comportamientos en casa para que te conviertas en tu verdadero ser!<\/p>\n<p><a href=\"https:\/\/byrdgroup.com\/wp-content\/uploads\/2018\/08\/NextLevelMindsetWorkshop_Lorena.pdf\"><span style=\"color: #0000ff;\">Descargar folleto<\/span><\/a><\/p>\n<p><strong><i>* Todos los pagos del taller no son reembolsables.<\/i><\/strong><\/p>","protected":false},"excerpt":{"rendered":"<p>H\u00e1gase estas preguntas:<\/p>\n<ul>\n<li><em>\u00bfTe sientes abrumado mucho?<\/em><\/li>\n<li><em>\u00bfTienes pensamientos persistentes de doble y preocupaci\u00f3n?<\/em><\/li>\n<li><em>\u00bfHa intentado cambiar su mentalidad solo para regresar a sus zonas de confort?<\/em><\/li>\n<\/ul>\n<p>Est\u00e1s ocupado. Es dif\u00edcil sentarse y pensar en estas cosas cuando la vida y el trabajo te miran a la cara. Este taller consiste en estar lejos de la rutina del hogar para que puedas divertirte, abrirte, profundizar y explorar lo que te est\u00e1 frenando. Eres un im\u00e1n para tu propia realidad. Aprenda c\u00f3mo crear su futuro antes de que comience su futuro el 2 de noviembre de 2018.<\/p>\n<p><span style=\"color: #ff0000;\">Tu <strong><em>inversi\u00f3n<\/em><\/strong> en USTED - $ 250!<\/span><\/p>\n<p><strong><span style=\"color: #ff0000;\">Descuento por reserva anticipada!<\/span><\/strong><\/p>\n<p><span style=\"color: #ff0000;\">Reg\u00edstrese antes del 1 de octubre para confirmar su lugar por solo <strong>$199!<\/strong><\/span><\/p>\n<p><em><span style=\"color: #ff0000;\">* Todos los pagos del taller no son reembolsables.<\/span><\/em><\/p>\n<p>&nbsp;<\/p>\n<p>&nbsp;<\/p>","protected":false},"featured_media":17782,"comment_status":"closed","ping_status":"closed","template":"","meta":{"_acf_changed":false},"product_brand":[],"product_cat":[76],"product_tag":[],"class_list":{"0":"post-17775","1":"product","2":"type-product","3":"status-publish","4":"has-post-thumbnail","6":"product_cat-uncategorized","8":"first","9":"instock","10":"virtual","11":"purchasable","12":"product-type-simple"},"bundled_by":[],"bundle_stock_status":"instock","bundle_stock_quantity":null,"bundle_virtual":false,"bundle_layout":"","bundle_add_to_cart_form_location":"","bundle_editable_in_cart":false,"bundle_sold_individually_context":"","bundle_item_grouping":"","bundle_min_size":"","bundle_max_size":"","bundle_price":[],"bundled_items":[],"bundle_sell_ids":[],"acf":[],"_links":{"self":[{"href":"https:\/\/byrdgroup.com\/es\/wp-json\/wp\/v2\/product\/17775","targetHints":{"allow":["GET"]}}],"collection":[{"href":"https:\/\/byrdgroup.com\/es\/wp-json\/wp\/v2\/product"}],"about":[{"href":"https:\/\/byrdgroup.com\/es\/wp-json\/wp\/v2\/types\/product"}],"replies":[{"embeddable":true,"href":"https:\/\/byrdgroup.com\/es\/wp-json\/wp\/v2\/comments?post=17775"}],"wp:featuredmedia":[{"embeddable":true,"href":"https:\/\/byrdgroup.com\/es\/wp-json\/wp\/v2\/media\/17782"}],"wp:attachment":[{"href":"https:\/\/byrdgroup.com\/es\/wp-json\/wp\/v2\/media?parent=17775"}],"wp:term":[{"taxonomy":"product_brand","embeddable":true,"href":"https:\/\/byrdgroup.com\/es\/wp-json\/wp\/v2\/product_brand?post=17775"},{"taxonomy":"product_cat","embeddable":true,"href":"https:\/\/byrdgroup.com\/es\/wp-json\/wp\/v2\/product_cat?post=17775"},{"taxonomy":"product_tag","embeddable":true,"href":"https:\/\/byrdgroup.com\/es\/wp-json\/wp\/v2\/product_tag?post=17775"}],"curies":[{"name":"wp","href":"https:\/\/api.w.org\/{rel}","templated":true}]}}