{"id":17084,"date":"2018-05-10T14:16:30","date_gmt":"2018-05-10T19:16:30","guid":{"rendered":"https:\/\/davidbyrdconsulting.com\/?post_type=product&#038;p=17084"},"modified":"2021-04-13T14:59:53","modified_gmt":"2021-04-13T19:59:53","slug":"heart_centered_meditation","status":"publish","type":"product","link":"https:\/\/byrdgroup.com\/es\/producto\/heart_centered_meditation\/","title":{"rendered":"Heart Centered Meditation &#8220;Expanded Version&#8221;"},"content":{"rendered":"<p>La frecuencia electromagn\u00e9tica de sus ondas cerebrales determina la energ\u00eda de su cuerpo. Sus sentimientos emocionales se dirigen desde su cerebro y tienen un impacto dram\u00e1tico en su coraz\u00f3n. Sin saberlo, creemos que todo esto est\u00e1 fuera de nuestro control, pero no lo est\u00e1. De hecho, est\u00e1 directamente bajo nuestro control a trav\u00e9s del poder de nuestros pensamientos. Entonces, para cambiar tu vida, primero debes cambiar la forma en que piensas. La pr\u00e1ctica consistente de disminuir intencionalmente la frecuencia de las ondas cerebrales mientras se inyecta a prop\u00f3sito el pensamiento deseado y proactivo se denomina meditaci\u00f3n.<\/p>\n<p>Esta meditaci\u00f3n guiada de 44 minutos dirige su atenci\u00f3n y enfoque hacia el centro creativo de su ser, su coraz\u00f3n. Este tipo de meditaci\u00f3n a veces se denomina &quot;oraci\u00f3n central&quot;.<\/p>\n<p>&nbsp;<\/p>\n<p><i>Nota: Este producto es una descarga de audio y no se env\u00eda<\/i><\/p>","protected":false},"excerpt":{"rendered":"<p>This 44 minute guided meditation directs your attention and focus to the creative center of your being, your heart. This type of meditation is sometimes referred to as &#8220;Centering Prayer&#8221;. Listen to a sample below:<\/p>\n[audio mp3=\"https:\/\/byrdgroup.com\/wp-content\/uploads\/2019\/11\/Sample_Meditation_Session3_DFB.mp3\"][\/audio]\n<p>Guided by David Byrd.<\/p>\n","protected":false},"featured_media":32249,"comment_status":"open","ping_status":"closed","template":"","meta":{"_acf_changed":false},"product_brand":[],"product_cat":[62],"product_tag":[],"class_list":{"0":"post-17084","1":"product","2":"type-product","3":"status-publish","4":"has-post-thumbnail","6":"product_cat-meditation-tools","8":"first","9":"instock","10":"downloadable","11":"virtual","12":"taxable","13":"purchasable","14":"product-type-simple"},"bundled_by":[],"bundle_stock_status":"instock","bundle_stock_quantity":null,"bundle_virtual":false,"bundle_layout":"","bundle_add_to_cart_form_location":"","bundle_editable_in_cart":false,"bundle_sold_individually_context":"","bundle_item_grouping":"","bundle_min_size":"","bundle_max_size":"","bundle_price":[],"bundled_items":[],"bundle_sell_ids":[],"acf":[],"_links":{"self":[{"href":"https:\/\/byrdgroup.com\/es\/wp-json\/wp\/v2\/product\/17084","targetHints":{"allow":["GET"]}}],"collection":[{"href":"https:\/\/byrdgroup.com\/es\/wp-json\/wp\/v2\/product"}],"about":[{"href":"https:\/\/byrdgroup.com\/es\/wp-json\/wp\/v2\/types\/product"}],"replies":[{"embeddable":true,"href":"https:\/\/byrdgroup.com\/es\/wp-json\/wp\/v2\/comments?post=17084"}],"wp:featuredmedia":[{"embeddable":true,"href":"https:\/\/byrdgroup.com\/es\/wp-json\/wp\/v2\/media\/32249"}],"wp:attachment":[{"href":"https:\/\/byrdgroup.com\/es\/wp-json\/wp\/v2\/media?parent=17084"}],"wp:term":[{"taxonomy":"product_brand","embeddable":true,"href":"https:\/\/byrdgroup.com\/es\/wp-json\/wp\/v2\/product_brand?post=17084"},{"taxonomy":"product_cat","embeddable":true,"href":"https:\/\/byrdgroup.com\/es\/wp-json\/wp\/v2\/product_cat?post=17084"},{"taxonomy":"product_tag","embeddable":true,"href":"https:\/\/byrdgroup.com\/es\/wp-json\/wp\/v2\/product_tag?post=17084"}],"curies":[{"name":"wp","href":"https:\/\/api.w.org\/{rel}","templated":true}]}}