{"id":17076,"date":"2018-05-10T13:53:37","date_gmt":"2018-05-10T18:53:37","guid":{"rendered":"https:\/\/davidbyrdconsulting.com\/?post_type=product&#038;p=17076"},"modified":"2020-05-29T16:27:20","modified_gmt":"2020-05-29T21:27:20","slug":"walking-meditation","status":"publish","type":"product","link":"https:\/\/byrdgroup.com\/es\/producto\/walking-meditation\/","title":{"rendered":"Meditaci\u00f3n caminando"},"content":{"rendered":"<p>La frecuencia electromagn\u00e9tica de sus ondas cerebrales determina la energ\u00eda de su cuerpo. Sus sentimientos emocionales se dirigen desde su cerebro y tienen un impacto dram\u00e1tico en su coraz\u00f3n. Sin saberlo, creemos que todo esto est\u00e1 fuera de nuestro control, pero no lo est\u00e1. De hecho, est\u00e1 directamente bajo nuestro control a trav\u00e9s del poder de nuestros pensamientos. Entonces, para cambiar tu vida, primero debes cambiar la forma en que piensas. La pr\u00e1ctica consistente de disminuir intencionalmente la frecuencia de las ondas cerebrales mientras se inyecta a prop\u00f3sito el pensamiento deseado y proactivo se denomina meditaci\u00f3n.<\/p>\n<p>Algunas personas tienen dificultad para sentarse y necesitan moverse. Hay un proceso de meditaci\u00f3n que puede aplicarse al movimiento y al caminar. Esta meditaci\u00f3n guiada de 42 minutos se ajusta a esa necesidad.<\/p>\n<p>&nbsp;<\/p>\n<p><i>Nota: Este producto es una descarga de audio y no se env\u00eda<\/i><\/p>","protected":false},"excerpt":{"rendered":"<p>Some people have difficulty sitting and need to move. There is a process of meditation that can be applied to moving and walking. This 42 minute guided meditation fits that need.<\/p>\n[audio mp3=\"https:\/\/byrdgroup.com\/wp-content\/uploads\/2018\/05\/Sample_Walking-Meditation.mp3\"][\/audio]\n<p>Guided by David Byrd<\/p>\n","protected":false},"featured_media":32283,"comment_status":"open","ping_status":"closed","template":"","meta":{"_acf_changed":false},"product_brand":[],"product_cat":[62],"product_tag":[],"class_list":{"0":"post-17076","1":"product","2":"type-product","3":"status-publish","4":"has-post-thumbnail","6":"product_cat-meditation-tools","8":"first","9":"instock","10":"downloadable","11":"virtual","12":"taxable","13":"purchasable","14":"product-type-simple"},"bundled_by":[],"bundle_stock_status":"instock","bundle_stock_quantity":null,"bundle_virtual":false,"bundle_layout":"","bundle_add_to_cart_form_location":"","bundle_editable_in_cart":false,"bundle_sold_individually_context":"","bundle_item_grouping":"","bundle_min_size":"","bundle_max_size":"","bundle_price":[],"bundled_items":[],"bundle_sell_ids":[],"acf":[],"_links":{"self":[{"href":"https:\/\/byrdgroup.com\/es\/wp-json\/wp\/v2\/product\/17076","targetHints":{"allow":["GET"]}}],"collection":[{"href":"https:\/\/byrdgroup.com\/es\/wp-json\/wp\/v2\/product"}],"about":[{"href":"https:\/\/byrdgroup.com\/es\/wp-json\/wp\/v2\/types\/product"}],"replies":[{"embeddable":true,"href":"https:\/\/byrdgroup.com\/es\/wp-json\/wp\/v2\/comments?post=17076"}],"wp:featuredmedia":[{"embeddable":true,"href":"https:\/\/byrdgroup.com\/es\/wp-json\/wp\/v2\/media\/32283"}],"wp:attachment":[{"href":"https:\/\/byrdgroup.com\/es\/wp-json\/wp\/v2\/media?parent=17076"}],"wp:term":[{"taxonomy":"product_brand","embeddable":true,"href":"https:\/\/byrdgroup.com\/es\/wp-json\/wp\/v2\/product_brand?post=17076"},{"taxonomy":"product_cat","embeddable":true,"href":"https:\/\/byrdgroup.com\/es\/wp-json\/wp\/v2\/product_cat?post=17076"},{"taxonomy":"product_tag","embeddable":true,"href":"https:\/\/byrdgroup.com\/es\/wp-json\/wp\/v2\/product_tag?post=17076"}],"curies":[{"name":"wp","href":"https:\/\/api.w.org\/{rel}","templated":true}]}}