{"id":16901,"date":"2018-04-09T15:21:44","date_gmt":"2018-04-09T20:21:44","guid":{"rendered":"https:\/\/davidbyrdconsulting.com\/?post_type=product&#038;p=16901"},"modified":"2023-07-19T12:51:47","modified_gmt":"2023-07-19T17:51:47","slug":"individual_coaching_monthly","status":"publish","type":"product","link":"https:\/\/byrdgroup.com\/es\/producto\/individual_coaching_monthly\/","title":{"rendered":"Next Level 1:1 Individual Coaching &#8211; Monthly Payment Plan"},"content":{"rendered":"<p><strong>TU PLAN<\/strong><\/p>\n<ul>\n<li><b>Mensual privado<\/b>\u00a0Sesiones de coaching desde la privacidad de su hogar con Jenni Byrd Grier usando\u00a0<em>Enfocar<\/em>\u00a0Videoconferencia online. Las sesiones se llevan a cabo en los horarios que mejor se ajusten a su horario.<\/li>\n<li>Conozca la base del Next Level Achievement System \u2122, que incluye\u00a0<strong>Visi\u00f3n, planificaci\u00f3n diaria, planificaci\u00f3n mensual, actividades de alto rendimiento y medici\u00f3n de su efectividad.<\/strong><\/li>\n<li>Las sesiones de coaching se pueden personalizar para satisfacer las necesidades del individuo.<\/li>\n<li>Payment of $300 per month will be billed monthly until you cancel.<\/li>\n<\/ul>\n<p><strong>Tu entrenador<\/strong><\/p>\n<p><strong>Jenni Byrd Grier<\/strong>, President of The Byrd Group, is an accomplished International speaker with more than 15 years of corporate management and leadership experience as well as an MBA in International Business. Jenni is a life-changing Next Level Achievement\u2122 Coach who will help you create a vision, live life with intentionality, set goals and make them happen.<\/p>","protected":false},"excerpt":{"rendered":"<p><strong>Mensual privado<\/strong>\u00a0sesiones de coaching individuales desde la privacidad de su hogar con Jenni Byrd Grier usando\u00a0<em>Enfocar<\/em>\u00a0Videoconferencia online. Las sesiones se llevan a cabo en los horarios que mejor se ajusten a su horario.<\/p>\n<p>Para m\u00e1s informaci\u00f3n sobre nuestro coaching personalizado, por favor\u00a0<a href=\"http:\/\/davidbyrdconsulting.com\/personalized-coaching\/\">Cont\u00e1ctenos.<\/a><\/p>","protected":false},"featured_media":1169,"comment_status":"open","ping_status":"closed","template":"","meta":{"_acf_changed":false},"product_brand":[],"product_cat":[76,61,93],"product_tag":[],"class_list":{"0":"post-16901","1":"product","2":"type-product","3":"status-publish","4":"has-post-thumbnail","6":"product_cat-uncategorized","7":"product_cat-coaching-services","8":"product_cat-shopremoval","10":"first","11":"instock","12":"virtual","13":"purchasable","14":"product-type-subscription"},"bundled_by":[],"bundle_stock_status":"instock","bundle_stock_quantity":null,"bundle_virtual":false,"bundle_layout":"","bundle_add_to_cart_form_location":"","bundle_editable_in_cart":false,"bundle_sold_individually_context":"","bundle_item_grouping":"","bundle_min_size":"","bundle_max_size":"","bundle_price":[],"bundled_items":[],"bundle_sell_ids":[],"acf":[],"_links":{"self":[{"href":"https:\/\/byrdgroup.com\/es\/wp-json\/wp\/v2\/product\/16901","targetHints":{"allow":["GET"]}}],"collection":[{"href":"https:\/\/byrdgroup.com\/es\/wp-json\/wp\/v2\/product"}],"about":[{"href":"https:\/\/byrdgroup.com\/es\/wp-json\/wp\/v2\/types\/product"}],"replies":[{"embeddable":true,"href":"https:\/\/byrdgroup.com\/es\/wp-json\/wp\/v2\/comments?post=16901"}],"wp:featuredmedia":[{"embeddable":true,"href":"https:\/\/byrdgroup.com\/es\/wp-json\/wp\/v2\/media\/1169"}],"wp:attachment":[{"href":"https:\/\/byrdgroup.com\/es\/wp-json\/wp\/v2\/media?parent=16901"}],"wp:term":[{"taxonomy":"product_brand","embeddable":true,"href":"https:\/\/byrdgroup.com\/es\/wp-json\/wp\/v2\/product_brand?post=16901"},{"taxonomy":"product_cat","embeddable":true,"href":"https:\/\/byrdgroup.com\/es\/wp-json\/wp\/v2\/product_cat?post=16901"},{"taxonomy":"product_tag","embeddable":true,"href":"https:\/\/byrdgroup.com\/es\/wp-json\/wp\/v2\/product_tag?post=16901"}],"curies":[{"name":"wp","href":"https:\/\/api.w.org\/{rel}","templated":true}]}}