{"id":1321,"date":"2017-11-22T15:27:04","date_gmt":"2017-11-22T15:27:04","guid":{"rendered":"http:\/\/davidbyrdconsulting.com\/?post_type=product&#038;p=1321"},"modified":"2024-07-16T02:37:17","modified_gmt":"2024-07-16T06:37:17","slug":"the-key-to-winning-the-head-game-digital-program-2","status":"publish","type":"product","link":"https:\/\/byrdgroup.com\/es\/producto\/the-key-to-winning-the-head-game-digital-program-2\/","title":{"rendered":"La clave para ganar el juego de la cabeza (programa digital)"},"content":{"rendered":"<p><iframe loading=\"lazy\" src=\"https:\/\/www.youtube.com\/embed\/U1yzb-42rIg\" width=\"350\" height=\"200\" frameborder=\"0\" allowfullscreen=\"allowfullscreen\"><\/iframe><\/p>\n<p>H\u00e1gase estas preguntas:<\/p>\n<ul>\n<li>Sientes\u00a0<strong>abrumado<\/strong>\u00a0\u00bfmucho?<\/li>\n<li>\u00bfTienes pensamientos persistentes de\u00a0<strong>duda y preocupaci\u00f3n<\/strong>?<\/li>\n<li>Vos si\u00a0<strong>pensar<\/strong>\u00a0la forma en que tu<strong>\u00a0sensaci\u00f3n<\/strong>?<\/li>\n<\/ul>\n<p>S\u00e9 que eres un profesional ocupado. Es dif\u00edcil sentarse y pensar en estas cosas cuando la vida y el trabajo te miran a la cara. Usted puede ser\u00a0<strong>temeroso de la decepci\u00f3n\u00a0<\/strong>o tu puedes\u00a0<strong>temer el \u00e9xito\u00a0<\/strong>En realidad podr\u00eda ser como para ti. Si esto suena como t\u00fa, la clave para ganar el juego de la cabeza te ayudar\u00e1.<\/p>\n<p>Recibir\u00e1s acceso a &quot;La clave para ganar el juego de la cabeza&quot;, que incluye una nueva lecci\u00f3n de audio que se publica cada mes durante 12 meses, impartida por el propio David Byrd. Cada lecci\u00f3n de audio tambi\u00e9n se acompa\u00f1a de pasos de acci\u00f3n semanales para descargar para su conveniencia y referencia personales.<\/p>\n<p>Si est\u00e1s listo para alcanzar tu pr\u00f3ximo nivel y vivir tu vida a tu m\u00e1ximo potencial, \u201cLa clave para ganar el juego de la cabeza\u201d es el programa de audio para ti.<\/p>\n<p>\u201cCreo que el juego La clave para ganar la cabeza me ha ayudado a lograr uno de mis sue\u00f1os de toda la vida, al comenzar mi propia organizaci\u00f3n sin fines de lucro. Debido a que tengo una mejor administraci\u00f3n del tiempo y ahora tengo metas muy claras, \u00a1est\u00e1 sucediendo a la velocidad del rayo! \u201d~ Traci B.<\/p>\n<p>\u201cLo que m\u00e1s me llama la atenci\u00f3n es que estoy desarrollando una conciencia de elecci\u00f3n que no ten\u00eda anteriormente. Tener esta conciencia de mi mente subconsciente, me da la oportunidad de tomar un papel m\u00e1s activo y responsable en la creaci\u00f3n de la vida que quiero ... &quot;~ Anne D.<\/p>\n<p>\u201cEstoy muy agradecido de que David Byrd haya presentado este nuevo programa. Es simple ~ Me gusta, es un audio y cualquiera puede escucharlo con una vida muy ocupada. La repetici\u00f3n espaciada y los pasos de acci\u00f3n son simples de hacer. Me siento m\u00e1s concentrado y estoy aprendiendo cosas que nunca antes hab\u00eda escuchado, incluso despu\u00e9s de todos los libros que he le\u00eddo. Realmente ha abierto una forma completamente nueva de pensar y usar mi cerebro de una manera completamente diferente de lo que jam\u00e1s cre\u00ed posible &quot;. ~ Vikki D.<\/p>\n<p>&quot;Tan incre\u00edblemente ocupado como estoy llevando a cabo mis eventos en todo el mundo ... \u00a1esto realmente me est\u00e1 ayudando a lograr mis metas con menos estr\u00e9s y productividad! . &quot;~ Michele A.<\/p>\n<p>\u201cEste curso abrir\u00e1 una nueva perspectiva de la vida. Si eres de mente abierta, es realmente un cambio de vida. Si no lo eres, aprender\u00e1s r\u00e1pidamente por qu\u00e9 te atascas en tus caminos. El desarrollo personal es trabajo. Sin embargo, el enfoque paso a paso de David, durante meses, lo ayuda a crecer en el flujo de cambiar su vida a un ritmo que se puede alcanzar &quot;. ~ George D.<\/p>","protected":false},"excerpt":{"rendered":"<p>\u00bfSab\u00edas? El 90% de nuestros pensamientos son repetitivos. \u00a1Necesitas salir de la zona de confort de la igualdad! Este programa de audio ofrece un a\u00f1o completo de aprendizaje programado en un formato repetitivo espaciado. No hay lectura, solo el audio llena sus pensamientos con la informaci\u00f3n que necesita para crecer constantemente.<\/p>","protected":false},"featured_media":1492,"comment_status":"open","ping_status":"closed","template":"","meta":{"_acf_changed":false},"product_brand":[],"product_cat":[62],"product_tag":[],"class_list":{"0":"post-1321","1":"product","2":"type-product","3":"status-publish","4":"has-post-thumbnail","6":"product_cat-meditation-tools","8":"first","9":"instock","10":"featured","11":"virtual","12":"taxable","13":"purchasable","14":"product-type-simple"},"bundled_by":[],"bundle_stock_status":"instock","bundle_stock_quantity":null,"bundle_virtual":false,"bundle_layout":"","bundle_add_to_cart_form_location":"","bundle_editable_in_cart":false,"bundle_sold_individually_context":"","bundle_item_grouping":"","bundle_min_size":"","bundle_max_size":"","bundle_price":[],"bundled_items":[],"bundle_sell_ids":[],"acf":[],"_links":{"self":[{"href":"https:\/\/byrdgroup.com\/es\/wp-json\/wp\/v2\/product\/1321","targetHints":{"allow":["GET"]}}],"collection":[{"href":"https:\/\/byrdgroup.com\/es\/wp-json\/wp\/v2\/product"}],"about":[{"href":"https:\/\/byrdgroup.com\/es\/wp-json\/wp\/v2\/types\/product"}],"replies":[{"embeddable":true,"href":"https:\/\/byrdgroup.com\/es\/wp-json\/wp\/v2\/comments?post=1321"}],"wp:featuredmedia":[{"embeddable":true,"href":"https:\/\/byrdgroup.com\/es\/wp-json\/wp\/v2\/media\/1492"}],"wp:attachment":[{"href":"https:\/\/byrdgroup.com\/es\/wp-json\/wp\/v2\/media?parent=1321"}],"wp:term":[{"taxonomy":"product_brand","embeddable":true,"href":"https:\/\/byrdgroup.com\/es\/wp-json\/wp\/v2\/product_brand?post=1321"},{"taxonomy":"product_cat","embeddable":true,"href":"https:\/\/byrdgroup.com\/es\/wp-json\/wp\/v2\/product_cat?post=1321"},{"taxonomy":"product_tag","embeddable":true,"href":"https:\/\/byrdgroup.com\/es\/wp-json\/wp\/v2\/product_tag?post=1321"}],"curies":[{"name":"wp","href":"https:\/\/api.w.org\/{rel}","templated":true}]}}