{"id":1061,"date":"2017-10-30T15:15:43","date_gmt":"2017-10-30T15:15:43","guid":{"rendered":"http:\/\/davidbyrdconsulting.com\/?post_type=product&#038;p=1061"},"modified":"2018-04-12T10:05:43","modified_gmt":"2018-04-12T15:05:43","slug":"next-level-11-individual-coaching-3-month-package-planner-not-included","status":"publish","type":"product","link":"https:\/\/byrdgroup.com\/es\/producto\/next-level-11-individual-coaching-3-month-package-planner-not-included\/","title":{"rendered":"Next Level 1:1 Individual Coaching &#8211; 3 Month Package [Planner Not Included]"},"content":{"rendered":"<p><strong>TU PLAN<\/strong><\/p>\n<ul>\n<li><strong>4 mensual privado<\/strong> Sesiones de coaching desde la privacidad de su hogar con Jenni Byrd Grier usando <em>Enfocar<\/em> Videoconferencia online. Las sesiones se llevan a cabo en los horarios que mejor se ajusten a su horario.<\/li>\n<li>Conozca los cimientos del Sistema de Logro de Siguiente Nivel, incluyendo <strong>Visi\u00f3n, planificaci\u00f3n diaria y planificaci\u00f3n mensual. <\/strong><\/li>\n<li>Las sesiones de coaching se pueden personalizar para satisfacer las necesidades del individuo.<\/li>\n<li><strong>$ 1,980 (d\u00f3lares estadounidenses) <\/strong>debe ser pagado en su totalidad antes de la primera sesi\u00f3n.<\/li>\n<\/ul>\n<p>Para m\u00e1s informaci\u00f3n sobre nuestro coaching personalizado, por favor <a href=\"http:\/\/davidbyrdconsulting.com\/personalized-coaching\/\">Cont\u00e1ctenos.<\/a><\/p>","protected":false},"excerpt":{"rendered":"<p>YOUR PLAN 4 monthly private coaching sessions from the privacy of your home with Jenni Byrd Grier using Zoom online video conferencing. Sessions are held at times that best fit your schedule. Learn the foundation of the Next Level Achievement System\u00e2\u201e\u00a2 including Vision, Daily Planning, and Monthly Planning. Coaching sessions can be customized to meet [&hellip;]<\/p>\n","protected":false},"featured_media":1169,"comment_status":"open","ping_status":"closed","template":"","meta":{"_acf_changed":false},"product_brand":[],"product_cat":[61],"product_tag":[],"class_list":{"0":"post-1061","1":"product","2":"type-product","3":"status-publish","4":"has-post-thumbnail","6":"product_cat-coaching-services","8":"first","9":"instock","10":"virtual","11":"taxable","12":"purchasable","13":"product-type-simple"},"bundled_by":[],"bundle_stock_status":"instock","bundle_stock_quantity":null,"bundle_virtual":false,"bundle_layout":"","bundle_add_to_cart_form_location":"","bundle_editable_in_cart":false,"bundle_sold_individually_context":"","bundle_item_grouping":"","bundle_min_size":"","bundle_max_size":"","bundle_price":[],"bundled_items":[],"bundle_sell_ids":[],"acf":[],"_links":{"self":[{"href":"https:\/\/byrdgroup.com\/es\/wp-json\/wp\/v2\/product\/1061","targetHints":{"allow":["GET"]}}],"collection":[{"href":"https:\/\/byrdgroup.com\/es\/wp-json\/wp\/v2\/product"}],"about":[{"href":"https:\/\/byrdgroup.com\/es\/wp-json\/wp\/v2\/types\/product"}],"replies":[{"embeddable":true,"href":"https:\/\/byrdgroup.com\/es\/wp-json\/wp\/v2\/comments?post=1061"}],"wp:featuredmedia":[{"embeddable":true,"href":"https:\/\/byrdgroup.com\/es\/wp-json\/wp\/v2\/media\/1169"}],"wp:attachment":[{"href":"https:\/\/byrdgroup.com\/es\/wp-json\/wp\/v2\/media?parent=1061"}],"wp:term":[{"taxonomy":"product_brand","embeddable":true,"href":"https:\/\/byrdgroup.com\/es\/wp-json\/wp\/v2\/product_brand?post=1061"},{"taxonomy":"product_cat","embeddable":true,"href":"https:\/\/byrdgroup.com\/es\/wp-json\/wp\/v2\/product_cat?post=1061"},{"taxonomy":"product_tag","embeddable":true,"href":"https:\/\/byrdgroup.com\/es\/wp-json\/wp\/v2\/product_tag?post=1061"}],"curies":[{"name":"wp","href":"https:\/\/api.w.org\/{rel}","templated":true}]}}