{"id":1054,"date":"2017-10-30T15:07:13","date_gmt":"2017-10-30T20:07:13","guid":{"rendered":"http:\/\/davidbyrdconsulting.com\/?post_type=product&#038;p=1054"},"modified":"2020-11-17T09:22:41","modified_gmt":"2020-11-17T14:22:41","slug":"spanish-achievement-planner-1-year-set-starter-kit","status":"publish","type":"product","link":"https:\/\/byrdgroup.com\/es\/producto\/spanish-achievement-planner-1-year-set-starter-kit\/","title":{"rendered":"Next Level Achievement System \u2122 Edici\u00f3n en espa\u00f1ol Conjunto de 1 a\u00f1o y KIT DE INICIACI\u00d3N"},"content":{"rendered":"<p>El sistema de logros Next Level Achievement System \u2122 de David Byrd es el resultado de m\u00e1s de 30 a\u00f1os de experiencia y experiencia. Este sistema es f\u00e1cil de entender, de implementar y de duplicar dentro de su organizaci\u00f3n.<\/p>\n<p>Con el Kit de Inicio del Planificador de Logros en Espa\u00f1ol de 1 A\u00f1o, recibir\u00e1 una gu\u00eda de inicio, Gu\u00eda, Audio Instructivo, 6 planificadores en espiral que incluyen 12 meses de Calendario y P\u00e1ginas Diarias, An\u00e1lisis de Eficacia Mensual, Planificador de Conferencias, Hojas de Seguimiento de Indicadores Clave Semanales 1-31 Hojas de seguimiento de d\u00edas, an\u00e1lisis de perspectiva y p\u00e1ginas de notas.<\/p>\n<p>El creador del sistema, David Byrd, describe The Next Level Achievement System \u2122 de esta manera:<\/p>\n<p>\u201c\u00a1El desarrollo efectivo del potencial humano requiere un sistema simple y efectivo que simplemente funcione! Olv\u00eddese de la elegante redacci\u00f3n y todas las campanas y silbidos y busque un sistema probado que ofrezca resultados medibles &quot;.<\/p>","protected":false},"excerpt":{"rendered":"<p style=\"text-align: center;\"><b>Espa\u00f1ol <\/b><b>Paquete\u00a0<\/b><b>de 12 meses<\/b><\/p>\n<p>&nbsp;<\/p>","protected":false},"featured_media":1120,"comment_status":"open","ping_status":"closed","template":"","meta":{"_acf_changed":false},"product_brand":[],"product_cat":[59],"product_tag":[],"class_list":{"0":"post-1054","1":"product","2":"type-product","3":"status-publish","4":"has-post-thumbnail","6":"qsciences-qsciences","7":"product_cat-planners","9":"first","10":"instock","11":"taxable","12":"shipping-taxable","13":"purchasable","14":"product-type-bundle"},"bundled_by":[],"bundle_stock_status":"instock","bundle_stock_quantity":74,"bundle_virtual":false,"bundle_layout":"default","bundle_add_to_cart_form_location":"default","bundle_editable_in_cart":false,"bundle_sold_individually_context":"product","bundle_item_grouping":"parent","bundle_min_size":"","bundle_max_size":"","bundle_price":{"price":{"min":{"incl_tax":"85","excl_tax":"85"},"max":{"incl_tax":"85","excl_tax":"85"}},"regular_price":{"min":{"incl_tax":"85","excl_tax":"85"},"max":{"incl_tax":"85","excl_tax":"85"}}},"bundled_items":[{"bundled_item_id":154,"product_id":998,"menu_order":0,"quantity_min":1,"quantity_max":1,"quantity_default":1,"priced_individually":false,"shipped_individually":false,"override_title":false,"title":"","override_description":false,"description":"","optional":false,"hide_thumbnail":false,"discount":"","override_variations":false,"allowed_variations":[],"override_default_variation_attributes":false,"default_variation_attributes":[],"single_product_visibility":"hidden","cart_visibility":"hidden","order_visibility":"visible","single_product_price_visibility":"visible","cart_price_visibility":"visible","order_price_visibility":"visible","stock_status":"in_stock"},{"bundled_item_id":155,"product_id":996,"menu_order":1,"quantity_min":1,"quantity_max":1,"quantity_default":1,"priced_individually":false,"shipped_individually":false,"override_title":false,"title":"","override_description":false,"description":"","optional":false,"hide_thumbnail":false,"discount":"","override_variations":false,"allowed_variations":[],"override_default_variation_attributes":false,"default_variation_attributes":[],"single_product_visibility":"hidden","cart_visibility":"hidden","order_visibility":"visible","single_product_price_visibility":"visible","cart_price_visibility":"visible","order_price_visibility":"visible","stock_status":"in_stock"},{"bundled_item_id":156,"product_id":1055,"menu_order":2,"quantity_min":1,"quantity_max":1,"quantity_default":1,"priced_individually":false,"shipped_individually":false,"override_title":false,"title":"","override_description":false,"description":"","optional":false,"hide_thumbnail":false,"discount":"","override_variations":false,"allowed_variations":[],"override_default_variation_attributes":false,"default_variation_attributes":[],"single_product_visibility":"hidden","cart_visibility":"hidden","order_visibility":"visible","single_product_price_visibility":"visible","cart_price_visibility":"visible","order_price_visibility":"visible","stock_status":"in_stock"}],"bundle_sell_ids":[],"acf":[],"_links":{"self":[{"href":"https:\/\/byrdgroup.com\/es\/wp-json\/wp\/v2\/product\/1054","targetHints":{"allow":["GET"]}}],"collection":[{"href":"https:\/\/byrdgroup.com\/es\/wp-json\/wp\/v2\/product"}],"about":[{"href":"https:\/\/byrdgroup.com\/es\/wp-json\/wp\/v2\/types\/product"}],"replies":[{"embeddable":true,"href":"https:\/\/byrdgroup.com\/es\/wp-json\/wp\/v2\/comments?post=1054"}],"wp:featuredmedia":[{"embeddable":true,"href":"https:\/\/byrdgroup.com\/es\/wp-json\/wp\/v2\/media\/1120"}],"wp:attachment":[{"href":"https:\/\/byrdgroup.com\/es\/wp-json\/wp\/v2\/media?parent=1054"}],"wp:term":[{"taxonomy":"product_brand","embeddable":true,"href":"https:\/\/byrdgroup.com\/es\/wp-json\/wp\/v2\/product_brand?post=1054"},{"taxonomy":"product_cat","embeddable":true,"href":"https:\/\/byrdgroup.com\/es\/wp-json\/wp\/v2\/product_cat?post=1054"},{"taxonomy":"product_tag","embeddable":true,"href":"https:\/\/byrdgroup.com\/es\/wp-json\/wp\/v2\/product_tag?post=1054"}],"curies":[{"name":"wp","href":"https:\/\/api.w.org\/{rel}","templated":true}]}}