{"id":1015,"date":"2017-10-30T13:28:50","date_gmt":"2017-10-30T13:28:50","guid":{"rendered":"http:\/\/davidbyrdconsulting.com\/?post_type=product&#038;p=1015"},"modified":"2026-04-22T10:35:36","modified_gmt":"2026-04-22T14:35:36","slug":"monthly-calendar-tabs","status":"publish","type":"product","link":"https:\/\/byrdgroup.com\/es\/producto\/monthly-calendar-tabs\/","title":{"rendered":"Calendario Tabs 12 Mes Set"},"content":{"rendered":"<p>Este paquete incluye un conjunto de 12 meses mensuales de calendario \/ mes de un vistazo a las pesta\u00f1as de The Achievement Planner \u2122.<\/p>\n<p>Use las pesta\u00f1as del calendario mensual \/ mes de un vistazo para ingresar todos los eventos programados de tiempo y para planificar el mes.<\/p>\n<p>La p\u00e1gina 1 y la p\u00e1gina 4 de las pesta\u00f1as del calendario mensual se utilizan para planificar su mes y crear sus objetivos personales y empresariales SMART.<\/p>","protected":false},"excerpt":{"rendered":"<p>This package includes a 12-month set of monthly calendar\/month at a glance tabs for The Achievement Planner\u2122. Use the monthly calendar\/month at a glance tabs for entering all time scheduled events and for planning the month. Page 1 and Page 4 of the Monthly Calendar Tabs are used for planning your month and creating your [&hellip;]<\/p>\n","protected":false},"featured_media":1210,"comment_status":"open","ping_status":"closed","template":"","meta":{"_acf_changed":false},"product_brand":[],"product_cat":[59],"product_tag":[],"class_list":{"0":"post-1015","1":"product","2":"type-product","3":"status-publish","4":"has-post-thumbnail","6":"product_cat-planners","8":"first","9":"instock","10":"taxable","11":"shipping-taxable","12":"purchasable","13":"product-type-variable"},"bundled_by":["1000","811","833","1016","1056","825","1187","1188","1189","1190","1014","1201","1202","798","1060","17685","17686","17718","17916","19258","20397","20399","21041","31575","36397","36536","36689","36810"],"bundle_stock_status":"instock","bundle_stock_quantity":null,"bundle_virtual":false,"bundle_layout":"","bundle_add_to_cart_form_location":"","bundle_editable_in_cart":false,"bundle_sold_individually_context":"","bundle_item_grouping":"","bundle_min_size":"","bundle_max_size":"","bundle_price":[],"bundled_items":[],"bundle_sell_ids":[],"acf":[],"_links":{"self":[{"href":"https:\/\/byrdgroup.com\/es\/wp-json\/wp\/v2\/product\/1015","targetHints":{"allow":["GET"]}}],"collection":[{"href":"https:\/\/byrdgroup.com\/es\/wp-json\/wp\/v2\/product"}],"about":[{"href":"https:\/\/byrdgroup.com\/es\/wp-json\/wp\/v2\/types\/product"}],"replies":[{"embeddable":true,"href":"https:\/\/byrdgroup.com\/es\/wp-json\/wp\/v2\/comments?post=1015"}],"wp:featuredmedia":[{"embeddable":true,"href":"https:\/\/byrdgroup.com\/es\/wp-json\/wp\/v2\/media\/1210"}],"wp:attachment":[{"href":"https:\/\/byrdgroup.com\/es\/wp-json\/wp\/v2\/media?parent=1015"}],"wp:term":[{"taxonomy":"product_brand","embeddable":true,"href":"https:\/\/byrdgroup.com\/es\/wp-json\/wp\/v2\/product_brand?post=1015"},{"taxonomy":"product_cat","embeddable":true,"href":"https:\/\/byrdgroup.com\/es\/wp-json\/wp\/v2\/product_cat?post=1015"},{"taxonomy":"product_tag","embeddable":true,"href":"https:\/\/byrdgroup.com\/es\/wp-json\/wp\/v2\/product_tag?post=1015"}],"curies":[{"name":"wp","href":"https:\/\/api.w.org\/{rel}","templated":true}]}}