{"id":1000,"date":"2017-10-25T17:45:28","date_gmt":"2017-10-25T17:45:28","guid":{"rendered":"http:\/\/davidbyrdconsulting.com\/?post_type=product&#038;p=1000"},"modified":"2020-01-30T09:43:35","modified_gmt":"2020-01-30T14:43:35","slug":"nerium-international-elp-the-achievement-planner-deluxe-edition","status":"publish","type":"product","link":"https:\/\/byrdgroup.com\/es\/producto\/nerium-international-elp-the-achievement-planner-deluxe-edition\/","title":{"rendered":"Nerium International ELP The Achievement Planner \u2122 Deluxe Edition"},"content":{"rendered":"<p>El sistema Nerium International Deluxe ELP es el resultado de m\u00e1s de 30 a\u00f1os de experiencia y experiencia. Este sistema es f\u00e1cil de entender, de implementar y de duplicar dentro de su organizaci\u00f3n.<\/p>\n<p>El sistema ELP de lujo incluye la carpeta con cremallera ELP Deluxe, un a\u00f1o completo de calendario y p\u00e1ginas diarias, declaraci\u00f3n de visi\u00f3n, declaraci\u00f3n de misi\u00f3n \/ prop\u00f3sito, proceso de objetivos anuales, seguimiento mensual, planificaci\u00f3n diaria, an\u00e1lisis de la realidad actual, lista de cosas por hacer, evaluaci\u00f3n de efectividad mensual , y hojas de seguimiento de indicadores clave de rendimiento semanal.<\/p>\n<p>Consulte la pesta\u00f1a &#039;Qu\u00e9 hay en la caja&#039; para obtener una lista completa de los elementos incluidos.<\/p>\n<p>El creador del sistema, David Byrd, describe The Complete ELP System de esta manera:<\/p>\n<p>\u201c\u00a1El desarrollo efectivo del potencial humano requiere un sistema simple y efectivo que simplemente funcione! Olv\u00eddese de la elegante redacci\u00f3n y todas las campanas y silbidos, y busque un sistema probado que ofrezca resultados medibles &quot;.<\/p>","protected":false},"excerpt":{"rendered":"<p>The Nerium International Deluxe ELP System is a result of over 30 years of background and hands-on experience. This system is easy to understand, easy to implement, and easy to duplicate within your organization. The Deluxe ELP System includes The ELP Deluxe Zippered Binder, one full year of calendar and daily pages, vision statement, Mission\/Purpose [&hellip;]<\/p>\n","protected":false},"featured_media":1001,"comment_status":"open","ping_status":"closed","template":"","meta":{"_acf_changed":false},"product_brand":[],"product_cat":[76,93],"product_tag":[],"class_list":{"0":"post-1000","1":"product","2":"type-product","3":"status-publish","4":"has-post-thumbnail","6":"product_cat-uncategorized","7":"product_cat-shopremoval","9":"first","10":"instock","11":"taxable","12":"shipping-taxable","13":"product-type-bundle"},"bundled_by":[],"bundle_stock_status":"insufficientstock","bundle_stock_quantity":0,"bundle_virtual":false,"bundle_layout":"default","bundle_add_to_cart_form_location":"default","bundle_editable_in_cart":false,"bundle_sold_individually_context":"product","bundle_item_grouping":"parent","bundle_min_size":"","bundle_max_size":"","bundle_price":{"price":{"min":{"incl_tax":"99.95","excl_tax":"99.95"},"max":{"incl_tax":"99.95","excl_tax":"99.95"}},"regular_price":{"min":{"incl_tax":"99.95","excl_tax":"99.95"},"max":{"incl_tax":"99.95","excl_tax":"99.95"}}},"bundled_items":[{"bundled_item_id":3,"product_id":1015,"menu_order":0,"quantity_min":1,"quantity_max":1,"quantity_default":1,"priced_individually":false,"shipped_individually":false,"override_title":false,"title":"Elija la fecha de inicio","override_description":false,"description":"","optional":false,"hide_thumbnail":false,"discount":"","override_variations":false,"allowed_variations":[],"override_default_variation_attributes":false,"default_variation_attributes":[],"single_product_visibility":"visible","cart_visibility":"visible","order_visibility":"visible","single_product_price_visibility":"visible","cart_price_visibility":"visible","order_price_visibility":"visible","stock_status":"in_stock"},{"bundled_item_id":4,"product_id":1021,"menu_order":1,"quantity_min":1,"quantity_max":1,"quantity_default":1,"priced_individually":false,"shipped_individually":false,"override_title":false,"title":"","override_description":false,"description":"","optional":false,"hide_thumbnail":false,"discount":"","override_variations":false,"allowed_variations":[],"override_default_variation_attributes":false,"default_variation_attributes":[],"single_product_visibility":"hidden","cart_visibility":"hidden","order_visibility":"visible","single_product_price_visibility":"visible","cart_price_visibility":"visible","order_price_visibility":"visible","stock_status":"out_of_stock"},{"bundled_item_id":37,"product_id":1022,"menu_order":2,"quantity_min":1,"quantity_max":1,"quantity_default":1,"priced_individually":false,"shipped_individually":false,"override_title":false,"title":"","override_description":false,"description":"","optional":false,"hide_thumbnail":false,"discount":"","override_variations":false,"allowed_variations":[],"override_default_variation_attributes":false,"default_variation_attributes":[],"single_product_visibility":"hidden","cart_visibility":"hidden","order_visibility":"visible","single_product_price_visibility":"visible","cart_price_visibility":"visible","order_price_visibility":"visible","stock_status":"out_of_stock"},{"bundled_item_id":7,"product_id":994,"menu_order":3,"quantity_min":1,"quantity_max":1,"quantity_default":1,"priced_individually":false,"shipped_individually":false,"override_title":false,"title":"","override_description":false,"description":"","optional":false,"hide_thumbnail":false,"discount":"","override_variations":false,"allowed_variations":[],"override_default_variation_attributes":false,"default_variation_attributes":[],"single_product_visibility":"hidden","cart_visibility":"hidden","order_visibility":"visible","single_product_price_visibility":"visible","cart_price_visibility":"visible","order_price_visibility":"visible","stock_status":"out_of_stock"},{"bundled_item_id":6,"product_id":1023,"menu_order":4,"quantity_min":1,"quantity_max":1,"quantity_default":1,"priced_individually":false,"shipped_individually":false,"override_title":false,"title":"","override_description":false,"description":"","optional":false,"hide_thumbnail":false,"discount":"","override_variations":false,"allowed_variations":[],"override_default_variation_attributes":false,"default_variation_attributes":[],"single_product_visibility":"hidden","cart_visibility":"hidden","order_visibility":"visible","single_product_price_visibility":"visible","cart_price_visibility":"visible","order_price_visibility":"visible","stock_status":"in_stock"},{"bundled_item_id":142,"product_id":1031,"menu_order":5,"quantity_min":1,"quantity_max":1,"quantity_default":1,"priced_individually":false,"shipped_individually":true,"override_title":false,"title":"","override_description":false,"description":"","optional":false,"hide_thumbnail":false,"discount":"","override_variations":false,"allowed_variations":[],"override_default_variation_attributes":false,"default_variation_attributes":[],"single_product_visibility":"hidden","cart_visibility":"hidden","order_visibility":"visible","single_product_price_visibility":"visible","cart_price_visibility":"visible","order_price_visibility":"visible","stock_status":"in_stock"}],"bundle_sell_ids":[],"acf":[],"_links":{"self":[{"href":"https:\/\/byrdgroup.com\/es\/wp-json\/wp\/v2\/product\/1000","targetHints":{"allow":["GET"]}}],"collection":[{"href":"https:\/\/byrdgroup.com\/es\/wp-json\/wp\/v2\/product"}],"about":[{"href":"https:\/\/byrdgroup.com\/es\/wp-json\/wp\/v2\/types\/product"}],"replies":[{"embeddable":true,"href":"https:\/\/byrdgroup.com\/es\/wp-json\/wp\/v2\/comments?post=1000"}],"wp:featuredmedia":[{"embeddable":true,"href":"https:\/\/byrdgroup.com\/es\/wp-json\/wp\/v2\/media\/1001"}],"wp:attachment":[{"href":"https:\/\/byrdgroup.com\/es\/wp-json\/wp\/v2\/media?parent=1000"}],"wp:term":[{"taxonomy":"product_brand","embeddable":true,"href":"https:\/\/byrdgroup.com\/es\/wp-json\/wp\/v2\/product_brand?post=1000"},{"taxonomy":"product_cat","embeddable":true,"href":"https:\/\/byrdgroup.com\/es\/wp-json\/wp\/v2\/product_cat?post=1000"},{"taxonomy":"product_tag","embeddable":true,"href":"https:\/\/byrdgroup.com\/es\/wp-json\/wp\/v2\/product_tag?post=1000"}],"curies":[{"name":"wp","href":"https:\/\/api.w.org\/{rel}","templated":true}]}}